{"id":1671,"date":"2015-03-16T10:18:00","date_gmt":"2015-03-16T13:18:00","guid":{"rendered":"http:\/\/visitadinamarca.com\/tours\/copenhage-total\/"},"modified":"2018-03-19T23:15:47","modified_gmt":"2018-03-20T02:15:47","slug":"copenhage-total","status":"publish","type":"page","link":"https:\/\/visitadinamarca.com\/pt-pt\/tours\/copenhage-total\/","title":{"rendered":"COPENHAGUE TOTAL"},"content":{"rendered":"<div class=\"wpb-content-wrapper\">[mk_page_section bg_image=&#8221;http:\/\/visitadinamarca.com\/wp-content\/uploads\/2015\/03\/Copenhague-Total15001.jpg&#8221; bg_position=&#8221;center center&#8221; bg_repeat=&#8221;no-repeat&#8221; bg_stretch=&#8221;true&#8221; speed_factor=&#8221;5.5&#8243; bg_gradient=&#8221;vertical&#8221; video_color_mask=&#8221;rgba(0,0,0,0.52)&#8221; gr_end=&#8221;rgba(0,0,0,0.34)&#8221; video_opacity=&#8221;0.4&#8243; min_height=&#8221;300&#8243; full_width=&#8221;true&#8221; padding_top=&#8221;0&#8243; padding_bottom=&#8221;20&#8243; sidebar=&#8221;sidebar-1&#8243; first_page=&#8221;false&#8221; last_page=&#8221;false&#8221; predefined_bg=&#8221;26&#8243;][vc_column][mk_padding_divider size=&#8221;120&#8243;][vc_row_inner][vc_column_inner][mk_fancy_title color=&#8221;#ffffff&#8221; size=&#8221;40&#8243; font_weight=&#8221;900&#8243; font_style=&#8221;inhert&#8221; letter_spacing=&#8221;3&#8243; margin_top=&#8221;20&#8243; margin_bottom=&#8221;0&#8243; font_family=&#8221;none&#8221; align=&#8221;center&#8221;]\n<p>COPENHAGUE TOTAL<\/p>\n[\/mk_fancy_title][mk_fancy_title color=&#8221;#ffffff&#8221; size=&#8221;15&#8243; font_weight=&#8221;bolder&#8221; font_style=&#8221;normal&#8221; txt_transform=&#8221;uppercase&#8221; letter_spacing=&#8221;3&#8243; margin_bottom=&#8221;18&#8243; font_family=&#8221;none&#8221; align=&#8221;center&#8221;]\n<p>Visite\u00a0a capital do reino mais antigo do mundo<\/p>\n[\/mk_fancy_title][\/vc_column_inner][\/vc_row_inner][\/vc_column][\/mk_page_section][vc_row][vc_column width=&#8221;1\/6&#8243;][vc_column_text]\n[\/vc_column_text][\/vc_column][vc_column width=&#8221;2\/3&#8243;][mk_padding_divider][vc_column_text css=&#8221;.vc_custom_1521509210822{margin-bottom: 0px !important;}&#8221;]<strong>Copenhague Total:<\/strong> Visita panor\u00e2mica da capital do reino mais antigo do mundo, uma cidade cheia de hist\u00f3ria e vitalidade. Aqui poderemos admirar a famosa est\u00e1tua da Sereiazinha, inspirada na f\u00e1bula de Hans Christian Andersen e s\u00edmbolo da cidade; conheceremos a fonte ornamental de Gefion; o Pal\u00e1cio Real de Amalienborg, de estilo Rococ\u00f3 e resid\u00eancia de inverno da fam\u00edlia real; o porto de Nyhavn, um monumento vivo das tradi\u00e7\u00f5es marinheiras com seus coloridos frontisp\u00edcios; a Catedral Protestante, sede do casamento real do pr\u00edncipe Frederico e Mary Donaldson; a antiga Bolsa de Com\u00e9rcio do Rei-Arquiteto Christian IV, do s\u00e9culo XVII em estilo Renascentista Holand\u00eas; o Pal\u00e1cio de Christiansborg, sede do Parlamento dinamarqu\u00eas; o Diamante Negro (a Biblioteca Real) e seus jardins internos; o parque de divers\u00f5es T\u00edvoli; a Pra\u00e7a da Prefeitura; a \u00d3pera de Copenhague e muito mais.<\/p>\n<p><strong>Dura\u00e7\u00e3o:<\/strong> 3 Horas.<\/p>\n<p><strong>Transporte:<\/strong> ve\u00edculo privado[\/vc_column_text][\/vc_column][vc_column width=&#8221;1\/6&#8243;][mk_padding_divider size=&#8221;45&#8243;][vc_column_text css=&#8221;.vc_custom_1521509434617{margin-bottom: 0px !important;}&#8221;]\n<p style=\"text-align: center; font-size: 10; line-height: 0.5;\">DURA\u00c7AO<\/p>\n<p style=\"text-align: center; font-size: 100px; font-weight: 100; color: #8d2919; line-height: 0.8;\">3<\/p>\n<p style=\"text-align: center; font-size: 10; line-height: 0.8;\">HORAS<\/p>\n<h6 style=\"text-align: center;\"><strong>ve\u00edculo privado<\/strong><\/h6>\n[\/vc_column_text][\/vc_column][\/vc_row][vc_row][vc_column width=&#8221;1\/6&#8243;][vc_column_text]\n[\/vc_column_text][\/vc_column][vc_column width=&#8221;2\/3&#8243;][mk_padding_divider size=&#8221;10&#8243;][mk_flexslider image_height=&#8221;500&#8243; image_width=&#8221;1000&#8243; pause_on_hover=&#8221;true&#8221; caption_bg_color=&#8221;#8c8c8c&#8221; caption_color=&#8221;#ffffff&#8221; slides=&#8221;752,755,743,758,765&#8243;][\/vc_column][vc_column width=&#8221;1\/6&#8243;][vc_column_text]\n[\/vc_column_text][\/vc_column][\/vc_row][vc_row padding=&#8221;0&#8243;][vc_column width=&#8221;1\/6&#8243;][vc_column_text]\n[\/vc_column_text][\/vc_column][vc_column width=&#8221;2\/3&#8243;][vc_column_text]<strong>Extens\u00f5es ao passeio panor\u00e2mico de Copenhague:<\/strong><\/p>\n<p><strong>Castelo de Rosenborg:<\/strong> Constru\u00eddo no in\u00edcio do s\u00e9culo XVII e ainda rodeado de uma atmosfera medieval, ele \u00e9 o pal\u00e1cio real mais antigo da Dinamarca. De estilo Renascentista Holand\u00eas, ele concentra a requintada exibi\u00e7\u00e3o das joias reais, as coroas e os tronos dos monarcas, tanto da \u00e9poca absolutista quanto da monarquia eletiva. Rodeado de lindos jardins, ele \u00e9 o magn\u00edfico Pal\u00e1cio das Rosas, como seu pr\u00f3prio nome o descreve.<\/p>\n<p><strong>Palacio de Christiansborg:<\/strong> \u00c9 a sede do Parlamento dinamarqu\u00eas. Aqui se encontram os imponentes sal\u00f5es de Representa\u00e7\u00e3o Real, onde a rainha Margarita recebe dignit\u00e1rios estrangeiros, banquetes s\u00e3o organizados e os benepl\u00e1citos aos embaixadores credenciados no pa\u00eds s\u00e3o concedidos. No Great Hall s\u00e3o exibidos os famosos gobelins (tape\u00e7arias) que descrevem a hist\u00f3ria da Dinamarca.<\/p>\n<p><strong>Passeio pelos canais:<\/strong> A capital dinamarquesa \u00e9 ainda mais deslumbrante a partir de seus cursos d\u00b4\u00e1gua. Imperd\u00edvel complemento da visita panor\u00e2mica da cidade. Percorrer Copenhague atrav\u00e9s de seus canais permite que possamos descobrir o esp\u00edrito mais \u00edntimo da cidade e nos fornece uma experi\u00eancia amena e detalhada dessa metr\u00f3pole t\u00e3o ligada \u00e0 navega\u00e7\u00e3o, \u00e0s atividades pesqueiras e ao mar.[\/vc_column_text][\/vc_column][vc_column width=&#8221;1\/6&#8243;][vc_column_text]\n[\/vc_column_text][\/vc_column][\/vc_row][mk_page_section min_height=&#8221;0&#8243; sidebar=&#8221;sidebar-1&#8243; first_page=&#8221;false&#8221; last_page=&#8221;false&#8221;][vc_column offset=&#8221;vc_hidden-md vc_hidden-sm&#8221;][mk_divider style=&#8221;thin_solid&#8221; margin_top=&#8221;0&#8243; margin_bottom=&#8221;10&#8243;][vc_row_inner][vc_column_inner][mk_fancy_title tag_name=&#8221;h6&#8243; color=&#8221;#686262&#8243; size=&#8221;30&#8243; font_weight=&#8221;300&#8243; font_style=&#8221;inhert&#8221; txt_transform=&#8221;uppercase&#8221; margin_bottom=&#8221;0&#8243; font_family=&#8221;none&#8221;]\n<p>todos os passeios<\/p>\n[\/mk_fancy_title][\/vc_column_inner][\/vc_row_inner][vc_row_inner][vc_column_inner width=&#8221;1\/6&#8243;][mk_image src=&#8221;http:\/\/visitadinamarca.com\/wp-content\/uploads\/2015\/04\/Copenhague-Total300.jpg&#8221; image_width=&#8221;300&#8243; image_height=&#8221;200&#8243; link=&#8221;http:\/\/visitadinamarca.com\/pt-br\/tours\/copenhagen-total\/&#8221; crop=&#8221;false&#8221;][mk_fancy_title tag_name=&#8221;h6&#8243; color=&#8221;#939190&#8243; size=&#8221;18&#8243; font_weight=&#8221;bold&#8221; font_style=&#8221;inhert&#8221; txt_transform=&#8221;uppercase&#8221; margin_bottom=&#8221;0&#8243; font_family=&#8221;none&#8221;]\n<p><strong><a title=\"COPENHAGUE TOTAL\" href=\"http:\/\/visitadinamarca.com\/pt-br\/tours\/copenhage-total\/\">Copenhague Total<\/a><\/strong><\/p>\n[\/mk_fancy_title][mk_fancy_title tag_name=&#8221;h6&#8243; color=&#8221;#939190&#8243; size=&#8221;13&#8243; txt_transform=&#8221;none&#8221; margin_bottom=&#8221;0&#8243; font_family=&#8221;none&#8221;]<strong>Dura\u00e7\u00e3o:<\/strong> 3 Horas.<br \/>\n<strong>Transporte:<\/strong> ve\u00edculo privado.<br \/>\n<strong>Extens\u00f5es:<\/strong><br \/>\nCastelo de Rosenborg<br \/>\nPalacio de Christiansborg<br \/>\nPasseio pelos canais[\/mk_fancy_title][\/vc_column_inner][vc_column_inner width=&#8221;1\/6&#8243;][mk_image src=&#8221;http:\/\/visitadinamarca.com\/wp-content\/uploads\/2015\/04\/Copenhague-a-pie300.jpg&#8221; image_width=&#8221;300&#8243; image_height=&#8221;200&#8243; link=&#8221;http:\/\/visitadinamarca.com\/pt-br\/tours\/copenhagen-panoramico\/&#8221; crop=&#8221;false&#8221;][mk_fancy_title tag_name=&#8221;h6&#8243; color=&#8221;#939190&#8243; size=&#8221;18&#8243; font_weight=&#8221;bold&#8221; font_style=&#8221;inhert&#8221; txt_transform=&#8221;uppercase&#8221; margin_bottom=&#8221;0&#8243; font_family=&#8221;none&#8221;]\n<p><strong><a title=\"COPENHAGUE PANOR\u00c1MICO\" href=\"http:\/\/visitadinamarca.com\/pt-br\/tours\/copenhage-panoramico\/\">Copenhague Panor\u00e2mico<\/a><\/strong><\/p>\n[\/mk_fancy_title][mk_fancy_title tag_name=&#8221;h6&#8243; color=&#8221;#939190&#8243; size=&#8221;13&#8243; txt_transform=&#8221;none&#8221; margin_bottom=&#8221;0&#8243; font_family=&#8221;none&#8221;]<strong>Dura\u00e7\u00e3o:<\/strong> 3 Horas.<br \/>\n<strong>Transporte:\u00a0<\/strong>A p\u00e9.<br \/>\n<strong>Extens\u00f5es:<\/strong><br \/>\nCastelo de Rosenborg<br \/>\nPalacio de Christiansborg[\/mk_fancy_title][\/vc_column_inner][vc_column_inner width=&#8221;1\/6&#8243;][mk_image src=&#8221;http:\/\/visitadinamarca.com\/wp-content\/uploads\/2015\/04\/CastillosTours300.jpg&#8221; image_width=&#8221;300&#8243; image_height=&#8221;200&#8243; link=&#8221;http:\/\/visitadinamarca.com\/pt-br\/tours\/tour-dos-castelos\/&#8221; crop=&#8221;false&#8221;][mk_fancy_title tag_name=&#8221;h6&#8243; color=&#8221;#939190&#8243; size=&#8221;18&#8243; font_weight=&#8221;bold&#8221; font_style=&#8221;inhert&#8221; txt_transform=&#8221;uppercase&#8221; margin_bottom=&#8221;0&#8243; font_family=&#8221;none&#8221;]\n<p><a title=\"TOUR DOS CASTELOS\" href=\"http:\/\/visitadinamarca.com\/pt-br\/tours\/tour-dos-castelos\/\">Tour dos Castelos<\/a><\/p>\n[\/mk_fancy_title][mk_fancy_title tag_name=&#8221;h6&#8243; color=&#8221;#939190&#8243; size=&#8221;13&#8243; txt_transform=&#8221;none&#8221; margin_bottom=&#8221;0&#8243; font_family=&#8221;none&#8221;]<strong>Dura\u00e7\u00e3o:<\/strong>\u00a05 Horas.<br \/>\n<strong>Transporte:<\/strong> ve\u00edculo privado.<br \/>\nCastelo de Frederiksborg<br \/>\nCastelo de Kronborg[\/mk_fancy_title][\/vc_column_inner][vc_column_inner width=&#8221;1\/6&#8243;][mk_image src=&#8221;http:\/\/visitadinamarca.com\/wp-content\/uploads\/2015\/04\/Roskilde300.jpg&#8221; image_width=&#8221;300&#8243; image_height=&#8221;200&#8243; link=&#8221;http:\/\/visitadinamarca.com\/pt-br\/tours\/roskilde-e-museu-dos-barcos-viquingues\/&#8221; crop=&#8221;false&#8221;][mk_fancy_title tag_name=&#8221;h6&#8243; color=&#8221;#939190&#8243; size=&#8221;18&#8243; font_weight=&#8221;bold&#8221; font_style=&#8221;inhert&#8221; txt_transform=&#8221;uppercase&#8221; margin_bottom=&#8221;0&#8243; font_family=&#8221;none&#8221;]\n<p><a title=\"ROSKILDE E MUSEU DOS BARCOS VIQUINGUES\" href=\"http:\/\/visitadinamarca.com\/pt-br\/tours\/roskilde-e-museu-dos-barcos-viquingues\/\">Roskilde e Museu dos barcos Viquingues<\/a><\/p>\n[\/mk_fancy_title][mk_fancy_title tag_name=&#8221;h6&#8243; color=&#8221;#939190&#8243; size=&#8221;13&#8243; txt_transform=&#8221;none&#8221; margin_bottom=&#8221;0&#8243; font_family=&#8221;none&#8221;]<strong>Dura\u00e7\u00e3o:\u00a0<\/strong>5\u00a0Horas.<br \/>\n<strong>Transporte:<\/strong> ve\u00edculo privado.<br \/>\nCatedral de Roskilde<br \/>\nMuseu dos barcos Viquingues[\/mk_fancy_title][\/vc_column_inner][vc_column_inner width=&#8221;1\/6&#8243;][mk_image src=&#8221;http:\/\/visitadinamarca.com\/wp-content\/uploads\/2015\/04\/Malmo300.jpg&#8221; image_width=&#8221;300&#8243; image_height=&#8221;200&#8243; link=&#8221;http:\/\/visitadinamarca.com\/pt-br\/tours\/excursao-a-malmo\/&#8221; crop=&#8221;false&#8221;][mk_fancy_title tag_name=&#8221;h6&#8243; color=&#8221;#939190&#8243; size=&#8221;18&#8243; font_weight=&#8221;bold&#8221; font_style=&#8221;inhert&#8221; txt_transform=&#8221;uppercase&#8221; margin_bottom=&#8221;0&#8243; font_family=&#8221;none&#8221;]\n<p><a title=\"MALM\u00d6\" href=\"http:\/\/visitadinamarca.com\/pt-br\/tours\/excursao-a-malmo\/\">Excurs\u00e2o a Malm\u00f6<\/a><\/p>\n[\/mk_fancy_title][mk_fancy_title tag_name=&#8221;h6&#8243; color=&#8221;#939190&#8243; size=&#8221;13&#8243; txt_transform=&#8221;none&#8221; margin_bottom=&#8221;0&#8243; font_family=&#8221;none&#8221;]<strong>Dura\u00e7\u00e3o:\u00a0<\/strong>6\u00a0Horas.<br \/>\n<strong>Transporte:<\/strong> ve\u00edculo privado.<br \/>\n\u00d8resund<br \/>\nDrag\u00f8r[\/mk_fancy_title][\/vc_column_inner][vc_column_inner width=&#8221;1\/6&#8243;][mk_image src=&#8221;http:\/\/visitadinamarca.com\/wp-content\/uploads\/2015\/04\/Odense300.jpg&#8221; image_width=&#8221;300&#8243; image_height=&#8221;200&#8243; custom_lightbox=&#8221;http:\/\/visitadinamarca.com\/pt-br\/tours\/tour-a-egeskov-e-odense\/&#8221; link=&#8221;http:\/\/visitadinamarca.com\/pt-br\/tours\/tour-a-egeskov-e-odense\/&#8221; crop=&#8221;false&#8221;][mk_fancy_title tag_name=&#8221;h6&#8243; color=&#8221;#939190&#8243; size=&#8221;18&#8243; font_weight=&#8221;bold&#8221; font_style=&#8221;inhert&#8221; txt_transform=&#8221;uppercase&#8221; margin_bottom=&#8221;0&#8243; font_family=&#8221;none&#8221;]\n<p><a title=\"EGESKOV E ODENSE\" href=\"http:\/\/visitadinamarca.com\/pt-br\/tours\/tour-a-egeskov-e-odense\/\">Tour a Egeskov e Odense<\/a><\/p>\n[\/mk_fancy_title][mk_fancy_title tag_name=&#8221;h6&#8243; color=&#8221;#939190&#8243; size=&#8221;13&#8243; txt_transform=&#8221;none&#8221; margin_bottom=&#8221;0&#8243; font_family=&#8221;none&#8221;]<strong>Dura\u00e7\u00e3o:\u00a0<\/strong>10\u00a0Horas.<br \/>\n<strong>Transporte:<\/strong> ve\u00edculo privado.<br \/>\nPasseio \u00e0 Ilha de Fiona<br \/>\n<span style=\"line-height: 1.5;\">Casa de Hans C. Andersen<\/span>[\/mk_fancy_title][\/vc_column_inner][\/vc_row_inner][vc_row_inner][vc_column_inner][mk_divider style=&#8221;thin_solid&#8221; margin_top=&#8221;5&#8243;][mk_fancy_title tag_name=&#8221;h6&#8243; color=&#8221;#939190&#8243; size=&#8221;18&#8243; font_weight=&#8221;bold&#8221; font_style=&#8221;inhert&#8221; txt_transform=&#8221;uppercase&#8221; margin_bottom=&#8221;0&#8243; font_family=&#8221;none&#8221;]\n<p><a title=\"Tours personalizados\" href=\"http:\/\/visitadinamarca.com\/pt-br\/tours-personalizadas\/\">Diga o que voc\u00ea quer saber e vamos projetar seu passeio na Dinamarca.<\/a><\/p>\n[\/mk_fancy_title][mk_padding_divider size=&#8221;25&#8243;][\/vc_column_inner][\/vc_row_inner][\/vc_column][\/mk_page_section][mk_page_section min_height=&#8221;0&#8243; sidebar=&#8221;sidebar-1&#8243; first_page=&#8221;false&#8221; last_page=&#8221;false&#8221;][vc_column offset=&#8221;vc_hidden-lg vc_hidden-xs&#8221;][mk_divider style=&#8221;thin_solid&#8221; margin_top=&#8221;0&#8243; margin_bottom=&#8221;10&#8243;][vc_row_inner][vc_column_inner][mk_fancy_title tag_name=&#8221;h6&#8243; color=&#8221;#686262&#8243; size=&#8221;30&#8243; font_weight=&#8221;300&#8243; font_style=&#8221;inhert&#8221; txt_transform=&#8221;uppercase&#8221; margin_bottom=&#8221;0&#8243; font_family=&#8221;none&#8221;]\n<p>todos os passeios<\/p>\n[\/mk_fancy_title][\/vc_column_inner][\/vc_row_inner][vc_row_inner][vc_column_inner width=&#8221;1\/3&#8243;][mk_image src=&#8221;http:\/\/visitadinamarca.com\/wp-content\/uploads\/2015\/04\/Copenhague-Total300.jpg&#8221; image_width=&#8221;300&#8243; image_height=&#8221;200&#8243; link=&#8221;http:\/\/visitadinamarca.com\/pt-br\/tours\/copenhagen-total\/&#8221; crop=&#8221;false&#8221;][mk_fancy_title tag_name=&#8221;h6&#8243; color=&#8221;#939190&#8243; size=&#8221;18&#8243; font_weight=&#8221;bold&#8221; font_style=&#8221;inhert&#8221; txt_transform=&#8221;uppercase&#8221; margin_bottom=&#8221;0&#8243; font_family=&#8221;none&#8221;]\n<p><strong><a title=\"COPENHAGUE TOTAL\" href=\"http:\/\/visitadinamarca.com\/pt-br\/tours\/copenhage-total\/\">Copenhague Total<\/a><\/strong><\/p>\n[\/mk_fancy_title][mk_fancy_title tag_name=&#8221;h6&#8243; color=&#8221;#939190&#8243; size=&#8221;13&#8243; txt_transform=&#8221;none&#8221; margin_bottom=&#8221;0&#8243; font_family=&#8221;none&#8221;]<strong>Dura\u00e7\u00e3o:<\/strong> 3 Horas.<br \/>\n<strong>Transporte:<\/strong> ve\u00edculo privado.<br \/>\n<strong>Extens\u00f5es:<\/strong><br \/>\nCastelo de Rosenborg<br \/>\nPalacio de Christiansborg<br \/>\nPasseio pelos canais[\/mk_fancy_title][\/vc_column_inner][vc_column_inner width=&#8221;1\/3&#8243;][mk_image src=&#8221;http:\/\/visitadinamarca.com\/wp-content\/uploads\/2015\/04\/Copenhague-a-pie300.jpg&#8221; image_width=&#8221;300&#8243; image_height=&#8221;200&#8243; link=&#8221;http:\/\/visitadinamarca.com\/pt-br\/tours\/copenhagen-panoramico\/&#8221; crop=&#8221;false&#8221;][mk_fancy_title tag_name=&#8221;h6&#8243; color=&#8221;#939190&#8243; size=&#8221;18&#8243; font_weight=&#8221;bold&#8221; font_style=&#8221;inhert&#8221; txt_transform=&#8221;uppercase&#8221; margin_bottom=&#8221;0&#8243; font_family=&#8221;none&#8221;]\n<p><strong><a title=\"COPENHAGUE PANOR\u00c1MICO\" href=\"http:\/\/visitadinamarca.com\/pt-br\/tours\/copenhage-panoramico\/\">Copenhague Panor\u00e2mico<\/a><\/strong><\/p>\n[\/mk_fancy_title][mk_fancy_title tag_name=&#8221;h6&#8243; color=&#8221;#939190&#8243; size=&#8221;13&#8243; txt_transform=&#8221;none&#8221; margin_bottom=&#8221;0&#8243; font_family=&#8221;none&#8221;]<strong>Dura\u00e7\u00e3o:<\/strong> 3 Horas.<br \/>\n<strong>Transporte:\u00a0<\/strong>A p\u00e9.<br \/>\n<strong>Extens\u00f5es:<\/strong><br \/>\nCastelo de Rosenborg<br \/>\nPalacio de Christiansborg[\/mk_fancy_title][\/vc_column_inner][vc_column_inner width=&#8221;1\/3&#8243;][mk_image src=&#8221;http:\/\/visitadinamarca.com\/wp-content\/uploads\/2015\/04\/CastillosTours300.jpg&#8221; image_width=&#8221;300&#8243; image_height=&#8221;200&#8243; link=&#8221;http:\/\/visitadinamarca.com\/pt-br\/tours\/tour-dos-castelos\/&#8221; crop=&#8221;false&#8221;][mk_fancy_title tag_name=&#8221;h6&#8243; color=&#8221;#939190&#8243; size=&#8221;18&#8243; font_weight=&#8221;bold&#8221; font_style=&#8221;inhert&#8221; txt_transform=&#8221;uppercase&#8221; margin_bottom=&#8221;0&#8243; font_family=&#8221;none&#8221;]\n<p><a title=\"TOUR DOS CASTELOS\" href=\"http:\/\/visitadinamarca.com\/pt-br\/tours\/tour-dos-castelos\/\">Tour dos Castelos<\/a><\/p>\n[\/mk_fancy_title][mk_fancy_title tag_name=&#8221;h6&#8243; color=&#8221;#939190&#8243; size=&#8221;13&#8243; txt_transform=&#8221;none&#8221; margin_bottom=&#8221;0&#8243; font_family=&#8221;none&#8221;]<strong>Dura\u00e7\u00e3o:<\/strong>\u00a05 Horas.<br \/>\n<strong>Transporte:<\/strong> ve\u00edculo privado.<br \/>\nCastelo de Frederiksborg<br \/>\nCastelo de Kronborg[\/mk_fancy_title][\/vc_column_inner][\/vc_row_inner][vc_row_inner][vc_column_inner width=&#8221;1\/3&#8243;][mk_image src=&#8221;http:\/\/visitadinamarca.com\/wp-content\/uploads\/2015\/04\/Roskilde300.jpg&#8221; image_width=&#8221;300&#8243; image_height=&#8221;200&#8243; link=&#8221;http:\/\/visitadinamarca.com\/pt-br\/tours\/roskilde-e-museu-dos-barcos-viquingues\/&#8221; crop=&#8221;false&#8221;][mk_fancy_title tag_name=&#8221;h6&#8243; color=&#8221;#939190&#8243; size=&#8221;18&#8243; font_weight=&#8221;bold&#8221; font_style=&#8221;inhert&#8221; txt_transform=&#8221;uppercase&#8221; margin_bottom=&#8221;0&#8243; font_family=&#8221;none&#8221;]\n<p><a title=\"ROSKILDE E MUSEU DOS BARCOS VIQUINGUES\" href=\"http:\/\/visitadinamarca.com\/pt-br\/tours\/roskilde-e-museu-dos-barcos-viquingues\/\">Roskilde e Museu dos barcos Viquingues<\/a><\/p>\n[\/mk_fancy_title][mk_fancy_title tag_name=&#8221;h6&#8243; color=&#8221;#939190&#8243; size=&#8221;13&#8243; txt_transform=&#8221;none&#8221; margin_bottom=&#8221;0&#8243; font_family=&#8221;none&#8221;]<strong>Dura\u00e7\u00e3o:\u00a0<\/strong>5\u00a0Horas.<br \/>\n<strong>Transporte:<\/strong> ve\u00edculo privado.<br \/>\nCatedral de Roskilde<br \/>\nMuseu dos barcos Viquingues[\/mk_fancy_title][\/vc_column_inner][vc_column_inner width=&#8221;1\/3&#8243;][mk_image src=&#8221;http:\/\/visitadinamarca.com\/wp-content\/uploads\/2015\/04\/Malmo300.jpg&#8221; image_width=&#8221;300&#8243; image_height=&#8221;200&#8243; link=&#8221;http:\/\/visitadinamarca.com\/pt-br\/tours\/excursao-a-malmo\/&#8221; crop=&#8221;false&#8221;][mk_fancy_title tag_name=&#8221;h6&#8243; color=&#8221;#939190&#8243; size=&#8221;18&#8243; font_weight=&#8221;bold&#8221; font_style=&#8221;inhert&#8221; txt_transform=&#8221;uppercase&#8221; margin_bottom=&#8221;0&#8243; font_family=&#8221;none&#8221;]\n<p><a title=\"MALM\u00d6\" href=\"http:\/\/visitadinamarca.com\/pt-br\/tours\/excursao-a-malmo\/\">Excurs\u00e2o a Malm\u00f6<\/a><\/p>\n[\/mk_fancy_title][mk_fancy_title tag_name=&#8221;h6&#8243; color=&#8221;#939190&#8243; size=&#8221;13&#8243; txt_transform=&#8221;none&#8221; margin_bottom=&#8221;0&#8243; font_family=&#8221;none&#8221;]<strong>Dura\u00e7\u00e3o:\u00a0<\/strong>6\u00a0Horas.<br \/>\n<strong>Transporte:<\/strong> ve\u00edculo privado.<br \/>\n\u00d8resund<br \/>\nDrag\u00f8r[\/mk_fancy_title][\/vc_column_inner][vc_column_inner width=&#8221;1\/3&#8243;][mk_image src=&#8221;http:\/\/visitadinamarca.com\/wp-content\/uploads\/2015\/04\/Odense300.jpg&#8221; image_width=&#8221;300&#8243; image_height=&#8221;200&#8243; custom_lightbox=&#8221;http:\/\/visitadinamarca.com\/pt-br\/tours\/tour-a-egeskov-e-odense\/&#8221; link=&#8221;http:\/\/visitadinamarca.com\/pt-br\/tours\/tour-a-egeskov-e-odense\/&#8221; crop=&#8221;false&#8221;][mk_fancy_title tag_name=&#8221;h6&#8243; color=&#8221;#939190&#8243; size=&#8221;18&#8243; font_weight=&#8221;bold&#8221; font_style=&#8221;inhert&#8221; txt_transform=&#8221;uppercase&#8221; margin_bottom=&#8221;0&#8243; font_family=&#8221;none&#8221;]\n<p><a title=\"EGESKOV E ODENSE\" href=\"http:\/\/visitadinamarca.com\/pt-br\/tours\/tour-a-egeskov-e-odense\/\">Tour a Egeskov e Odense<\/a><\/p>\n[\/mk_fancy_title][mk_fancy_title tag_name=&#8221;h6&#8243; color=&#8221;#939190&#8243; size=&#8221;13&#8243; txt_transform=&#8221;none&#8221; margin_bottom=&#8221;0&#8243; font_family=&#8221;none&#8221;]<strong>Dura\u00e7\u00e3o:\u00a0<\/strong>10\u00a0Horas.<br \/>\n<strong>Transporte:<\/strong> ve\u00edculo privado.<br \/>\nPasseio \u00e0 Ilha de Fiona<br \/>\n<span style=\"line-height: 1.5;\">Casa de Hans C. Andersen<\/span>[\/mk_fancy_title][\/vc_column_inner][\/vc_row_inner][vc_row_inner][vc_column_inner][mk_divider style=&#8221;thin_solid&#8221; margin_top=&#8221;5&#8243;][mk_fancy_title tag_name=&#8221;h6&#8243; color=&#8221;#939190&#8243; size=&#8221;18&#8243; font_weight=&#8221;bold&#8221; font_style=&#8221;inhert&#8221; txt_transform=&#8221;uppercase&#8221; margin_bottom=&#8221;0&#8243; font_family=&#8221;none&#8221;]\n<p><a title=\"Tours personalizados\" href=\"http:\/\/visitadinamarca.com\/pt-br\/tours-personalizadas\/\">Diga o que voc\u00ea quer saber e vamos projetar seu passeio na Dinamarca.<\/a><\/p>\n[\/mk_fancy_title][mk_padding_divider size=&#8221;25&#8243;][\/vc_column_inner][\/vc_row_inner][\/vc_column][\/mk_page_section]\n<\/div>","protected":false},"excerpt":{"rendered":"<p>[mk_page_section bg_image=&#8221;http:\/\/visitadinamarca.com\/wp-content\/uploads\/2015\/03\/Copenhague-Total15001.jpg&#8221; bg_position=&#8221;center center&#8221; bg_repeat=&#8221;no-repeat&#8221; bg_stretch=&#8221;true&#8221; speed_factor=&#8221;5.5&#8243; bg_gradient=&#8221;vertical&#8221; video_color_mask=&#8221;rgba(0,0,0,0.52)&#8221; gr_end=&#8221;rgba(0,0,0,0.34)&#8221; video_opacity=&#8221;0.4&#8243; min_height=&#8221;300&#8243; full_width=&#8221;true&#8221; padding_top=&#8221;0&#8243; padding_bottom=&#8221;20&#8243; sidebar=&#8221;sidebar-1&#8243; first_page=&#8221;false&#8221; last_page=&#8221;false&#8221; predefined_bg=&#8221;26&#8243;][vc_column][mk_padding_divider size=&#8221;120&#8243;][vc_row_inner][vc_column_inner][mk_fancy_title color=&#8221;#ffffff&#8221; size=&#8221;40&#8243; font_weight=&#8221;900&#8243; font_style=&#8221;inhert&#8221; letter_spacing=&#8221;3&#8243; margin_top=&#8221;20&#8243; margin_bottom=&#8221;0&#8243; font_family=&#8221;none&#8221; align=&#8221;center&#8221;] COPENHAGUE TOTAL [\/mk_fancy_title][mk_fancy_title color=&#8221;#ffffff&#8221; size=&#8221;15&#8243; font_weight=&#8221;bolder&#8221; font_style=&#8221;normal&#8221; txt_transform=&#8221;uppercase&#8221; letter_spacing=&#8221;3&#8243; margin_bottom=&#8221;18&#8243; font_family=&#8221;none&#8221; align=&#8221;center&#8221;] Visite\u00a0a capital do reino mais antigo do mundo [\/mk_fancy_title][\/vc_column_inner][\/vc_row_inner][\/vc_column][\/mk_page_section][vc_row][vc_column width=&#8221;1\/6&#8243;][vc_column_text] [\/vc_column_text][\/vc_column][vc_column width=&#8221;2\/3&#8243;][mk_padding_divider][vc_column_text css=&#8221;.vc_custom_1521509210822{margin-bottom: 0px [&hellip;]<\/p>\n","protected":false},"author":9,"featured_media":0,"parent":1661,"menu_order":0,"comment_status":"open","ping_status":"open","template":"","meta":{"footnotes":""},"class_list":["post-1671","page","type-page","status-publish","hentry"],"_links":{"self":[{"href":"https:\/\/visitadinamarca.com\/pt-pt\/wp-json\/wp\/v2\/pages\/1671","targetHints":{"allow":["GET"]}}],"collection":[{"href":"https:\/\/visitadinamarca.com\/pt-pt\/wp-json\/wp\/v2\/pages"}],"about":[{"href":"https:\/\/visitadinamarca.com\/pt-pt\/wp-json\/wp\/v2\/types\/page"}],"author":[{"embeddable":true,"href":"https:\/\/visitadinamarca.com\/pt-pt\/wp-json\/wp\/v2\/users\/9"}],"replies":[{"embeddable":true,"href":"https:\/\/visitadinamarca.com\/pt-pt\/wp-json\/wp\/v2\/comments?post=1671"}],"version-history":[{"count":5,"href":"https:\/\/visitadinamarca.com\/pt-pt\/wp-json\/wp\/v2\/pages\/1671\/revisions"}],"predecessor-version":[{"id":2345,"href":"https:\/\/visitadinamarca.com\/pt-pt\/wp-json\/wp\/v2\/pages\/1671\/revisions\/2345"}],"up":[{"embeddable":true,"href":"https:\/\/visitadinamarca.com\/pt-pt\/wp-json\/wp\/v2\/pages\/1661"}],"wp:attachment":[{"href":"https:\/\/visitadinamarca.com\/pt-pt\/wp-json\/wp\/v2\/media?parent=1671"}],"curies":[{"name":"wp","href":"https:\/\/api.w.org\/{rel}","templated":true}]}}