{"id":1538,"date":"2015-04-18T23:59:35","date_gmt":"2015-04-19T02:59:35","guid":{"rendered":"http:\/\/visitadinamarca.com\/?page_id=1538"},"modified":"2019-02-13T06:54:06","modified_gmt":"2019-02-13T09:54:06","slug":"roskilde-e-museu-dos-barcos-viquingues","status":"publish","type":"page","link":"https:\/\/visitadinamarca.com\/pt-br\/tours\/roskilde-e-museu-dos-barcos-viquingues\/","title":{"rendered":"ROSKILDE E MUSEU DOS BARCOS VIQUINGUES"},"content":{"rendered":"<div class=\"wpb-content-wrapper\">[mk_page_section bg_image=&#8221;http:\/\/visitadinamarca.com\/wp-content\/uploads\/2015\/04\/Roskilde1500.jpg&#8221; bg_position=&#8221;center bottom&#8221; bg_repeat=&#8221;no-repeat&#8221; bg_stretch=&#8221;true&#8221; speed_factor=&#8221;5.5&#8243; bg_gradient=&#8221;vertical&#8221; video_color_mask=&#8221;rgba(0,0,0,0.52)&#8221; gr_end=&#8221;rgba(221,133,0,0.73)&#8221; video_opacity=&#8221;0.4&#8243; min_height=&#8221;300&#8243; full_width=&#8221;true&#8221; padding_top=&#8221;0&#8243; padding_bottom=&#8221;20&#8243; sidebar=&#8221;sidebar-1&#8243; first_page=&#8221;false&#8221; last_page=&#8221;false&#8221; predefined_bg=&#8221;26&#8243;][vc_column][mk_padding_divider size=&#8221;120&#8243;][vc_row_inner][vc_column_inner][mk_fancy_title color=&#8221;#ffffff&#8221; size=&#8221;40&#8243; font_weight=&#8221;900&#8243; letter_spacing=&#8221;3&#8243; margin_top=&#8221;20&#8243; margin_bottom=&#8221;0&#8243; font_family=&#8221;none&#8221; align=&#8221;center&#8221;]ROSKILDE E MUSEU DOS BARCOS VIKINGUES[\/mk_fancy_title][mk_fancy_title color=&#8221;#ffffff&#8221; size=&#8221;15&#8243; font_weight=&#8221;bolder&#8221; font_style=&#8221;normal&#8221; txt_transform=&#8221;uppercase&#8221; letter_spacing=&#8221;3&#8243; margin_bottom=&#8221;18&#8243; font_family=&#8221;none&#8221; align=&#8221;center&#8221;]\n<p>Visita\u00a0\u00e0\u00a0antiga capital do Reino da Dinamarca ate o S\u00e9culo XV<\/p>\n[\/mk_fancy_title][\/vc_column_inner][\/vc_row_inner][\/vc_column][\/mk_page_section][vc_row][vc_column width=&#8221;1\/6&#8243;][vc_column_text]\n[\/vc_column_text][\/vc_column][vc_column width=&#8221;2\/3&#8243;][mk_padding_divider][vc_column_text css=&#8221;.vc_custom_1521511198169{margin-bottom: 0px !important;}&#8221;]<strong>Roskilde e os Viquingues:<\/strong> A hist\u00f3rica cidade de Roskilde, localizada na beira do fiorde e a uma dist\u00e2ncia de 42 km da cidade de Copenhague, foi a antiga capital do reino da Dinamarca at\u00e9 o s\u00e9culo XV. Atualmente, nela se encontra a Catedral mais importante do pa\u00eds e o famigerado Museu dos Barcos Viquingues Dinamarqueses.<\/p>\n<p><strong>Catedral de Roskilde:<\/strong> Constru\u00edda com tijolos aparentes no s\u00e9culo XII, ela \u00e9 a primeira catedral em estilo g\u00f3tico da Escandin\u00e1via. Aqui se encontram os ricamente ornamentados t\u00famulos reais de um destacado n\u00famero de reis e rainhas da Dinamarca, 39 ao todo, come\u00e7ando por Margarita I. A Catedral foi declarada Patrim\u00f4nio Cultural da Humanidade pela UNESCO em 1995.<\/p>\n<p><strong>Museu dos barcos Viquingues:<\/strong>Fascinante viagem ao mundo dos viquingues e das valqu\u00edrias. Aqui descobriremos as estrat\u00e9gias e t\u00e1ticas de navega\u00e7\u00e3o dos c\u00e9lebres guerreiros viquingues. Os 5 barcos que foram resgatados do fundo do fiorde (dos s\u00e9culos IX a XI) s\u00e3o exibidos aqui e \u00e9 poss\u00edvel observar as reprodu\u00e7\u00f5es realizadas com as t\u00e9cnicas de constru\u00e7\u00e3o originais. Tamb\u00e9m \u00e9 exibido um document\u00e1rio no minicinema.<\/p>\n<p><strong>Dura\u00e7\u00e3o:<\/strong> 5 Horas.<\/p>\n<p><strong>Transporto:<\/strong> Ve\u00edculo privado.[\/vc_column_text][\/vc_column][vc_column width=&#8221;1\/6&#8243;][mk_padding_divider size=&#8221;45&#8243;][vc_column_text css=&#8221;.vc_custom_1521512377722{margin-bottom: 0px !important;}&#8221;]\n<p style=\"text-align: center; font-size: 10; line-height: 0.5;\">DURA\u00c7AO<\/p>\n<p style=\"text-align: center; font-size: 100px; font-weight: 100; color: #735817; line-height: 0.8;\">5<\/p>\n<p style=\"text-align: center; font-size: 10; line-height: 0.8;\">HORAS<\/p>\n<h6 style=\"text-align: center;\"><strong>ve\u00edculo privado<\/strong><\/h6>\n[\/vc_column_text][\/vc_column][\/vc_row][vc_row][vc_column width=&#8221;1\/6&#8243;][vc_column_text]\n[\/vc_column_text][\/vc_column][vc_column width=&#8221;2\/3&#8243;][mk_padding_divider size=&#8221;20&#8243;][mk_flexslider image_height=&#8221;500&#8243; image_width=&#8221;1000&#8243; pause_on_hover=&#8221;true&#8221; caption_bg_color=&#8221;#8c8c8c&#8221; caption_color=&#8221;#ffffff&#8221; slides=&#8221;771,781,774,778&#8243;][\/vc_column][vc_column width=&#8221;1\/6&#8243;][vc_column_text]\n[\/vc_column_text][\/vc_column][\/vc_row][mk_page_section min_height=&#8221;0&#8243; sidebar=&#8221;sidebar-1&#8243; first_page=&#8221;false&#8221; last_page=&#8221;false&#8221;][vc_column offset=&#8221;vc_hidden-md vc_hidden-sm&#8221;][mk_divider style=&#8221;thin_solid&#8221; margin_top=&#8221;0&#8243; margin_bottom=&#8221;10&#8243;][vc_row_inner][vc_column_inner][mk_fancy_title tag_name=&#8221;h6&#8243; color=&#8221;#686262&#8243; size=&#8221;30&#8243; font_weight=&#8221;300&#8243; font_style=&#8221;inhert&#8221; txt_transform=&#8221;uppercase&#8221; margin_bottom=&#8221;0&#8243; font_family=&#8221;none&#8221;]\n<p>todos os passeios<\/p>\n[\/mk_fancy_title][\/vc_column_inner][\/vc_row_inner][vc_row_inner][vc_column_inner width=&#8221;1\/6&#8243;][mk_image src=&#8221;http:\/\/visitadinamarca.com\/wp-content\/uploads\/2015\/04\/Copenhague-Total300.jpg&#8221; image_width=&#8221;300&#8243; image_height=&#8221;200&#8243; link=&#8221;http:\/\/visitadinamarca.com\/pt-br\/tours\/copenhagen-total\/&#8221; crop=&#8221;false&#8221;][mk_fancy_title tag_name=&#8221;h6&#8243; color=&#8221;#939190&#8243; size=&#8221;18&#8243; font_weight=&#8221;bold&#8221; font_style=&#8221;inhert&#8221; txt_transform=&#8221;uppercase&#8221; margin_bottom=&#8221;0&#8243; font_family=&#8221;none&#8221;]\n<p><strong><a title=\"COPENHAGUE TOTAL\" href=\"http:\/\/visitadinamarca.com\/pt-br\/tours\/copenhage-total\/\">Copenhague Total<\/a><\/strong><\/p>\n[\/mk_fancy_title][mk_fancy_title tag_name=&#8221;h6&#8243; color=&#8221;#939190&#8243; size=&#8221;13&#8243; txt_transform=&#8221;none&#8221; margin_bottom=&#8221;0&#8243; font_family=&#8221;none&#8221;]<strong>Dura\u00e7\u00e3o:<\/strong> 3 Horas.<br \/>\n<strong>Transporte:<\/strong> ve\u00edculo privado.<br \/>\n<strong>Extens\u00f5es:<\/strong><br \/>\nCastelo de Rosenborg<br \/>\nPalacio de Christiansborg<br \/>\nPasseio pelos canais[\/mk_fancy_title][\/vc_column_inner][vc_column_inner width=&#8221;1\/6&#8243;][mk_image src=&#8221;http:\/\/visitadinamarca.com\/wp-content\/uploads\/2015\/04\/Copenhague-a-pie300.jpg&#8221; image_width=&#8221;300&#8243; image_height=&#8221;200&#8243; link=&#8221;http:\/\/visitadinamarca.com\/pt-br\/tours\/copenhagen-panoramico\/&#8221; crop=&#8221;false&#8221;][mk_fancy_title tag_name=&#8221;h6&#8243; color=&#8221;#939190&#8243; size=&#8221;18&#8243; font_weight=&#8221;bold&#8221; font_style=&#8221;inhert&#8221; txt_transform=&#8221;uppercase&#8221; margin_bottom=&#8221;0&#8243; font_family=&#8221;none&#8221;]\n<p><strong><a title=\"COPENHAGUE PANOR\u00c1MICO\" href=\"http:\/\/visitadinamarca.com\/pt-br\/tours\/copenhage-panoramico\/\">Copenhague Panor\u00e2mico<\/a><\/strong><\/p>\n[\/mk_fancy_title][mk_fancy_title tag_name=&#8221;h6&#8243; color=&#8221;#939190&#8243; size=&#8221;13&#8243; txt_transform=&#8221;none&#8221; margin_bottom=&#8221;0&#8243; font_family=&#8221;none&#8221;]<strong>Dura\u00e7\u00e3o:<\/strong> 3 Horas.<br \/>\n<strong>Transporte:\u00a0<\/strong>A p\u00e9.<br \/>\n<strong>Extens\u00f5es:<\/strong><br \/>\nCastelo de Rosenborg<br \/>\nPalacio de Christiansborg[\/mk_fancy_title][\/vc_column_inner][vc_column_inner width=&#8221;1\/6&#8243;][mk_image src=&#8221;http:\/\/visitadinamarca.com\/wp-content\/uploads\/2015\/04\/CastillosTours300.jpg&#8221; image_width=&#8221;300&#8243; image_height=&#8221;200&#8243; link=&#8221;http:\/\/visitadinamarca.com\/pt-br\/tours\/tour-dos-castelos\/&#8221; crop=&#8221;false&#8221;][mk_fancy_title tag_name=&#8221;h6&#8243; color=&#8221;#939190&#8243; size=&#8221;18&#8243; font_weight=&#8221;bold&#8221; font_style=&#8221;inhert&#8221; txt_transform=&#8221;uppercase&#8221; margin_bottom=&#8221;0&#8243; font_family=&#8221;none&#8221;]\n<p><a title=\"TOUR DOS CASTELOS\" href=\"http:\/\/visitadinamarca.com\/pt-br\/tours\/tour-dos-castelos\/\">Tour dos Castelos<\/a><\/p>\n[\/mk_fancy_title][mk_fancy_title tag_name=&#8221;h6&#8243; color=&#8221;#939190&#8243; size=&#8221;13&#8243; txt_transform=&#8221;none&#8221; margin_bottom=&#8221;0&#8243; font_family=&#8221;none&#8221;]<strong>Dura\u00e7\u00e3o:<\/strong>\u00a05 Horas.<br \/>\n<strong>Transporte:<\/strong> ve\u00edculo privado.<br \/>\nCastelo de Frederiksborg<br \/>\nCastelo de Kronborg[\/mk_fancy_title][\/vc_column_inner][vc_column_inner width=&#8221;1\/6&#8243;][mk_image src=&#8221;http:\/\/visitadinamarca.com\/wp-content\/uploads\/2015\/04\/Roskilde300.jpg&#8221; image_width=&#8221;300&#8243; image_height=&#8221;200&#8243; link=&#8221;http:\/\/visitadinamarca.com\/pt-br\/tours\/roskilde-e-museu-dos-barcos-viquingues\/&#8221; crop=&#8221;false&#8221;][mk_fancy_title tag_name=&#8221;h6&#8243; color=&#8221;#939190&#8243; size=&#8221;18&#8243; font_weight=&#8221;bold&#8221; font_style=&#8221;inhert&#8221; txt_transform=&#8221;uppercase&#8221; margin_bottom=&#8221;0&#8243; font_family=&#8221;none&#8221;]\n<p><a title=\"ROSKILDE E MUSEU DOS BARCOS VIQUINGUES\" href=\"http:\/\/visitadinamarca.com\/pt-br\/tours\/roskilde-e-museu-dos-barcos-viquingues\/\">Roskilde e Museu dos barcos Viquingues<\/a><\/p>\n[\/mk_fancy_title][mk_fancy_title tag_name=&#8221;h6&#8243; color=&#8221;#939190&#8243; size=&#8221;13&#8243; txt_transform=&#8221;none&#8221; margin_bottom=&#8221;0&#8243; font_family=&#8221;none&#8221;]<strong>Dura\u00e7\u00e3o:\u00a0<\/strong>5\u00a0Horas.<br \/>\n<strong>Transporte:<\/strong> ve\u00edculo privado.<br \/>\nCatedral de Roskilde<br \/>\nMuseu dos barcos Viquingues[\/mk_fancy_title][\/vc_column_inner][vc_column_inner width=&#8221;1\/6&#8243;][mk_image src=&#8221;http:\/\/visitadinamarca.com\/wp-content\/uploads\/2015\/04\/Malmo300.jpg&#8221; image_width=&#8221;300&#8243; image_height=&#8221;200&#8243; link=&#8221;http:\/\/visitadinamarca.com\/pt-br\/tours\/excursao-a-malmo\/&#8221; crop=&#8221;false&#8221;][mk_fancy_title tag_name=&#8221;h6&#8243; color=&#8221;#939190&#8243; size=&#8221;18&#8243; font_weight=&#8221;bold&#8221; font_style=&#8221;inhert&#8221; txt_transform=&#8221;uppercase&#8221; margin_bottom=&#8221;0&#8243; font_family=&#8221;none&#8221;]\n<p><a title=\"MALM\u00d6\" href=\"http:\/\/visitadinamarca.com\/pt-br\/tours\/excursao-a-malmo\/\">Excurs\u00e2o a Malm\u00f6<\/a><\/p>\n[\/mk_fancy_title][mk_fancy_title tag_name=&#8221;h6&#8243; color=&#8221;#939190&#8243; size=&#8221;13&#8243; txt_transform=&#8221;none&#8221; margin_bottom=&#8221;0&#8243; font_family=&#8221;none&#8221;]<strong>Dura\u00e7\u00e3o:\u00a0<\/strong>6\u00a0Horas.<br \/>\n<strong>Transporte:<\/strong> ve\u00edculo privado.<br \/>\n\u00d8resund<br \/>\nDrag\u00f8r[\/mk_fancy_title][\/vc_column_inner][vc_column_inner width=&#8221;1\/6&#8243;][mk_image src=&#8221;http:\/\/visitadinamarca.com\/wp-content\/uploads\/2019\/01\/odense300.jpg&#8221; image_width=&#8221;300&#8243; image_height=&#8221;200&#8243; custom_lightbox=&#8221;http:\/\/visitadinamarca.com\/pt-br\/tours\/odense\/&#8221; link=&#8221;http:\/\/visitadinamarca.com\/pt-br\/tours\/tour-a-egeskov-e-odense\/&#8221; crop=&#8221;false&#8221;][mk_fancy_title tag_name=&#8221;h6&#8243; color=&#8221;#939190&#8243; size=&#8221;18&#8243; font_weight=&#8221;bold&#8221; txt_transform=&#8221;uppercase&#8221; margin_bottom=&#8221;0&#8243; font_family=&#8221;none&#8221;]<a title=\"EGESKOV E ODENSE\" href=\"http:\/\/visitadinamarca.com\/pt-br\/tours\/odense\/\">Odense<\/a>[\/mk_fancy_title][mk_fancy_title tag_name=&#8221;h6&#8243; color=&#8221;#939190&#8243; size=&#8221;13&#8243; txt_transform=&#8221;none&#8221; margin_bottom=&#8221;0&#8243; font_family=&#8221;none&#8221;]<strong>Dura\u00e7\u00e3o:\u00a0<\/strong>10\u00a0Horas.<br \/>\n<strong>Transporte:<\/strong> ve\u00edculo privado.<br \/>\nPasseio ao Museu ao Ar Livre de Fiona e sites relacionados a H. C. Andersen[\/mk_fancy_title][\/vc_column_inner][\/vc_row_inner][vc_row_inner][vc_column_inner][mk_divider style=&#8221;thin_solid&#8221; margin_top=&#8221;5&#8243;][mk_fancy_title tag_name=&#8221;h6&#8243; color=&#8221;#939190&#8243; size=&#8221;18&#8243; font_weight=&#8221;bold&#8221; font_style=&#8221;inhert&#8221; txt_transform=&#8221;uppercase&#8221; margin_bottom=&#8221;0&#8243; font_family=&#8221;none&#8221;]\n<p><a title=\"Tours personalizados\" href=\"http:\/\/visitadinamarca.com\/pt-br\/tours-personalizadas\/\">Diga o que voc\u00ea quer saber e vamos projetar seu passeio na Dinamarca.<\/a><\/p>\n[\/mk_fancy_title][mk_padding_divider size=&#8221;25&#8243;][\/vc_column_inner][\/vc_row_inner][\/vc_column][\/mk_page_section][mk_page_section min_height=&#8221;0&#8243; sidebar=&#8221;sidebar-1&#8243; first_page=&#8221;false&#8221; last_page=&#8221;false&#8221;][vc_column offset=&#8221;vc_hidden-lg vc_hidden-xs&#8221;][mk_divider style=&#8221;thin_solid&#8221; margin_top=&#8221;0&#8243; margin_bottom=&#8221;10&#8243;][vc_row_inner][vc_column_inner][mk_fancy_title tag_name=&#8221;h6&#8243; color=&#8221;#686262&#8243; size=&#8221;30&#8243; font_weight=&#8221;300&#8243; font_style=&#8221;inhert&#8221; txt_transform=&#8221;uppercase&#8221; margin_bottom=&#8221;0&#8243; font_family=&#8221;none&#8221;]\n<p>todos os passeios<\/p>\n[\/mk_fancy_title][\/vc_column_inner][\/vc_row_inner][vc_row_inner][vc_column_inner width=&#8221;1\/3&#8243;][mk_image src=&#8221;http:\/\/visitadinamarca.com\/wp-content\/uploads\/2015\/04\/Copenhague-Total300.jpg&#8221; image_width=&#8221;300&#8243; image_height=&#8221;200&#8243; link=&#8221;http:\/\/visitadinamarca.com\/pt-br\/tours\/copenhagen-total\/&#8221; crop=&#8221;false&#8221;][mk_fancy_title tag_name=&#8221;h6&#8243; color=&#8221;#939190&#8243; size=&#8221;18&#8243; font_weight=&#8221;bold&#8221; font_style=&#8221;inhert&#8221; txt_transform=&#8221;uppercase&#8221; margin_bottom=&#8221;0&#8243; font_family=&#8221;none&#8221;]\n<p><strong><a title=\"COPENHAGUE TOTAL\" href=\"http:\/\/visitadinamarca.com\/pt-br\/tours\/copenhage-total\/\">Copenhague Total<\/a><\/strong><\/p>\n[\/mk_fancy_title][mk_fancy_title tag_name=&#8221;h6&#8243; color=&#8221;#939190&#8243; size=&#8221;13&#8243; txt_transform=&#8221;none&#8221; margin_bottom=&#8221;0&#8243; font_family=&#8221;none&#8221;]<strong>Dura\u00e7\u00e3o:<\/strong> 3 Horas.<br \/>\n<strong>Transporte:<\/strong> ve\u00edculo privado.<br \/>\n<strong>Extens\u00f5es:<\/strong><br \/>\nCastelo de Rosenborg<br \/>\nPalacio de Christiansborg<br \/>\nPasseio pelos canais[\/mk_fancy_title][\/vc_column_inner][vc_column_inner width=&#8221;1\/3&#8243;][mk_image src=&#8221;http:\/\/visitadinamarca.com\/wp-content\/uploads\/2015\/04\/Copenhague-a-pie300.jpg&#8221; image_width=&#8221;300&#8243; image_height=&#8221;200&#8243; link=&#8221;http:\/\/visitadinamarca.com\/pt-br\/tours\/copenhagen-panoramico\/&#8221; crop=&#8221;false&#8221;][mk_fancy_title tag_name=&#8221;h6&#8243; color=&#8221;#939190&#8243; size=&#8221;18&#8243; font_weight=&#8221;bold&#8221; font_style=&#8221;inhert&#8221; txt_transform=&#8221;uppercase&#8221; margin_bottom=&#8221;0&#8243; font_family=&#8221;none&#8221;]\n<p><strong><a title=\"COPENHAGUE PANOR\u00c1MICO\" href=\"http:\/\/visitadinamarca.com\/pt-br\/tours\/copenhage-panoramico\/\">Copenhague Panor\u00e2mico<\/a><\/strong><\/p>\n[\/mk_fancy_title][mk_fancy_title tag_name=&#8221;h6&#8243; color=&#8221;#939190&#8243; size=&#8221;13&#8243; txt_transform=&#8221;none&#8221; margin_bottom=&#8221;0&#8243; font_family=&#8221;none&#8221;]<strong>Dura\u00e7\u00e3o:<\/strong> 3 Horas.<br \/>\n<strong>Transporte:\u00a0<\/strong>A p\u00e9.<br \/>\n<strong>Extens\u00f5es:<\/strong><br \/>\nCastelo de Rosenborg<br \/>\nPalacio de Christiansborg[\/mk_fancy_title][\/vc_column_inner][vc_column_inner width=&#8221;1\/3&#8243;][mk_image src=&#8221;http:\/\/visitadinamarca.com\/wp-content\/uploads\/2015\/04\/CastillosTours300.jpg&#8221; image_width=&#8221;300&#8243; image_height=&#8221;200&#8243; link=&#8221;http:\/\/visitadinamarca.com\/pt-br\/tours\/tour-dos-castelos\/&#8221; crop=&#8221;false&#8221;][mk_fancy_title tag_name=&#8221;h6&#8243; color=&#8221;#939190&#8243; size=&#8221;18&#8243; font_weight=&#8221;bold&#8221; font_style=&#8221;inhert&#8221; txt_transform=&#8221;uppercase&#8221; margin_bottom=&#8221;0&#8243; font_family=&#8221;none&#8221;]\n<p><a title=\"TOUR DOS CASTELOS\" href=\"http:\/\/visitadinamarca.com\/pt-br\/tours\/tour-dos-castelos\/\">Tour dos Castelos<\/a><\/p>\n[\/mk_fancy_title][mk_fancy_title tag_name=&#8221;h6&#8243; color=&#8221;#939190&#8243; size=&#8221;13&#8243; txt_transform=&#8221;none&#8221; margin_bottom=&#8221;0&#8243; font_family=&#8221;none&#8221;]<strong>Dura\u00e7\u00e3o:<\/strong>\u00a05 Horas.<br \/>\n<strong>Transporte:<\/strong> ve\u00edculo privado.<br \/>\nCastelo de Frederiksborg<br \/>\nCastelo de Kronborg[\/mk_fancy_title][\/vc_column_inner][\/vc_row_inner][vc_row_inner][vc_column_inner width=&#8221;1\/3&#8243;][mk_image src=&#8221;http:\/\/visitadinamarca.com\/wp-content\/uploads\/2015\/04\/Roskilde300.jpg&#8221; image_width=&#8221;300&#8243; image_height=&#8221;200&#8243; link=&#8221;http:\/\/visitadinamarca.com\/pt-br\/tours\/roskilde-e-museu-dos-barcos-viquingues\/&#8221; crop=&#8221;false&#8221;][mk_fancy_title tag_name=&#8221;h6&#8243; color=&#8221;#939190&#8243; size=&#8221;18&#8243; font_weight=&#8221;bold&#8221; font_style=&#8221;inhert&#8221; txt_transform=&#8221;uppercase&#8221; margin_bottom=&#8221;0&#8243; font_family=&#8221;none&#8221;]\n<p><a title=\"ROSKILDE E MUSEU DOS BARCOS VIQUINGUES\" href=\"http:\/\/visitadinamarca.com\/pt-br\/tours\/roskilde-e-museu-dos-barcos-viquingues\/\">Roskilde e Museu dos barcos Viquingues<\/a><\/p>\n[\/mk_fancy_title][mk_fancy_title tag_name=&#8221;h6&#8243; color=&#8221;#939190&#8243; size=&#8221;13&#8243; txt_transform=&#8221;none&#8221; margin_bottom=&#8221;0&#8243; font_family=&#8221;none&#8221;]<strong>Dura\u00e7\u00e3o:\u00a0<\/strong>5\u00a0Horas.<br \/>\n<strong>Transporte:<\/strong> ve\u00edculo privado.<br \/>\nCatedral de Roskilde<br \/>\nMuseu dos barcos Viquingues[\/mk_fancy_title][\/vc_column_inner][vc_column_inner width=&#8221;1\/3&#8243;][mk_image src=&#8221;http:\/\/visitadinamarca.com\/wp-content\/uploads\/2015\/04\/Malmo300.jpg&#8221; image_width=&#8221;300&#8243; image_height=&#8221;200&#8243; link=&#8221;http:\/\/visitadinamarca.com\/pt-br\/tours\/excursao-a-malmo\/&#8221; crop=&#8221;false&#8221;][mk_fancy_title tag_name=&#8221;h6&#8243; color=&#8221;#939190&#8243; size=&#8221;18&#8243; font_weight=&#8221;bold&#8221; font_style=&#8221;inhert&#8221; txt_transform=&#8221;uppercase&#8221; margin_bottom=&#8221;0&#8243; font_family=&#8221;none&#8221;]\n<p><a title=\"MALM\u00d6\" href=\"http:\/\/visitadinamarca.com\/pt-br\/tours\/excursao-a-malmo\/\">Excurs\u00e2o a Malm\u00f6<\/a><\/p>\n[\/mk_fancy_title][mk_fancy_title tag_name=&#8221;h6&#8243; color=&#8221;#939190&#8243; size=&#8221;13&#8243; txt_transform=&#8221;none&#8221; margin_bottom=&#8221;0&#8243; font_family=&#8221;none&#8221;]<strong>Dura\u00e7\u00e3o:\u00a0<\/strong>6\u00a0Horas.<br \/>\n<strong>Transporte:<\/strong> ve\u00edculo privado.<br \/>\n\u00d8resund<br \/>\nDrag\u00f8r[\/mk_fancy_title][\/vc_column_inner][vc_column_inner width=&#8221;1\/3&#8243;][mk_image src=&#8221;http:\/\/visitadinamarca.com\/wp-content\/uploads\/2015\/04\/Odense300.jpg&#8221; image_width=&#8221;300&#8243; image_height=&#8221;200&#8243; custom_lightbox=&#8221;http:\/\/visitadinamarca.com\/pt-br\/tours\/tour-a-egeskov-e-odense\/&#8221; link=&#8221;http:\/\/visitadinamarca.com\/pt-br\/tours\/tour-a-egeskov-e-odense\/&#8221; crop=&#8221;false&#8221;][mk_fancy_title tag_name=&#8221;h6&#8243; color=&#8221;#939190&#8243; size=&#8221;18&#8243; font_weight=&#8221;bold&#8221; font_style=&#8221;inhert&#8221; txt_transform=&#8221;uppercase&#8221; margin_bottom=&#8221;0&#8243; font_family=&#8221;none&#8221;]\n<p><a title=\"EGESKOV E ODENSE\" href=\"http:\/\/visitadinamarca.com\/pt-br\/tours\/tour-a-egeskov-e-odense\/\">Tour a Egeskov e Odense<\/a><\/p>\n[\/mk_fancy_title][mk_fancy_title tag_name=&#8221;h6&#8243; color=&#8221;#939190&#8243; size=&#8221;13&#8243; txt_transform=&#8221;none&#8221; margin_bottom=&#8221;0&#8243; font_family=&#8221;none&#8221;]<strong>Dura\u00e7\u00e3o:\u00a0<\/strong>10\u00a0Horas.<br \/>\n<strong>Transporte:<\/strong> ve\u00edculo privado.<br \/>\nPasseio \u00e0 Ilha de Fiona<br \/>\n<span style=\"line-height: 1.5;\">Casa de Hans C. Andersen<\/span>[\/mk_fancy_title][\/vc_column_inner][\/vc_row_inner][vc_row_inner][vc_column_inner][mk_divider style=&#8221;thin_solid&#8221; margin_top=&#8221;5&#8243;][mk_fancy_title tag_name=&#8221;h6&#8243; color=&#8221;#939190&#8243; size=&#8221;18&#8243; font_weight=&#8221;bold&#8221; font_style=&#8221;inhert&#8221; txt_transform=&#8221;uppercase&#8221; margin_bottom=&#8221;0&#8243; font_family=&#8221;none&#8221;]\n<p><a title=\"Tours personalizados\" href=\"http:\/\/visitadinamarca.com\/pt-br\/tours-personalizadas\/\">Diga o que voc\u00ea quer saber e vamos projetar seu passeio na Dinamarca.<\/a><\/p>\n[\/mk_fancy_title][mk_padding_divider size=&#8221;25&#8243;][\/vc_column_inner][\/vc_row_inner][\/vc_column][\/mk_page_section]\n<\/div>","protected":false},"excerpt":{"rendered":"<p>[mk_page_section bg_image=&#8221;http:\/\/visitadinamarca.com\/wp-content\/uploads\/2015\/04\/Roskilde1500.jpg&#8221; bg_position=&#8221;center bottom&#8221; bg_repeat=&#8221;no-repeat&#8221; bg_stretch=&#8221;true&#8221; speed_factor=&#8221;5.5&#8243; bg_gradient=&#8221;vertical&#8221; video_color_mask=&#8221;rgba(0,0,0,0.52)&#8221; gr_end=&#8221;rgba(221,133,0,0.73)&#8221; video_opacity=&#8221;0.4&#8243; min_height=&#8221;300&#8243; full_width=&#8221;true&#8221; padding_top=&#8221;0&#8243; padding_bottom=&#8221;20&#8243; sidebar=&#8221;sidebar-1&#8243; first_page=&#8221;false&#8221; last_page=&#8221;false&#8221; predefined_bg=&#8221;26&#8243;][vc_column][mk_padding_divider size=&#8221;120&#8243;][vc_row_inner][vc_column_inner][mk_fancy_title color=&#8221;#ffffff&#8221; size=&#8221;40&#8243; font_weight=&#8221;900&#8243; letter_spacing=&#8221;3&#8243; margin_top=&#8221;20&#8243; margin_bottom=&#8221;0&#8243; font_family=&#8221;none&#8221; align=&#8221;center&#8221;]ROSKILDE E MUSEU DOS BARCOS VIKINGUES[\/mk_fancy_title][mk_fancy_title color=&#8221;#ffffff&#8221; size=&#8221;15&#8243; font_weight=&#8221;bolder&#8221; font_style=&#8221;normal&#8221; txt_transform=&#8221;uppercase&#8221; letter_spacing=&#8221;3&#8243; margin_bottom=&#8221;18&#8243; font_family=&#8221;none&#8221; align=&#8221;center&#8221;] Visita\u00a0\u00e0\u00a0antiga capital do Reino da Dinamarca ate o S\u00e9culo XV [\/mk_fancy_title][\/vc_column_inner][\/vc_row_inner][\/vc_column][\/mk_page_section][vc_row][vc_column width=&#8221;1\/6&#8243;][vc_column_text] [\/vc_column_text][\/vc_column][vc_column [&hellip;]<\/p>\n","protected":false},"author":9,"featured_media":0,"parent":1514,"menu_order":0,"comment_status":"open","ping_status":"open","template":"","meta":{"footnotes":""},"class_list":["post-1538","page","type-page","status-publish","hentry"],"_links":{"self":[{"href":"https:\/\/visitadinamarca.com\/pt-br\/wp-json\/wp\/v2\/pages\/1538","targetHints":{"allow":["GET"]}}],"collection":[{"href":"https:\/\/visitadinamarca.com\/pt-br\/wp-json\/wp\/v2\/pages"}],"about":[{"href":"https:\/\/visitadinamarca.com\/pt-br\/wp-json\/wp\/v2\/types\/page"}],"author":[{"embeddable":true,"href":"https:\/\/visitadinamarca.com\/pt-br\/wp-json\/wp\/v2\/users\/9"}],"replies":[{"embeddable":true,"href":"https:\/\/visitadinamarca.com\/pt-br\/wp-json\/wp\/v2\/comments?post=1538"}],"version-history":[{"count":5,"href":"https:\/\/visitadinamarca.com\/pt-br\/wp-json\/wp\/v2\/pages\/1538\/revisions"}],"predecessor-version":[{"id":2721,"href":"https:\/\/visitadinamarca.com\/pt-br\/wp-json\/wp\/v2\/pages\/1538\/revisions\/2721"}],"up":[{"embeddable":true,"href":"https:\/\/visitadinamarca.com\/pt-br\/wp-json\/wp\/v2\/pages\/1514"}],"wp:attachment":[{"href":"https:\/\/visitadinamarca.com\/pt-br\/wp-json\/wp\/v2\/media?parent=1538"}],"curies":[{"name":"wp","href":"https:\/\/api.w.org\/{rel}","templated":true}]}}