{"id":1536,"date":"2015-04-18T23:59:17","date_gmt":"2015-04-19T02:59:17","guid":{"rendered":"http:\/\/visitadinamarca.com\/?page_id=1536"},"modified":"2019-02-11T07:30:35","modified_gmt":"2019-02-11T10:30:35","slug":"tour-dos-castelos","status":"publish","type":"page","link":"https:\/\/visitadinamarca.com\/pt-br\/tours\/tour-dos-castelos\/","title":{"rendered":"TOUR DOS CASTELOS"},"content":{"rendered":"<div class=\"wpb-content-wrapper\">[mk_page_section bg_image=&#8221;http:\/\/visitadinamarca.com\/wp-content\/uploads\/2015\/03\/Castillos15002.jpg&#8221; bg_position=&#8221;center center&#8221; bg_repeat=&#8221;no-repeat&#8221; bg_stretch=&#8221;true&#8221; speed_factor=&#8221;5.5&#8243; bg_gradient=&#8221;left_top&#8221; video_color_mask=&#8221;rgba(0,0,0,0.53)&#8221; gr_end=&#8221;rgba(132,108,0,0.34)&#8221; video_opacity=&#8221;0.5&#8243; min_height=&#8221;300&#8243; full_width=&#8221;true&#8221; padding_top=&#8221;0&#8243; padding_bottom=&#8221;20&#8243; sidebar=&#8221;sidebar-1&#8243; first_page=&#8221;false&#8221; last_page=&#8221;false&#8221; predefined_bg=&#8221;26&#8243;][vc_column][mk_padding_divider size=&#8221;120&#8243;][vc_row_inner][vc_column_inner][mk_fancy_title color=&#8221;#ffffff&#8221; size=&#8221;40&#8243; font_weight=&#8221;900&#8243; font_style=&#8221;inhert&#8221; letter_spacing=&#8221;3&#8243; margin_top=&#8221;20&#8243; margin_bottom=&#8221;0&#8243; font_family=&#8221;none&#8221; align=&#8221;center&#8221;]\n<p>TOUR DOS CASTELOS<\/p>\n[\/mk_fancy_title][mk_fancy_title color=&#8221;#ffffff&#8221; size=&#8221;15&#8243; font_weight=&#8221;bolder&#8221; font_style=&#8221;normal&#8221; txt_transform=&#8221;uppercase&#8221; letter_spacing=&#8221;3&#8243; margin_bottom=&#8221;18&#8243; font_family=&#8221;none&#8221; align=&#8221;center&#8221;]\n<p>Passeio na hist\u00f3ria mon\u00e1rquica dinamarquesa<\/p>\n[\/mk_fancy_title][\/vc_column_inner][\/vc_row_inner][\/vc_column][\/mk_page_section][vc_row][vc_column width=&#8221;1\/6&#8243;][vc_column_text]\n[\/vc_column_text][\/vc_column][vc_column width=&#8221;2\/3&#8243;][mk_padding_divider][vc_column_text css=&#8221;.vc_custom_1521510263883{margin-bottom: 0px !important;}&#8221;]<strong>Passeio dos Castelos:<\/strong> A hist\u00f3ria mon\u00e1rquica dinamarquesa aparece esplendorosa ao visitar os Castelos que se encontram no norte de Copenhague. Atravessando a rom\u00e2ntica campina dinamarquesa iremos para o Castelo de Frederiksborg, onde conheceremos seu belo interior, bem como os jardins barrocos que o rodeiam. A seguir, iremos para a imponente fortaleza real de Kronborg.<\/p>\n<p><strong>Castelo de Frederiksborg:<\/strong> Trata-se do castelo mais amplo da Escandin\u00e1via, foi constru\u00eddo em estilo Renascentista Holand\u00eas pelo Rei Christian IV e \u00e9 uma joia da arquitetura dinamarquesa do s\u00e9culo XVII. Ele possui maravilhosos jardins de estilo franc\u00eas e uma capela, magnificamente decorada, onde era feita a coroa\u00e7\u00e3o dos reis absolutistas. De alto valor mon\u00e1rquico, foi resid\u00eancia real at\u00e9 1859 e hoje faz parte do Museu Nacional.<\/p>\n<p><strong>Castelo de Kronborg:<\/strong> Esta fortaleza de cunho real e militar, coroada por in\u00fameras torres, encontra-se a 45 km ao norte da cidade de Copenhague. Ela \u00e9 mundialmente famosa por causa da pe\u00e7a de William Shakespeare \u201cHamlet\u201d, que se desenvolve aqui. O castelo foi epicentro de extraordin\u00e1rias invas\u00f5es e batalhas contra o ex\u00e9rcito Sueco e foi declarado Patrim\u00f4nio Cultural da Humanidade pela UNESCO.<br \/>\nA partir daqui poderemos desfrutar de umas fant\u00e1sticas vistas do litoral sueco.<\/p>\n<p><strong>Dura\u00e7\u00e3o:<\/strong> 5 Horas.<\/p>\n<p><strong>Transporte:<\/strong> Ve\u00edculo privado.[\/vc_column_text][mk_padding_divider size=&#8221;20&#8243;][mk_flexslider image_height=&#8221;500&#8243; image_width=&#8221;1000&#8243; pause_on_hover=&#8221;true&#8221; caption_bg_color=&#8221;#8c8c8c&#8221; caption_color=&#8221;#ffffff&#8221; slides=&#8221;787,790,793,796,799&#8243;][\/vc_column][vc_column width=&#8221;1\/6&#8243;][mk_padding_divider size=&#8221;45&#8243;][vc_column_text]\n[\/vc_column_text][vc_column_text align=&#8221;center&#8221; css=&#8221;.vc_custom_1521510993372{margin-bottom: 0px !important;}&#8221;]\n<p style=\"text-align: center; font-size: 10; line-height: 0.5;\">DURA\u00c7AO<\/p>\n<p style=\"text-align: center; font-size: 100px; font-weight: 100; color: #91a4ae; line-height: 0.8;\">5<\/p>\n<p style=\"text-align: center; font-size: 10; line-height: 0.8;\">HORAS<\/p>\n<h6 style=\"text-align: center;\"><strong>ve\u00edculo privado<\/strong><\/h6>\n[\/vc_column_text][\/vc_column][\/vc_row][mk_page_section min_height=&#8221;0&#8243; sidebar=&#8221;sidebar-1&#8243; first_page=&#8221;false&#8221; last_page=&#8221;false&#8221;][vc_column offset=&#8221;vc_hidden-md vc_hidden-sm&#8221;][mk_divider style=&#8221;thin_solid&#8221; margin_top=&#8221;0&#8243; margin_bottom=&#8221;10&#8243;][vc_row_inner][vc_column_inner][mk_fancy_title tag_name=&#8221;h6&#8243; color=&#8221;#686262&#8243; size=&#8221;30&#8243; font_weight=&#8221;300&#8243; font_style=&#8221;inhert&#8221; txt_transform=&#8221;uppercase&#8221; margin_bottom=&#8221;0&#8243; font_family=&#8221;none&#8221;]\n<p>todos os passeios<\/p>\n[\/mk_fancy_title][\/vc_column_inner][\/vc_row_inner][vc_row_inner][vc_column_inner width=&#8221;1\/6&#8243;][mk_image src=&#8221;http:\/\/visitadinamarca.com\/wp-content\/uploads\/2015\/04\/Copenhague-Total300.jpg&#8221; image_width=&#8221;300&#8243; image_height=&#8221;200&#8243; link=&#8221;http:\/\/visitadinamarca.com\/pt-br\/tours\/copenhagen-total\/&#8221; crop=&#8221;false&#8221;][mk_fancy_title tag_name=&#8221;h6&#8243; color=&#8221;#939190&#8243; size=&#8221;18&#8243; font_weight=&#8221;bold&#8221; font_style=&#8221;inhert&#8221; txt_transform=&#8221;uppercase&#8221; margin_bottom=&#8221;0&#8243; font_family=&#8221;none&#8221;]\n<p><strong><a title=\"COPENHAGUE TOTAL\" href=\"http:\/\/visitadinamarca.com\/pt-br\/tours\/copenhage-total\/\">Copenhague Total<\/a><\/strong><\/p>\n[\/mk_fancy_title][mk_fancy_title tag_name=&#8221;h6&#8243; color=&#8221;#939190&#8243; size=&#8221;13&#8243; txt_transform=&#8221;none&#8221; margin_bottom=&#8221;0&#8243; font_family=&#8221;none&#8221;]<strong>Dura\u00e7\u00e3o:<\/strong> 3 Horas.<br \/>\n<strong>Transporte:<\/strong> ve\u00edculo privado.<br \/>\n<strong>Extens\u00f5es:<\/strong><br \/>\nCastelo de Rosenborg<br \/>\nPalacio de Christiansborg<br \/>\nPasseio pelos canais[\/mk_fancy_title][\/vc_column_inner][vc_column_inner width=&#8221;1\/6&#8243;][mk_image src=&#8221;http:\/\/visitadinamarca.com\/wp-content\/uploads\/2015\/04\/Copenhague-a-pie300.jpg&#8221; image_width=&#8221;300&#8243; image_height=&#8221;200&#8243; link=&#8221;http:\/\/visitadinamarca.com\/pt-br\/tours\/copenhagen-panoramico\/&#8221; crop=&#8221;false&#8221;][mk_fancy_title tag_name=&#8221;h6&#8243; color=&#8221;#939190&#8243; size=&#8221;18&#8243; font_weight=&#8221;bold&#8221; font_style=&#8221;inhert&#8221; txt_transform=&#8221;uppercase&#8221; margin_bottom=&#8221;0&#8243; font_family=&#8221;none&#8221;]\n<p><strong><a title=\"COPENHAGUE PANOR\u00c1MICO\" href=\"http:\/\/visitadinamarca.com\/pt-br\/tours\/copenhage-panoramico\/\">Copenhague Panor\u00e2mico<\/a><\/strong><\/p>\n[\/mk_fancy_title][mk_fancy_title tag_name=&#8221;h6&#8243; color=&#8221;#939190&#8243; size=&#8221;13&#8243; txt_transform=&#8221;none&#8221; margin_bottom=&#8221;0&#8243; font_family=&#8221;none&#8221;]<strong>Dura\u00e7\u00e3o:<\/strong> 3 Horas.<br \/>\n<strong>Transporte:\u00a0<\/strong>A p\u00e9.<br \/>\n<strong>Extens\u00f5es:<\/strong><br \/>\nCastelo de Rosenborg<br \/>\nPalacio de Christiansborg[\/mk_fancy_title][\/vc_column_inner][vc_column_inner width=&#8221;1\/6&#8243;][mk_image src=&#8221;http:\/\/visitadinamarca.com\/wp-content\/uploads\/2015\/04\/CastillosTours300.jpg&#8221; image_width=&#8221;300&#8243; image_height=&#8221;200&#8243; link=&#8221;http:\/\/visitadinamarca.com\/pt-br\/tours\/tour-dos-castelos\/&#8221; crop=&#8221;false&#8221;][mk_fancy_title tag_name=&#8221;h6&#8243; color=&#8221;#939190&#8243; size=&#8221;18&#8243; font_weight=&#8221;bold&#8221; font_style=&#8221;inhert&#8221; txt_transform=&#8221;uppercase&#8221; margin_bottom=&#8221;0&#8243; font_family=&#8221;none&#8221;]\n<p><a title=\"TOUR DOS CASTELOS\" href=\"http:\/\/visitadinamarca.com\/pt-br\/tours\/tour-dos-castelos\/\">Tour dos Castelos<\/a><\/p>\n[\/mk_fancy_title][mk_fancy_title tag_name=&#8221;h6&#8243; color=&#8221;#939190&#8243; size=&#8221;13&#8243; txt_transform=&#8221;none&#8221; margin_bottom=&#8221;0&#8243; font_family=&#8221;none&#8221;]<strong>Dura\u00e7\u00e3o:<\/strong>\u00a05 Horas.<br \/>\n<strong>Transporte:<\/strong> ve\u00edculo privado.<br \/>\nCastelo de Frederiksborg<br \/>\nCastelo de Kronborg[\/mk_fancy_title][\/vc_column_inner][vc_column_inner width=&#8221;1\/6&#8243;][mk_image src=&#8221;http:\/\/visitadinamarca.com\/wp-content\/uploads\/2015\/04\/Roskilde300.jpg&#8221; image_width=&#8221;300&#8243; image_height=&#8221;200&#8243; link=&#8221;http:\/\/visitadinamarca.com\/pt-br\/tours\/roskilde-e-museu-dos-barcos-viquingues\/&#8221; crop=&#8221;false&#8221;][mk_fancy_title tag_name=&#8221;h6&#8243; color=&#8221;#939190&#8243; size=&#8221;18&#8243; font_weight=&#8221;bold&#8221; font_style=&#8221;inhert&#8221; txt_transform=&#8221;uppercase&#8221; margin_bottom=&#8221;0&#8243; font_family=&#8221;none&#8221;]\n<p><a title=\"ROSKILDE E MUSEU DOS BARCOS VIQUINGUES\" href=\"http:\/\/visitadinamarca.com\/pt-br\/tours\/roskilde-e-museu-dos-barcos-viquingues\/\">Roskilde e Museu dos barcos Viquingues<\/a><\/p>\n[\/mk_fancy_title][mk_fancy_title tag_name=&#8221;h6&#8243; color=&#8221;#939190&#8243; size=&#8221;13&#8243; txt_transform=&#8221;none&#8221; margin_bottom=&#8221;0&#8243; font_family=&#8221;none&#8221;]<strong>Dura\u00e7\u00e3o:\u00a0<\/strong>5\u00a0Horas.<br \/>\n<strong>Transporte:<\/strong> ve\u00edculo privado.<br \/>\nCatedral de Roskilde<br \/>\nMuseu dos barcos Viquingues[\/mk_fancy_title][\/vc_column_inner][vc_column_inner width=&#8221;1\/6&#8243;][mk_image src=&#8221;http:\/\/visitadinamarca.com\/wp-content\/uploads\/2015\/04\/Malmo300.jpg&#8221; image_width=&#8221;300&#8243; image_height=&#8221;200&#8243; link=&#8221;http:\/\/visitadinamarca.com\/pt-br\/tours\/excursao-a-malmo\/&#8221; crop=&#8221;false&#8221;][mk_fancy_title tag_name=&#8221;h6&#8243; color=&#8221;#939190&#8243; size=&#8221;18&#8243; font_weight=&#8221;bold&#8221; font_style=&#8221;inhert&#8221; txt_transform=&#8221;uppercase&#8221; margin_bottom=&#8221;0&#8243; font_family=&#8221;none&#8221;]\n<p><a title=\"MALM\u00d6\" href=\"http:\/\/visitadinamarca.com\/pt-br\/tours\/excursao-a-malmo\/\">Excurs\u00e2o a Malm\u00f6<\/a><\/p>\n[\/mk_fancy_title][mk_fancy_title tag_name=&#8221;h6&#8243; color=&#8221;#939190&#8243; size=&#8221;13&#8243; txt_transform=&#8221;none&#8221; margin_bottom=&#8221;0&#8243; font_family=&#8221;none&#8221;]<strong>Dura\u00e7\u00e3o:\u00a0<\/strong>6\u00a0Horas.<br \/>\n<strong>Transporte:<\/strong> ve\u00edculo privado.<br \/>\n\u00d8resund<br \/>\nDrag\u00f8r[\/mk_fancy_title][\/vc_column_inner][vc_column_inner width=&#8221;1\/6&#8243;][mk_image src=&#8221;http:\/\/visitadinamarca.com\/wp-content\/uploads\/2019\/01\/odense300.jpg&#8221; image_width=&#8221;300&#8243; image_height=&#8221;200&#8243; custom_lightbox=&#8221;http:\/\/visitadinamarca.com\/pt-br\/tours\/odense\/&#8221; link=&#8221;http:\/\/visitadinamarca.com\/pt-br\/tours\/tour-a-egeskov-e-odense\/&#8221; crop=&#8221;false&#8221;][mk_fancy_title tag_name=&#8221;h6&#8243; color=&#8221;#939190&#8243; size=&#8221;18&#8243; font_weight=&#8221;bold&#8221; txt_transform=&#8221;uppercase&#8221; margin_bottom=&#8221;0&#8243; font_family=&#8221;none&#8221;]<a title=\"EGESKOV E ODENSE\" href=\"http:\/\/visitadinamarca.com\/pt-br\/tours\/odense\/\">Odense<\/a>[\/mk_fancy_title][mk_fancy_title tag_name=&#8221;h6&#8243; color=&#8221;#939190&#8243; size=&#8221;13&#8243; txt_transform=&#8221;none&#8221; margin_bottom=&#8221;0&#8243; font_family=&#8221;none&#8221;]<strong>Dura\u00e7\u00e3o:\u00a0<\/strong>10\u00a0Horas.<br \/>\n<strong>Transporte:<\/strong> ve\u00edculo privado.<br \/>\nPasseio ao Museu ao Ar Livre de Fiona e sites relacionados a H. C. Andersen[\/mk_fancy_title][\/vc_column_inner][\/vc_row_inner][vc_row_inner][vc_column_inner][mk_divider style=&#8221;thin_solid&#8221; margin_top=&#8221;5&#8243;][mk_fancy_title tag_name=&#8221;h6&#8243; color=&#8221;#939190&#8243; size=&#8221;18&#8243; font_weight=&#8221;bold&#8221; font_style=&#8221;inhert&#8221; txt_transform=&#8221;uppercase&#8221; margin_bottom=&#8221;0&#8243; font_family=&#8221;none&#8221;]\n<p><a title=\"Tours personalizados\" href=\"http:\/\/visitadinamarca.com\/pt-br\/tours-personalizadas\/\">Diga o que voc\u00ea quer saber e vamos projetar seu passeio na Dinamarca.<\/a><\/p>\n[\/mk_fancy_title][mk_padding_divider size=&#8221;25&#8243;][\/vc_column_inner][\/vc_row_inner][\/vc_column][\/mk_page_section][mk_page_section min_height=&#8221;0&#8243; sidebar=&#8221;sidebar-1&#8243; first_page=&#8221;false&#8221; last_page=&#8221;false&#8221;][vc_column offset=&#8221;vc_hidden-lg vc_hidden-xs&#8221;][mk_divider style=&#8221;thin_solid&#8221; margin_top=&#8221;0&#8243; margin_bottom=&#8221;10&#8243;][vc_row_inner][vc_column_inner][mk_fancy_title tag_name=&#8221;h6&#8243; color=&#8221;#686262&#8243; size=&#8221;30&#8243; font_weight=&#8221;300&#8243; font_style=&#8221;inhert&#8221; txt_transform=&#8221;uppercase&#8221; margin_bottom=&#8221;0&#8243; font_family=&#8221;none&#8221;]\n<p>todos os passeios<\/p>\n[\/mk_fancy_title][\/vc_column_inner][\/vc_row_inner][vc_row_inner][vc_column_inner width=&#8221;1\/3&#8243;][mk_image src=&#8221;http:\/\/visitadinamarca.com\/wp-content\/uploads\/2015\/04\/Copenhague-Total300.jpg&#8221; image_width=&#8221;300&#8243; image_height=&#8221;200&#8243; link=&#8221;http:\/\/visitadinamarca.com\/pt-br\/tours\/copenhagen-total\/&#8221; crop=&#8221;false&#8221;][mk_fancy_title tag_name=&#8221;h6&#8243; color=&#8221;#939190&#8243; size=&#8221;18&#8243; font_weight=&#8221;bold&#8221; font_style=&#8221;inhert&#8221; txt_transform=&#8221;uppercase&#8221; margin_bottom=&#8221;0&#8243; font_family=&#8221;none&#8221;]\n<p><strong><a title=\"COPENHAGUE TOTAL\" href=\"http:\/\/visitadinamarca.com\/pt-br\/tours\/copenhage-total\/\">Copenhague Total<\/a><\/strong><\/p>\n[\/mk_fancy_title][mk_fancy_title tag_name=&#8221;h6&#8243; color=&#8221;#939190&#8243; size=&#8221;13&#8243; txt_transform=&#8221;none&#8221; margin_bottom=&#8221;0&#8243; font_family=&#8221;none&#8221;]<strong>Dura\u00e7\u00e3o:<\/strong> 3 Horas.<br \/>\n<strong>Transporte:<\/strong> ve\u00edculo privado.<br \/>\n<strong>Extens\u00f5es:<\/strong><br \/>\nCastelo de Rosenborg<br \/>\nPalacio de Christiansborg<br \/>\nPasseio pelos canais[\/mk_fancy_title][\/vc_column_inner][vc_column_inner width=&#8221;1\/3&#8243;][mk_image src=&#8221;http:\/\/visitadinamarca.com\/wp-content\/uploads\/2015\/04\/Copenhague-a-pie300.jpg&#8221; image_width=&#8221;300&#8243; image_height=&#8221;200&#8243; link=&#8221;http:\/\/visitadinamarca.com\/pt-br\/tours\/copenhagen-panoramico\/&#8221; crop=&#8221;false&#8221;][mk_fancy_title tag_name=&#8221;h6&#8243; color=&#8221;#939190&#8243; size=&#8221;18&#8243; font_weight=&#8221;bold&#8221; font_style=&#8221;inhert&#8221; txt_transform=&#8221;uppercase&#8221; margin_bottom=&#8221;0&#8243; font_family=&#8221;none&#8221;]\n<p><strong><a title=\"COPENHAGUE PANOR\u00c1MICO\" href=\"http:\/\/visitadinamarca.com\/pt-br\/tours\/copenhage-panoramico\/\">Copenhague Panor\u00e2mico<\/a><\/strong><\/p>\n[\/mk_fancy_title][mk_fancy_title tag_name=&#8221;h6&#8243; color=&#8221;#939190&#8243; size=&#8221;13&#8243; txt_transform=&#8221;none&#8221; margin_bottom=&#8221;0&#8243; font_family=&#8221;none&#8221;]<strong>Dura\u00e7\u00e3o:<\/strong> 3 Horas.<br \/>\n<strong>Transporte:\u00a0<\/strong>A p\u00e9.<br \/>\n<strong>Extens\u00f5es:<\/strong><br \/>\nCastelo de Rosenborg<br \/>\nPalacio de Christiansborg[\/mk_fancy_title][\/vc_column_inner][vc_column_inner width=&#8221;1\/3&#8243;][mk_image src=&#8221;http:\/\/visitadinamarca.com\/wp-content\/uploads\/2015\/04\/CastillosTours300.jpg&#8221; image_width=&#8221;300&#8243; image_height=&#8221;200&#8243; link=&#8221;http:\/\/visitadinamarca.com\/pt-br\/tours\/tour-dos-castelos\/&#8221; crop=&#8221;false&#8221;][mk_fancy_title tag_name=&#8221;h6&#8243; color=&#8221;#939190&#8243; size=&#8221;18&#8243; font_weight=&#8221;bold&#8221; font_style=&#8221;inhert&#8221; txt_transform=&#8221;uppercase&#8221; margin_bottom=&#8221;0&#8243; font_family=&#8221;none&#8221;]\n<p><a title=\"TOUR DOS CASTELOS\" href=\"http:\/\/visitadinamarca.com\/pt-br\/tours\/tour-dos-castelos\/\">Tour dos Castelos<\/a><\/p>\n[\/mk_fancy_title][mk_fancy_title tag_name=&#8221;h6&#8243; color=&#8221;#939190&#8243; size=&#8221;13&#8243; txt_transform=&#8221;none&#8221; margin_bottom=&#8221;0&#8243; font_family=&#8221;none&#8221;]<strong>Dura\u00e7\u00e3o:<\/strong>\u00a05 Horas.<br \/>\n<strong>Transporte:<\/strong> ve\u00edculo privado.<br \/>\nCastelo de Frederiksborg<br \/>\nCastelo de Kronborg[\/mk_fancy_title][\/vc_column_inner][\/vc_row_inner][vc_row_inner][vc_column_inner width=&#8221;1\/3&#8243;][mk_image src=&#8221;http:\/\/visitadinamarca.com\/wp-content\/uploads\/2015\/04\/Roskilde300.jpg&#8221; image_width=&#8221;300&#8243; image_height=&#8221;200&#8243; link=&#8221;http:\/\/visitadinamarca.com\/pt-br\/tours\/roskilde-e-museu-dos-barcos-viquingues\/&#8221; crop=&#8221;false&#8221;][mk_fancy_title tag_name=&#8221;h6&#8243; color=&#8221;#939190&#8243; size=&#8221;18&#8243; font_weight=&#8221;bold&#8221; font_style=&#8221;inhert&#8221; txt_transform=&#8221;uppercase&#8221; margin_bottom=&#8221;0&#8243; font_family=&#8221;none&#8221;]\n<p><a title=\"ROSKILDE E MUSEU DOS BARCOS VIQUINGUES\" href=\"http:\/\/visitadinamarca.com\/pt-br\/tours\/roskilde-e-museu-dos-barcos-viquingues\/\">Roskilde e Museu dos barcos Viquingues<\/a><\/p>\n[\/mk_fancy_title][mk_fancy_title tag_name=&#8221;h6&#8243; color=&#8221;#939190&#8243; size=&#8221;13&#8243; txt_transform=&#8221;none&#8221; margin_bottom=&#8221;0&#8243; font_family=&#8221;none&#8221;]<strong>Dura\u00e7\u00e3o:\u00a0<\/strong>5\u00a0Horas.<br \/>\n<strong>Transporte:<\/strong> ve\u00edculo privado.<br \/>\nCatedral de Roskilde<br \/>\nMuseu dos barcos Viquingues[\/mk_fancy_title][\/vc_column_inner][vc_column_inner width=&#8221;1\/3&#8243;][mk_image src=&#8221;http:\/\/visitadinamarca.com\/wp-content\/uploads\/2015\/04\/Malmo300.jpg&#8221; image_width=&#8221;300&#8243; image_height=&#8221;200&#8243; link=&#8221;http:\/\/visitadinamarca.com\/pt-br\/tours\/excursao-a-malmo\/&#8221; crop=&#8221;false&#8221;][mk_fancy_title tag_name=&#8221;h6&#8243; color=&#8221;#939190&#8243; size=&#8221;18&#8243; font_weight=&#8221;bold&#8221; font_style=&#8221;inhert&#8221; txt_transform=&#8221;uppercase&#8221; margin_bottom=&#8221;0&#8243; font_family=&#8221;none&#8221;]\n<p><a title=\"MALM\u00d6\" href=\"http:\/\/visitadinamarca.com\/pt-br\/tours\/excursao-a-malmo\/\">Excurs\u00e2o a Malm\u00f6<\/a><\/p>\n[\/mk_fancy_title][mk_fancy_title tag_name=&#8221;h6&#8243; color=&#8221;#939190&#8243; size=&#8221;13&#8243; txt_transform=&#8221;none&#8221; margin_bottom=&#8221;0&#8243; font_family=&#8221;none&#8221;]<strong>Dura\u00e7\u00e3o:\u00a0<\/strong>6\u00a0Horas.<br \/>\n<strong>Transporte:<\/strong> ve\u00edculo privado.<br \/>\n\u00d8resund<br \/>\nDrag\u00f8r[\/mk_fancy_title][\/vc_column_inner][vc_column_inner width=&#8221;1\/3&#8243;][mk_image src=&#8221;http:\/\/visitadinamarca.com\/wp-content\/uploads\/2015\/04\/Odense300.jpg&#8221; image_width=&#8221;300&#8243; image_height=&#8221;200&#8243; custom_lightbox=&#8221;http:\/\/visitadinamarca.com\/pt-br\/tours\/tour-a-egeskov-e-odense\/&#8221; link=&#8221;http:\/\/visitadinamarca.com\/pt-br\/tours\/tour-a-egeskov-e-odense\/&#8221; crop=&#8221;false&#8221;][mk_fancy_title tag_name=&#8221;h6&#8243; color=&#8221;#939190&#8243; size=&#8221;18&#8243; font_weight=&#8221;bold&#8221; font_style=&#8221;inhert&#8221; txt_transform=&#8221;uppercase&#8221; margin_bottom=&#8221;0&#8243; font_family=&#8221;none&#8221;]\n<p><a title=\"EGESKOV E ODENSE\" href=\"http:\/\/visitadinamarca.com\/pt-br\/tours\/tour-a-egeskov-e-odense\/\">Tour a Egeskov e Odense<\/a><\/p>\n[\/mk_fancy_title][mk_fancy_title tag_name=&#8221;h6&#8243; color=&#8221;#939190&#8243; size=&#8221;13&#8243; txt_transform=&#8221;none&#8221; margin_bottom=&#8221;0&#8243; font_family=&#8221;none&#8221;]<strong>Dura\u00e7\u00e3o:\u00a0<\/strong>10\u00a0Horas.<br \/>\n<strong>Transporte:<\/strong> ve\u00edculo privado.<br \/>\nPasseio \u00e0 Ilha de Fiona<br \/>\n<span style=\"line-height: 1.5;\">Casa de Hans C. Andersen<\/span>[\/mk_fancy_title][\/vc_column_inner][\/vc_row_inner][vc_row_inner][vc_column_inner][mk_divider style=&#8221;thin_solid&#8221; margin_top=&#8221;5&#8243;][mk_fancy_title tag_name=&#8221;h6&#8243; color=&#8221;#939190&#8243; size=&#8221;18&#8243; font_weight=&#8221;bold&#8221; font_style=&#8221;inhert&#8221; txt_transform=&#8221;uppercase&#8221; margin_bottom=&#8221;0&#8243; font_family=&#8221;none&#8221;]\n<p><a title=\"Tours personalizados\" href=\"http:\/\/visitadinamarca.com\/pt-br\/tours-personalizadas\/\">Diga o que voc\u00ea quer saber e vamos projetar seu passeio na Dinamarca.<\/a><\/p>\n[\/mk_fancy_title][mk_padding_divider size=&#8221;25&#8243;][\/vc_column_inner][\/vc_row_inner][\/vc_column][\/mk_page_section]\n<\/div>","protected":false},"excerpt":{"rendered":"<p>[mk_page_section bg_image=&#8221;http:\/\/visitadinamarca.com\/wp-content\/uploads\/2015\/03\/Castillos15002.jpg&#8221; bg_position=&#8221;center center&#8221; bg_repeat=&#8221;no-repeat&#8221; bg_stretch=&#8221;true&#8221; speed_factor=&#8221;5.5&#8243; bg_gradient=&#8221;left_top&#8221; video_color_mask=&#8221;rgba(0,0,0,0.53)&#8221; gr_end=&#8221;rgba(132,108,0,0.34)&#8221; video_opacity=&#8221;0.5&#8243; min_height=&#8221;300&#8243; full_width=&#8221;true&#8221; padding_top=&#8221;0&#8243; padding_bottom=&#8221;20&#8243; sidebar=&#8221;sidebar-1&#8243; first_page=&#8221;false&#8221; last_page=&#8221;false&#8221; predefined_bg=&#8221;26&#8243;][vc_column][mk_padding_divider size=&#8221;120&#8243;][vc_row_inner][vc_column_inner][mk_fancy_title color=&#8221;#ffffff&#8221; size=&#8221;40&#8243; font_weight=&#8221;900&#8243; font_style=&#8221;inhert&#8221; letter_spacing=&#8221;3&#8243; margin_top=&#8221;20&#8243; margin_bottom=&#8221;0&#8243; font_family=&#8221;none&#8221; align=&#8221;center&#8221;] TOUR DOS CASTELOS [\/mk_fancy_title][mk_fancy_title color=&#8221;#ffffff&#8221; size=&#8221;15&#8243; font_weight=&#8221;bolder&#8221; font_style=&#8221;normal&#8221; txt_transform=&#8221;uppercase&#8221; letter_spacing=&#8221;3&#8243; margin_bottom=&#8221;18&#8243; font_family=&#8221;none&#8221; align=&#8221;center&#8221;] Passeio na hist\u00f3ria mon\u00e1rquica dinamarquesa [\/mk_fancy_title][\/vc_column_inner][\/vc_row_inner][\/vc_column][\/mk_page_section][vc_row][vc_column width=&#8221;1\/6&#8243;][vc_column_text] [\/vc_column_text][\/vc_column][vc_column width=&#8221;2\/3&#8243;][mk_padding_divider][vc_column_text css=&#8221;.vc_custom_1521510263883{margin-bottom: 0px !important;}&#8221;]Passeio dos [&hellip;]<\/p>\n","protected":false},"author":9,"featured_media":0,"parent":1514,"menu_order":0,"comment_status":"open","ping_status":"open","template":"","meta":{"footnotes":""},"class_list":["post-1536","page","type-page","status-publish","hentry"],"_links":{"self":[{"href":"https:\/\/visitadinamarca.com\/pt-br\/wp-json\/wp\/v2\/pages\/1536","targetHints":{"allow":["GET"]}}],"collection":[{"href":"https:\/\/visitadinamarca.com\/pt-br\/wp-json\/wp\/v2\/pages"}],"about":[{"href":"https:\/\/visitadinamarca.com\/pt-br\/wp-json\/wp\/v2\/types\/page"}],"author":[{"embeddable":true,"href":"https:\/\/visitadinamarca.com\/pt-br\/wp-json\/wp\/v2\/users\/9"}],"replies":[{"embeddable":true,"href":"https:\/\/visitadinamarca.com\/pt-br\/wp-json\/wp\/v2\/comments?post=1536"}],"version-history":[{"count":5,"href":"https:\/\/visitadinamarca.com\/pt-br\/wp-json\/wp\/v2\/pages\/1536\/revisions"}],"predecessor-version":[{"id":2548,"href":"https:\/\/visitadinamarca.com\/pt-br\/wp-json\/wp\/v2\/pages\/1536\/revisions\/2548"}],"up":[{"embeddable":true,"href":"https:\/\/visitadinamarca.com\/pt-br\/wp-json\/wp\/v2\/pages\/1514"}],"wp:attachment":[{"href":"https:\/\/visitadinamarca.com\/pt-br\/wp-json\/wp\/v2\/media?parent=1536"}],"curies":[{"name":"wp","href":"https:\/\/api.w.org\/{rel}","templated":true}]}}