{"id":1512,"date":"2015-04-18T23:18:27","date_gmt":"2015-04-19T02:18:27","guid":{"rendered":"http:\/\/visitadinamarca.com\/?page_id=1512"},"modified":"2024-04-29T10:45:15","modified_gmt":"2024-04-29T13:45:15","slug":"empresa","status":"publish","type":"page","link":"https:\/\/visitadinamarca.com\/pt-br\/empresa\/","title":{"rendered":"EMPRESA"},"content":{"rendered":"<div class=\"wpb-content-wrapper\">[vc_row fullwidth=&#8221;true&#8221; fullwidth_content=&#8221;false&#8221;][vc_column][vc_empty_space height=&#8221;30px&#8221;][mk_fancy_title color=&#8221;rgba(77,79,93,0.47)&#8221; size=&#8221;40&#8243; font_weight=&#8221;300&#8243; font_style=&#8221;inhert&#8221; margin_bottom=&#8221;18&#8243; font_family=&#8221;none&#8221;]EMPRESA[\/mk_fancy_title][vc_row_inner][vc_column_inner width=&#8221;2\/3&#8243;][vc_column_text]<strong>Visita Dinamarca<\/strong> \u00e9 composta de operadores de viagens profissionais e \u00e9 o resultado de muitos anos de experi\u00eancia na gest\u00e3o de servi\u00e7os tur\u00edsticos do mais alto n\u00edvel na Dinamarca.<\/p>\n<p>Nossa equipe conta com qualificados e entusiastas colaboradores que ajudar\u00e3o voc\u00ea a descobrir e compreender todas as possibilidades do pa\u00eds, assessorando-o e guiando-o na constru\u00e7\u00e3o de uma visita que satisfa\u00e7a seus interesses. Trabalharemos responsavelmente sem deixar passar nenhum detalhe e com o intuito de que tudo funcione perfeitamente durante sua viagem.<\/p>\n<p>Desejamos criar uma experi\u00eancia \u00fanica para nossos clientes. Cada programa \u00e9 desenhado sob medida para ser atual, memor\u00e1vel e representativo de suas necessidades e objetivos.<\/p>\n<p>Estamos preparados para assisti-lo no que for preciso, a partir do momento de sua chegada ao porto ou aeroporto, com traslados, excurs\u00f5es e desenvolvimento de roteiros.<\/p>\n<p><strong>Bem-vindos \u00e0 Dinamarca!<\/strong>[\/vc_column_text][vc_empty_space height=&#8221;30px&#8221;][mk_fancy_title color=&#8221;rgba(77,79,93,0.47)&#8221; size=&#8221;40&#8243; font_weight=&#8221;300&#8243; font_style=&#8221;inhert&#8221; margin_bottom=&#8221;18&#8243; font_family=&#8221;none&#8221;]DINAMARCA[\/mk_fancy_title][vc_column_text]<strong>Dinamarca,<\/strong> seu nome nos traz imagens dos viquingues, dos contos de Hans Christian Andersen e sua mundialmente famosa Sereiazinha, das longas noites de inverno, de um elevado n\u00edvel de vida, m\u00f3veis de alto estilo, a famosa cerveja Carlsberg, os brinquedos Lego, cineastas conhecidos no mundo inteiro, como Lars Von Trier&#8230; Mas deixe-nos mostrar-lhe e explicar-lhe algumas coisas nem t\u00e3o conhecidas deste pequeno, por\u00e9m tamb\u00e9m fant\u00e1stico pa\u00eds.<\/p>\n<p>Voc\u00ea sabia, por exemplo, que embora sendo um pa\u00eds t\u00e3o pequeno \u2013exclu\u00edda a Groenl\u00e2ndia, que \u00e9 uma regi\u00e3o aut\u00f4noma da Dinamarca\u2013 ele conta com mais de 7.000 km de litoral? E que possui mais de 400 ilhas?<\/p>\n<p>Copenhague, sua capital, com apenas 570.000 habitantes, possui tr\u00eas castelos reais, todos distintos, de \u00e9pocas diversas e com fun\u00e7\u00f5es diferentes, cada um dos quais pode ser visitado. A s\u00f3 30 km se encontra Malm\u00f8, a terceira cidade sueca, unida a Copenhague por uma maravilhosa obra de engenharia: a ponte sobre o estreito do \u00d8resund.<\/p>\n<p>Nos arredores da capital h\u00e1 mais dois castelos magn\u00edficos: Frederiksborg, que se tornou Museu Nacional e \u00e9 o castelo renascentista melhor conservado de toda a Europa setentrional, e Kronborg, a s\u00f3 4 km do litoral sueco e aquele que William Shakespeare escolheu como cen\u00e1rio de Hamlet, sua pe\u00e7a mais famosa.<\/p>\n<p>Roskilde, a antiga capital, com sua fant\u00e1stica Catedral de estilo g\u00f3tico, foi declarada Patrim\u00f4nio da Humanidade e nela se encontram os t\u00famulos da maioria dos reis dinamarqueses. Nesta cidade, que fica a apenas 45 km de Copenhague, tamb\u00e9m encontramos o Museu dos Barcos Viquingues, que nos permite conhecer mais e melhor estes formid\u00e1veis e temidos marinheiros que viajaram pelas \u00e1guas da Europa e al\u00e9m do velho continente, \u00e0 procura de butins e tesouros.<\/p>\n<p>Mas ainda tem mais, muito mais, voc\u00ea s\u00f3 precisa manter sua mente aberta e a vontade de continuar conhecendo esse extraordin\u00e1rio pa\u00eds, sua gente, seus costumes, sua hist\u00f3ria e tudo quanto ele tem para lhe oferecer, <strong>VISITA DINAMARCA!<\/strong><\/p>\n[\/vc_column_text][\/vc_column_inner][vc_column_inner width=&#8221;1\/3&#8243; css=&#8221;.vc_custom_1427457532743{padding-right: 30px !important;padding-left: 30px !important;}&#8221;][mk_fancy_title color=&#8221;#393836&#8243; size=&#8221;12&#8243; font_style=&#8221;inhert&#8221; txt_transform=&#8221;none&#8221; margin_top=&#8221;40&#8243; font_family=&#8221;none&#8221; align=&#8221;center&#8221; animation=&#8221;fade-in&#8221;]FALE CONOSCO PARA OBTER MAIS INFORMA\u00c7\u00d5ES[\/mk_fancy_title][mk_button dimension=&#8221;flat&#8221; size=&#8221;large&#8221; url=&#8221;http:\/\/visitadinamarca.com\/pt-br\/contato\/&#8221; align=&#8221;center&#8221; margin_top=&#8221;10&#8243; margin_bottom=&#8221;20&#8243; bg_color=&#8221;#e30513&#8243; btn_hover_bg=&#8221;#626782&#8243;]CONTACTO[\/mk_button][mk_padding_divider][mk_padding_divider][\/vc_column_inner][\/vc_row_inner][\/vc_column][\/vc_row]\n<\/div>","protected":false},"excerpt":{"rendered":"<p>[vc_row fullwidth=&#8221;true&#8221; fullwidth_content=&#8221;false&#8221;][vc_column][vc_empty_space height=&#8221;30px&#8221;][mk_fancy_title color=&#8221;rgba(77,79,93,0.47)&#8221; size=&#8221;40&#8243; font_weight=&#8221;300&#8243; font_style=&#8221;inhert&#8221; margin_bottom=&#8221;18&#8243; font_family=&#8221;none&#8221;]EMPRESA[\/mk_fancy_title][vc_row_inner][vc_column_inner width=&#8221;2\/3&#8243;][vc_column_text]Visita Dinamarca \u00e9 composta de operadores de viagens profissionais e \u00e9 o resultado de muitos anos de experi\u00eancia na gest\u00e3o de servi\u00e7os tur\u00edsticos do mais alto n\u00edvel na Dinamarca. Nossa equipe conta com qualificados e entusiastas colaboradores que ajudar\u00e3o voc\u00ea a descobrir e compreender todas [&hellip;]<\/p>\n","protected":false},"author":9,"featured_media":0,"parent":0,"menu_order":0,"comment_status":"open","ping_status":"closed","template":"","meta":{"footnotes":""},"class_list":["post-1512","page","type-page","status-publish","hentry"],"_links":{"self":[{"href":"https:\/\/visitadinamarca.com\/pt-br\/wp-json\/wp\/v2\/pages\/1512","targetHints":{"allow":["GET"]}}],"collection":[{"href":"https:\/\/visitadinamarca.com\/pt-br\/wp-json\/wp\/v2\/pages"}],"about":[{"href":"https:\/\/visitadinamarca.com\/pt-br\/wp-json\/wp\/v2\/types\/page"}],"author":[{"embeddable":true,"href":"https:\/\/visitadinamarca.com\/pt-br\/wp-json\/wp\/v2\/users\/9"}],"replies":[{"embeddable":true,"href":"https:\/\/visitadinamarca.com\/pt-br\/wp-json\/wp\/v2\/comments?post=1512"}],"version-history":[{"count":5,"href":"https:\/\/visitadinamarca.com\/pt-br\/wp-json\/wp\/v2\/pages\/1512\/revisions"}],"predecessor-version":[{"id":1911,"href":"https:\/\/visitadinamarca.com\/pt-br\/wp-json\/wp\/v2\/pages\/1512\/revisions\/1911"}],"wp:attachment":[{"href":"https:\/\/visitadinamarca.com\/pt-br\/wp-json\/wp\/v2\/media?parent=1512"}],"curies":[{"name":"wp","href":"https:\/\/api.w.org\/{rel}","templated":true}]}}