{"id":1506,"date":"2015-04-18T23:15:58","date_gmt":"2015-04-19T02:15:58","guid":{"rendered":"http:\/\/visitadinamarca.com\/?page_id=1506"},"modified":"2015-04-20T15:30:31","modified_gmt":"2015-04-20T18:30:31","slug":"dados-uteis","status":"publish","type":"page","link":"https:\/\/visitadinamarca.com\/pt-br\/dados-uteis\/","title":{"rendered":"DADOS \u00daTEIS"},"content":{"rendered":"<div class=\"wpb-content-wrapper\">[vc_row][vc_column width=&#8221;1\/1&#8243;][mk_padding_divider size=&#8221;40&#8243;][vc_row_inner][vc_column_inner width=&#8221;1\/2&#8243;][vc_column_text disable_pattern=&#8221;false&#8221; align=&#8221;left&#8221; margin_bottom=&#8221;0&#8243;]\n<p style=\"font-size: 18px; font-weight: 400; color: #8189a6; line-height: 0.2;\">MOEDA<\/p>\n<p>Apesar de ser um pa\u00eds membro da Uni\u00e3o Europeia, a Dinamarca n\u00e3o incorporou o Euro como moeda oficial, portanto possui a sua pr\u00f3pria, a coroa dinamarquesa, <strong>DKK<\/strong>. O tipo de c\u00e2mbio \u00e9, com pequenas varia\u00e7\u00f5es, <strong>1 Euro = 7,45 DKK<\/strong>.<\/p>\n<p style=\"font-size: 18px; font-weight: 400; color: #8189a6; line-height: 0.2;\">CLIMA<\/p>\n<p>Devido a sua localiza\u00e7\u00e3o \u00e0 beira do continente europeu, o clima na Dinamarca \u00e9 relativamente temperado. Por ser um pa\u00eds rodeado de \u00e1gua e com ventos soprando em seus arredores, os ver\u00f5es s\u00e3o temperados\/c\u00e1lidos e os invernos n\u00e3o s\u00e3o excessivamente frios, o vento \u00e9 quase constante.<\/p>\n<p>A temporada de inverno pode estender-se de outubro at\u00e9 mar\u00e7o. Fevereiro \u00e9 o m\u00eas mais frio, com temperaturas em torno dos 0\u00baC durante o dia. Abril e maio s\u00e3o meses temperados frescos e com bastante sol. Em junho come\u00e7a a temporada de ver\u00e3o que, em regra, caracteriza-se por ter dias de sol e quentes, com temperaturas de 20\u00baC a 27\u00baC. No outono, o clima \u00e9 agrad\u00e1vel, por\u00e9m com chuviscos habituais e ventos fortes.<\/p>\n<p>Voc\u00ea pode encontrar a previs\u00e3o do tempo no website do Instituto Meteorol\u00f3gico Dinamarqu\u00eas:\u00a0<a href=\"http:\/\/www.dmi.dk\/\" target=\"_blank\">http:\/\/www.dmi.dk<\/a><\/p>\n<p style=\"font-size: 18px; font-weight: 400; color: #8189a6; line-height: 0.2;\">IDIOMA<\/p>\n<p>A l\u00edngua nacional da Dinamarca \u00e9 o dinamarqu\u00eas, um idioma germ\u00e2nico. Existem tr\u00eas letras especiais que se encontram no fim do alfabeto: \u00c6, \u00d8 e \u00c5.<br \/>\nNo entanto, a maioria dos dinamarqueses fala bem ingl\u00eas.[\/vc_column_text][\/vc_column_inner][vc_column_inner width=&#8221;1\/2&#8243;][vc_column_text disable_pattern=&#8221;true&#8221; align=&#8221;left&#8221; margin_bottom=&#8221;0&#8243;]\n<p style=\"font-size: 18px; font-weight: 400; color: #8189a6; line-height: 0.2;\">FUSO HOR\u00c1RIO<\/p>\n<p>\u00c9 o mesmo que na maioria dos pa\u00edses continentais europeus, ou seja, Espanha, Fran\u00e7a, It\u00e1lia, Alemanha, Holanda, Noruega, Su\u00e9cia, etc.<\/p>\n<p>Tem uma diferen\u00e7a hor\u00e1ria de +1 a respeito de Portugal e o Reino Unido.<\/p>\n<p style=\"font-size: 18px; font-weight: 400; color: #8189a6; line-height: 0.2;\">ELETRICIDADE<\/p>\n<p>Na Dinamarca s\u00e3o usadas as mesmas tomadas continentais e a mesma tens\u00e3o (220 volts\/50 Hz) que na maioria dos pa\u00edses europeus.<\/p>\n<p style=\"font-size: 18px; font-weight: 400; color: #8189a6; line-height: 0.2;\">HOR\u00c1RIO DOS MUSEUS<\/p>\n<p>Os museus t\u00eam um hor\u00e1rio bastante reduzido. Eles geralmente abrem \u00e0s 10h e fecham \u00e0s 18h.<\/p>\n<p style=\"font-size: 18px; font-weight: 400; color: #8189a6; line-height: 0.2;\">T\u00c1XI<\/p>\n<p>Todos os t\u00e1xis aceitam cart\u00e3o de cr\u00e9dito como meio de pagamento. Voc\u00ea simplesmente deve avisar o motorista no in\u00edcio da viagem.<\/p>\n<p style=\"font-size: 18px; font-weight: 400; color: #8189a6; line-height: 0.2;\">HOR\u00c1RIO DOS HOT\u00c9IS<\/p>\n<p>Se voc\u00ea chegar de manh\u00e3, lembre que o hor\u00e1rio de ingresso no apartamento \u00e9 entre as 14h e as 15h.<\/p>\n<p style=\"font-size: 18px; font-weight: 400; color: #8189a6; line-height: 0.2;\">TELEFONE CELULAR<\/p>\n<p>Voc\u00ea poder\u00e1 usar seu celular na Dinamarca, se seu operador de telefonia tiver acordos de roaming com alguma companhia dinamarquesa.<\/p>\n<p>O prefixo internacional do pa\u00eds \u00e9 +45.[\/vc_column_text][\/vc_column_inner][\/vc_row_inner][\/vc_column][\/vc_row]\n<\/div>","protected":false},"excerpt":{"rendered":"<p>[vc_row][vc_column width=&#8221;1\/1&#8243;][mk_padding_divider size=&#8221;40&#8243;][vc_row_inner][vc_column_inner width=&#8221;1\/2&#8243;][vc_column_text disable_pattern=&#8221;false&#8221; align=&#8221;left&#8221; margin_bottom=&#8221;0&#8243;] MOEDA Apesar de ser um pa\u00eds membro da Uni\u00e3o Europeia, a Dinamarca n\u00e3o incorporou o Euro como moeda oficial, portanto possui a sua pr\u00f3pria, a coroa dinamarquesa, DKK. O tipo de c\u00e2mbio \u00e9, com pequenas varia\u00e7\u00f5es, 1 Euro = 7,45 DKK. CLIMA Devido a sua localiza\u00e7\u00e3o \u00e0 beira [&hellip;]<\/p>\n","protected":false},"author":9,"featured_media":0,"parent":0,"menu_order":0,"comment_status":"open","ping_status":"open","template":"","meta":{"footnotes":""},"class_list":["post-1506","page","type-page","status-publish","hentry"],"_links":{"self":[{"href":"https:\/\/visitadinamarca.com\/pt-br\/wp-json\/wp\/v2\/pages\/1506","targetHints":{"allow":["GET"]}}],"collection":[{"href":"https:\/\/visitadinamarca.com\/pt-br\/wp-json\/wp\/v2\/pages"}],"about":[{"href":"https:\/\/visitadinamarca.com\/pt-br\/wp-json\/wp\/v2\/types\/page"}],"author":[{"embeddable":true,"href":"https:\/\/visitadinamarca.com\/pt-br\/wp-json\/wp\/v2\/users\/9"}],"replies":[{"embeddable":true,"href":"https:\/\/visitadinamarca.com\/pt-br\/wp-json\/wp\/v2\/comments?post=1506"}],"version-history":[{"count":3,"href":"https:\/\/visitadinamarca.com\/pt-br\/wp-json\/wp\/v2\/pages\/1506\/revisions"}],"predecessor-version":[{"id":1643,"href":"https:\/\/visitadinamarca.com\/pt-br\/wp-json\/wp\/v2\/pages\/1506\/revisions\/1643"}],"wp:attachment":[{"href":"https:\/\/visitadinamarca.com\/pt-br\/wp-json\/wp\/v2\/media?parent=1506"}],"curies":[{"name":"wp","href":"https:\/\/api.w.org\/{rel}","templated":true}]}}