{"id":1367,"date":"2015-04-14T01:03:00","date_gmt":"2015-04-14T04:03:00","guid":{"rendered":"http:\/\/visitadinamarca.com\/?page_id=1367"},"modified":"2015-04-17T17:07:06","modified_gmt":"2015-04-17T20:07:06","slug":"dati-utili","status":"publish","type":"page","link":"https:\/\/visitadinamarca.com\/it\/dati-utili\/","title":{"rendered":"DATI UTILI"},"content":{"rendered":"<div class=\"wpb-content-wrapper\">[vc_row][vc_column width=&#8221;1\/1&#8243;][mk_padding_divider size=&#8221;40&#8243;][vc_row_inner][vc_column_inner width=&#8221;1\/2&#8243;][vc_column_text disable_pattern=&#8221;false&#8221; align=&#8221;left&#8221; margin_bottom=&#8221;0&#8243;]\n<p style=\"font-size: 18px; font-weight: 400; color: #8189a6; line-height: 0.2;\">MONETA<\/p>\n<p>La Danimarca pur essendo un membro dell\u2019unione europea non ha aderito all\u2019Euro quindi ha la propria moneta, la corona danesa <strong>DKK.<\/strong> Il cambio \u00e8 con piccole varianti\u00a0<strong>1 Euro=7,45 DKK<\/strong>.<\/p>\n<p style=\"font-size: 18px; font-weight: 400; color: #8189a6; line-height: 0.2;\">CLIMA<\/p>\n<p>Il clima della Danimarca \u00e8 quasi temperato grazie alla sua posizione sul bordo del continente europeo ed essendo circondato da acqua e con venti che circolano attorno l\u2019estate \u00e8 tiepida e l\u2019inverno non eccessivamente freddo ma il vento \u00e8 quasi una constante.<br \/>\nLa stagione invernale pu\u00f2 estendersi da ottobre fino a marzo; febbraio \u00e8 il mese pi\u00f9 freddo: la temperatura \u00e8 intorno ai 0\u00ba durante il giorno.<br \/>\nAprile e maggio sono pi\u00f9 miti, freschi e con abbastanza sole. A giugno inizia la stagione estiva con una temperatura tra i 20 e 27 gradi. In autumno il clima \u00e8 gradevole ma piove spesso e i venti sono forti.<br \/>\nPer essere informati sul clima leggete la pagina web dell\u2019istituo meteorologico danese:\u00a0<a href=\"http:\/\/www.dmi.dk\/\" target=\"_blank\">http:\/\/www.dmi.dk<\/a><\/p>\n<p style=\"font-size: 18px; font-weight: 400; color: #8189a6; line-height: 0.2;\">IDIOMA<\/p>\n<p>La lingua nazionale \u00e8 il danese, una lingua di origine germanico ma il 70 % dei danesi parla l\u2019inglese.\u00a0Esistono 3 lettere speciali che si trovano alla fine dell\u2019alfabeto:\u01fc , \u01fe , \u01fa.[\/vc_column_text][\/vc_column_inner][vc_column_inner width=&#8221;1\/2&#8243;][vc_column_text disable_pattern=&#8221;true&#8221; align=&#8221;left&#8221; margin_bottom=&#8221;0&#8243;]\n<p style=\"font-size: 18px; font-weight: 400; color: #8189a6; line-height: 0.2;\">FUSO ORARIO<\/p>\n<p>\u00c8 lo stesso della maggior parte dei Paesi dell\u2019Europa continentale cio\u00e8 la Spagna, la Francia ,l\u2019Italia, la Germania, l\u2019Olanda, la Norvegia, la Svezia, ecc.<br \/>\nHa una differenza oraria di +1 rispetto al Portogallo e al Regno Unito.<\/p>\n<p style=\"font-size: 18px; font-weight: 400; color: #8189a6; line-height: 0.2;\">ELETTRICIT\u00c0<\/p>\n<p>In Danimarca si usano le stesse spine continentali e la stessa tensione (220 \/50Hz) che sono utilizzati nella maggior parte dei Paesa europei.<\/p>\n<p style=\"font-size: 18px; font-weight: 400; color: #8189a6; line-height: 0.2;\">ORARI DE MUSEI<\/p>\n<p>Hanno un orario abbastanza ridotto: di solito aprono alle 10 (dieci) e chiudono alle 18 (diciotto) ore.<\/p>\n<p style=\"font-size: 18px; font-weight: 400; color: #8189a6; line-height: 0.2;\">TAXI<\/p>\n<p>Tutti i tass\u00ec accettano la carta di credito como modo di pagamento ma bisogna avvertire l\u2019autista appena iniziato il viaggio.<\/p>\n<p style=\"font-size: 18px; font-weight: 400; color: #8189a6; line-height: 0.2;\">ORARIO DEGLI ALBERGHI<\/p>\n<p>Se si arrivasse di mattina si dovrebbe ricordare che l\u2019orario in cui si libera la camera sar\u00e0 tra le 14 (quattordici) e le 15(quindici).<\/p>\n<p style=\"font-size: 18px; font-weight: 400; color: #8189a6; line-height: 0.2;\">CELLULARE<\/p>\n<p>Potrebbe utilizzare il telefono cellulare se l\u2019operatore di telefonia accorda in roaming con una certa societ\u00e0 danese.<br \/>\nIl prefisso telefonico del paese \u00e8 + 45.[\/vc_column_text][\/vc_column_inner][\/vc_row_inner][\/vc_column][\/vc_row]\n<\/div>","protected":false},"excerpt":{"rendered":"<p>[vc_row][vc_column width=&#8221;1\/1&#8243;][mk_padding_divider size=&#8221;40&#8243;][vc_row_inner][vc_column_inner width=&#8221;1\/2&#8243;][vc_column_text disable_pattern=&#8221;false&#8221; align=&#8221;left&#8221; margin_bottom=&#8221;0&#8243;] MONETA La Danimarca pur essendo un membro dell\u2019unione europea non ha aderito all\u2019Euro quindi ha la propria moneta, la corona danesa DKK. Il cambio \u00e8 con piccole varianti\u00a01 Euro=7,45 DKK. CLIMA Il clima della Danimarca \u00e8 quasi temperato grazie alla sua posizione sul bordo del continente europeo ed [&hellip;]<\/p>\n","protected":false},"author":9,"featured_media":0,"parent":0,"menu_order":0,"comment_status":"open","ping_status":"open","template":"","meta":{"footnotes":""},"class_list":["post-1367","page","type-page","status-publish","hentry"],"_links":{"self":[{"href":"https:\/\/visitadinamarca.com\/it\/wp-json\/wp\/v2\/pages\/1367","targetHints":{"allow":["GET"]}}],"collection":[{"href":"https:\/\/visitadinamarca.com\/it\/wp-json\/wp\/v2\/pages"}],"about":[{"href":"https:\/\/visitadinamarca.com\/it\/wp-json\/wp\/v2\/types\/page"}],"author":[{"embeddable":true,"href":"https:\/\/visitadinamarca.com\/it\/wp-json\/wp\/v2\/users\/9"}],"replies":[{"embeddable":true,"href":"https:\/\/visitadinamarca.com\/it\/wp-json\/wp\/v2\/comments?post=1367"}],"version-history":[{"count":4,"href":"https:\/\/visitadinamarca.com\/it\/wp-json\/wp\/v2\/pages\/1367\/revisions"}],"predecessor-version":[{"id":1426,"href":"https:\/\/visitadinamarca.com\/it\/wp-json\/wp\/v2\/pages\/1367\/revisions\/1426"}],"wp:attachment":[{"href":"https:\/\/visitadinamarca.com\/it\/wp-json\/wp\/v2\/media?parent=1367"}],"curies":[{"name":"wp","href":"https:\/\/api.w.org\/{rel}","templated":true}]}}