{"id":1359,"date":"2015-04-14T00:57:41","date_gmt":"2015-04-14T03:57:41","guid":{"rendered":"http:\/\/visitadinamarca.com\/?page_id=1359"},"modified":"2019-02-18T08:42:44","modified_gmt":"2019-02-18T11:42:44","slug":"malmo-tour","status":"publish","type":"page","link":"https:\/\/visitadinamarca.com\/it\/tutti-i-tours\/malmo-tour\/","title":{"rendered":"MALM\u00d6 TOUR"},"content":{"rendered":"<div class=\"wpb-content-wrapper\">[mk_page_section bg_image=&#8221;http:\/\/visitadinamarca.com\/wp-content\/uploads\/2015\/04\/Malmo1500.jpg&#8221; bg_color=&#8221;#444f76&#8243; bg_position=&#8221;center bottom&#8221; bg_repeat=&#8221;no-repeat&#8221; bg_stretch=&#8221;true&#8221; speed_factor=&#8221;5.5&#8243; bg_gradient=&#8221;left_top&#8221; video_color_mask=&#8221;rgba(0,0,0,0.53)&#8221; gr_end=&#8221;rgba(61,24,0,0.34)&#8221; video_opacity=&#8221;0.4&#8243; min_height=&#8221;300&#8243; full_width=&#8221;true&#8221; padding_top=&#8221;0&#8243; padding_bottom=&#8221;20&#8243; sidebar=&#8221;sidebar-1&#8243; first_page=&#8221;false&#8221; last_page=&#8221;false&#8221; predefined_bg=&#8221;26&#8243;][vc_column][mk_padding_divider size=&#8221;120&#8243;][vc_row_inner][vc_column_inner][mk_fancy_title color=&#8221;#ffffff&#8221; size=&#8221;40&#8243; font_weight=&#8221;900&#8243; font_style=&#8221;inhert&#8221; letter_spacing=&#8221;3&#8243; margin_top=&#8221;20&#8243; margin_bottom=&#8221;0&#8243; font_family=&#8221;none&#8221; align=&#8221;center&#8221;]\n<p>MALM\u00d6 TOUR<\/p>\n[\/mk_fancy_title][mk_fancy_title color=&#8221;#ffffff&#8221; size=&#8221;15&#8243; font_weight=&#8221;bolder&#8221; font_style=&#8221;normal&#8221; txt_transform=&#8221;uppercase&#8221; letter_spacing=&#8221;3&#8243; margin_bottom=&#8221;18&#8243; font_family=&#8221;none&#8221; align=&#8221;center&#8221;]\n<p>Passeggiata in Svezia visitando 2 citt\u00e1<\/p>\n[\/mk_fancy_title][\/vc_column_inner][\/vc_row_inner][\/vc_column][\/mk_page_section][vc_row][vc_column width=&#8221;1\/6&#8243;][vc_column_text]\n[\/vc_column_text][\/vc_column][vc_column width=&#8221;2\/3&#8243;][mk_padding_divider][vc_column_text css=&#8221;.vc_custom_1518463963441{margin-bottom: 0px !important;}&#8221;]<strong>Malm\u00f6 Tour:<\/strong> Questo tour attraverser\u00e0 lo stretto di \u00d8resund che separa Copenaghen di Malm\u00f6 nel sud della Svezia . Entrambe le citt\u00e0 sono collegati tramite una prodezza di ingegneria monumentale che si compone di tre parti: un tunnel di 4 chilometri di percorso, una autostrada che attraversa una isola artificiale progettata per comunicare il tunnel con il ponte sospeso di 8 chilometri d\u2019 estensione, che termina in territorio svedese.<\/p>\n<p>A Malm\u00f6 apprezzaremo l&#8217;imponente edificio Turning Torso (Torso Girato) dal prestigioso architetto valenciano Santiago Calatrava , la Chiesa protestante singolare &#8211; Cattolica prima &#8211; Sankt Petri, la Piazza Minore circondata di ristoranti e caff\u00e8 con la sua vita sociale intensa, vicino al Municipio conosceremo anche la Piazza Maggiore, le vivaci vie pedonali del centro storico della citt\u00e0 ed anche la biblioteca come i parchi della citt\u00e0 e la fortezza .<br \/>\nAl ritorno si visita Drag\u00f8r , un antico villaggio di pescatori situato vicino al ponte. Caratterizzato dalle sue originali gialle case settecentesche e stradine acciottolate e fiori colorati afflitto fascino.<\/p>\n<p><strong>Durata:<\/strong> 6 Ore.<\/p>\n<p><strong>\u200bTrasporto:<\/strong> Veicolo privato.[\/vc_column_text][mk_padding_divider size=&#8221;20&#8243;][mk_flexslider image_height=&#8221;500&#8243; image_width=&#8221;1000&#8243; pause_on_hover=&#8221;true&#8221; caption_bg_color=&#8221;#8c8c8c&#8221; caption_color=&#8221;#ffffff&#8221; slides=&#8221;1762,1434,1438,1440,1442&#8243;][\/vc_column][vc_column width=&#8221;1\/6&#8243;][mk_padding_divider size=&#8221;45&#8243;][vc_column_text]\n[\/vc_column_text][vc_column_text align=&#8221;center&#8221; css=&#8221;.vc_custom_1518463981376{margin-bottom: 0px !important;}&#8221;]\n<p style=\"text-align: center; font-size: 10; line-height: 0.5;\">DURATA<\/p>\n<p style=\"text-align: center; font-size: 100px; font-weight: 100; color: #91a4ae; line-height: 0.8;\">6<\/p>\n<p style=\"text-align: center; font-size: 10; line-height: 0.8;\">ORE<\/p>\n<h6 style=\"text-align: center;\"><strong>Veicolo privato<\/strong><\/h6>\n[\/vc_column_text][\/vc_column][\/vc_row][mk_page_section min_height=&#8221;0&#8243; sidebar=&#8221;sidebar-1&#8243; first_page=&#8221;false&#8221; last_page=&#8221;false&#8221;][vc_column offset=&#8221;vc_hidden-md vc_hidden-sm&#8221;][mk_divider style=&#8221;padding_space&#8221; margin_top=&#8221;0&#8243; margin_bottom=&#8221;10&#8243;][vc_row_inner][vc_column_inner][mk_fancy_title tag_name=&#8221;h6&#8243; color=&#8221;#686262&#8243; size=&#8221;30&#8243; font_weight=&#8221;300&#8243; font_style=&#8221;inhert&#8221; txt_transform=&#8221;uppercase&#8221; margin_bottom=&#8221;0&#8243; font_family=&#8221;none&#8221;]\n<p>tutti i tours<\/p>\n[\/mk_fancy_title][\/vc_column_inner][\/vc_row_inner][vc_row_inner][vc_column_inner width=&#8221;1\/6&#8243;][mk_image src=&#8221;http:\/\/visitadinamarca.com\/wp-content\/uploads\/2015\/04\/Copenhague-Total300.jpg&#8221; image_width=&#8221;300&#8243; image_height=&#8221;200&#8243; link=&#8221;http:\/\/visitadinamarca.com\/it\/tutti-i-tours\/copenhagen-totale\/&#8221; crop=&#8221;false&#8221;][mk_fancy_title tag_name=&#8221;h6&#8243; color=&#8221;#939190&#8243; size=&#8221;18&#8243; font_weight=&#8221;bold&#8221; txt_transform=&#8221;uppercase&#8221; margin_bottom=&#8221;0&#8243; font_family=&#8221;none&#8221;]<strong><a title=\"COPENHAGUEN TOTALE\" href=\"http:\/\/visitadinamarca.com\/it\/tutti-i-tours\/copenhagen-totale\/\">Copenaghen Totale<\/a><\/strong>[\/mk_fancy_title][mk_fancy_title tag_name=&#8221;h6&#8243; color=&#8221;#939190&#8243; size=&#8221;13&#8243; txt_transform=&#8221;none&#8221; margin_bottom=&#8221;0&#8243; font_family=&#8221;none&#8221;]<strong>Durata:<\/strong> 3 Ore.<br \/>\n<strong>\u200bTrasporto:\u00a0<\/strong>Veicolo privato.<br \/>\n<strong>Estensioni:<\/strong><br \/>\nPalazzo\u00a0di Rosenborg<br \/>\nPalazzo\u00a0di Christiansborg<br \/>\nTour per i\u00a0canali[\/mk_fancy_title][\/vc_column_inner][vc_column_inner width=&#8221;1\/6&#8243;][mk_image src=&#8221;http:\/\/visitadinamarca.com\/wp-content\/uploads\/2015\/04\/Copenhague-a-pie300.jpg&#8221; image_width=&#8221;300&#8243; image_height=&#8221;200&#8243; link=&#8221;http:\/\/visitadinamarca.com\/it\/tutti-i-tours\/copenhague-panoramica\/&#8221; crop=&#8221;false&#8221;][mk_fancy_title tag_name=&#8221;h6&#8243; color=&#8221;#939190&#8243; size=&#8221;18&#8243; font_weight=&#8221;bold&#8221; txt_transform=&#8221;uppercase&#8221; margin_bottom=&#8221;0&#8243; font_family=&#8221;none&#8221;]<strong><a title=\"PANORAMICA DI COPENHAGUEN\" href=\"http:\/\/visitadinamarca.com\/it\/tutti-i-tours\/copenhague-panoramica\/\">Panoramica di Copenaghen<\/a><\/strong>[\/mk_fancy_title][mk_fancy_title tag_name=&#8221;h6&#8243; color=&#8221;#939190&#8243; size=&#8221;13&#8243; txt_transform=&#8221;none&#8221; margin_bottom=&#8221;0&#8243; font_family=&#8221;none&#8221;]<strong>Durata:<\/strong> 3 Ore.<br \/>\n<strong>\u200bTrasporto:\u00a0<\/strong>A piedi.<br \/>\n<strong>Estensioni:<\/strong><br \/>\nPalazzo di\u00a0Rosenborg<br \/>\nPalazzo di\u00a0\u00a0Christiansborg[\/mk_fancy_title][\/vc_column_inner][vc_column_inner width=&#8221;1\/6&#8243;][mk_image src=&#8221;http:\/\/visitadinamarca.com\/wp-content\/uploads\/2015\/04\/CastillosTours300.jpg&#8221; image_width=&#8221;300&#8243; image_height=&#8221;200&#8243; link=&#8221;http:\/\/visitadinamarca.com\/it\/tutti-i-tours\/tour-ai-castelli-del-nord\/&#8221; crop=&#8221;false&#8221;][mk_fancy_title tag_name=&#8221;h6&#8243; color=&#8221;#939190&#8243; size=&#8221;18&#8243; font_weight=&#8221;bold&#8221; font_style=&#8221;inhert&#8221; txt_transform=&#8221;uppercase&#8221; margin_bottom=&#8221;0&#8243; font_family=&#8221;none&#8221;]\n<p><a title=\"TOUR AI CASTELLI DEL NORD\" href=\"http:\/\/visitadinamarca.com\/it\/tutti-i-tours\/tour-ai-castelli-del-nord\/\">Tour ai Castelli del Nord<\/a><\/p>\n[\/mk_fancy_title][mk_fancy_title tag_name=&#8221;h6&#8243; color=&#8221;#939190&#8243; size=&#8221;13&#8243; txt_transform=&#8221;none&#8221; margin_bottom=&#8221;0&#8243; font_family=&#8221;none&#8221;]<strong>Durata:<\/strong>\u00a05 Ore.<br \/>\n<strong>\u200bTrasporto:\u00a0<\/strong>Veicolo privato.<br \/>\nPalazzo di Frederiksborg<br \/>\nPalazzo di\u00a0Kronborg[\/mk_fancy_title][\/vc_column_inner][vc_column_inner width=&#8221;1\/6&#8243;][mk_image src=&#8221;http:\/\/visitadinamarca.com\/wp-content\/uploads\/2015\/04\/Roskilde300.jpg&#8221; image_width=&#8221;300&#8243; image_height=&#8221;200&#8243; link=&#8221;http:\/\/visitadinamarca.com\/it\/tutti-i-tours\/roskilde-e-museo-delle-navi-vichinghe\/&#8221; crop=&#8221;false&#8221;][mk_fancy_title tag_name=&#8221;h6&#8243; color=&#8221;#939190&#8243; size=&#8221;18&#8243; font_weight=&#8221;bold&#8221; font_style=&#8221;inhert&#8221; txt_transform=&#8221;uppercase&#8221; margin_bottom=&#8221;0&#8243; font_family=&#8221;none&#8221;]\n<p><a title=\"ROCSKILDE E MUSEO DELLE NAVI VICHINGHI\" href=\"http:\/\/visitadinamarca.com\/it\/tutti-i-tours\/roskilde-e-museo-delle-navi-vichinghe\/\">Roskilde e Museo Delle Navi Vichinghi<\/a><\/p>\n[\/mk_fancy_title][mk_fancy_title tag_name=&#8221;h6&#8243; color=&#8221;#939190&#8243; size=&#8221;13&#8243; txt_transform=&#8221;none&#8221; margin_bottom=&#8221;0&#8243; font_family=&#8221;none&#8221;]<strong>Durata:\u00a0<\/strong>5 Ore.<br \/>\n<strong>\u200bTrasporto:\u00a0<\/strong>Veicolo privato.<br \/>\nCattedrale di Roskilde<br \/>\nMuseo delle navi Vichinghe[\/mk_fancy_title][\/vc_column_inner][vc_column_inner width=&#8221;1\/6&#8243;][mk_image src=&#8221;http:\/\/visitadinamarca.com\/wp-content\/uploads\/2015\/04\/Malmo300.jpg&#8221; image_width=&#8221;300&#8243; image_height=&#8221;200&#8243; link=&#8221;http:\/\/visitadinamarca.com\/it\/tutti-i-tours\/malmo-tour\/&#8221; crop=&#8221;false&#8221;][mk_fancy_title tag_name=&#8221;h6&#8243; color=&#8221;#939190&#8243; size=&#8221;18&#8243; font_weight=&#8221;bold&#8221; font_style=&#8221;inhert&#8221; txt_transform=&#8221;uppercase&#8221; margin_bottom=&#8221;0&#8243; font_family=&#8221;none&#8221;]\n<p><a title=\"MALM\u00d6 TOUR\" href=\"http:\/\/visitadinamarca.com\/it\/tutti-i-tours\/malmo-tour\/\">Malm\u00f6 Tour<\/a><\/p>\n[\/mk_fancy_title][mk_fancy_title tag_name=&#8221;h6&#8243; color=&#8221;#939190&#8243; size=&#8221;13&#8243; txt_transform=&#8221;none&#8221; margin_bottom=&#8221;0&#8243; font_family=&#8221;none&#8221;]<strong>Durata:\u00a0<\/strong>6 Ore.<br \/>\n<strong>\u200bTrasporto:\u00a0<\/strong>Veicolo privato.<br \/>\n\u00d8resund<br \/>\nDrag\u00f8r[\/mk_fancy_title][\/vc_column_inner][vc_column_inner width=&#8221;1\/6&#8243;][mk_image src=&#8221;http:\/\/visitadinamarca.com\/wp-content\/uploads\/2019\/01\/odense300.jpg&#8221; image_width=&#8221;300&#8243; image_height=&#8221;200&#8243; link=&#8221;http:\/\/visitadinamarca.com\/it\/tutti-i-tours\/odense\/&#8221; crop=&#8221;false&#8221;][mk_fancy_title tag_name=&#8221;h6&#8243; color=&#8221;#939190&#8243; size=&#8221;18&#8243; font_weight=&#8221;bold&#8221; txt_transform=&#8221;uppercase&#8221; margin_bottom=&#8221;0&#8243; font_family=&#8221;none&#8221;]<a title=\"EGESKOV Y ODENSE\" href=\"http:\/\/visitadinamarca.com\/it\/tutti-i-tours\/odense\/\">Odense<\/a>[\/mk_fancy_title][mk_fancy_title tag_name=&#8221;h6&#8243; color=&#8221;#939190&#8243; size=&#8221;13&#8243; txt_transform=&#8221;none&#8221; margin_bottom=&#8221;0&#8243; font_family=&#8221;none&#8221;]<strong>Durata:\u00a0<\/strong>10\u00a0Ore.<br \/>\n<strong>\u200bTrasporto:\u00a0<\/strong>Veicolo privato.<br \/>\nGita al Fiona Open Air Museum e ai posti legati alla vita di H. C. Andersen[\/mk_fancy_title][\/vc_column_inner][\/vc_row_inner][vc_row_inner][vc_column_inner][mk_divider style=&#8221;thin_solid&#8221; margin_top=&#8221;5&#8243;][mk_fancy_title tag_name=&#8221;h6&#8243; color=&#8221;#939190&#8243; size=&#8221;18&#8243; font_weight=&#8221;bold&#8221; font_style=&#8221;inhert&#8221; txt_transform=&#8221;uppercase&#8221; margin_bottom=&#8221;0&#8243; font_family=&#8221;none&#8221;]\n<p><a title=\"Tours personalizados\" href=\"http:\/\/visitadinamarca.com\/tours-personalizados\/\">Dicci cosa volete conoscere e proggeteremo la sua visita in Danimarca.<\/a><\/p>\n[\/mk_fancy_title][mk_padding_divider size=&#8221;25&#8243;][\/vc_column_inner][\/vc_row_inner][\/vc_column][\/mk_page_section][mk_page_section min_height=&#8221;0&#8243; sidebar=&#8221;sidebar-1&#8243; first_page=&#8221;false&#8221; last_page=&#8221;false&#8221;][vc_column offset=&#8221;vc_hidden-lg vc_hidden-xs&#8221;][mk_divider style=&#8221;thin_solid&#8221; margin_top=&#8221;0&#8243; margin_bottom=&#8221;10&#8243;][vc_row_inner][vc_column_inner][mk_fancy_title tag_name=&#8221;h6&#8243; color=&#8221;#686262&#8243; size=&#8221;30&#8243; font_weight=&#8221;300&#8243; font_style=&#8221;inhert&#8221; txt_transform=&#8221;uppercase&#8221; margin_bottom=&#8221;0&#8243; font_family=&#8221;none&#8221;]\n<p>tutti i tours<\/p>\n[\/mk_fancy_title][\/vc_column_inner][\/vc_row_inner][vc_row_inner][vc_column_inner width=&#8221;1\/3&#8243;][mk_image src=&#8221;http:\/\/visitadinamarca.com\/wp-content\/uploads\/2015\/04\/Copenhague-Total300.jpg&#8221; image_width=&#8221;300&#8243; image_height=&#8221;200&#8243; link=&#8221;http:\/\/visitadinamarca.com\/it\/tutti-i-tours\/copenhagen-totale\/&#8221; crop=&#8221;false&#8221;][mk_fancy_title tag_name=&#8221;h6&#8243; color=&#8221;#939190&#8243; size=&#8221;13&#8243; txt_transform=&#8221;none&#8221; margin_bottom=&#8221;0&#8243; font_family=&#8221;none&#8221;]<strong>Durata:<\/strong> 3 Ore.<br \/>\n<strong>\u200bTrasporto:\u00a0<\/strong>Veicolo privato.<br \/>\n<strong>Estensioni:<\/strong><br \/>\nPalazzo\u00a0di Rosenborg<br \/>\nPalazzo\u00a0di Christiansborg<br \/>\nTour per i\u00a0canali[\/mk_fancy_title][mk_fancy_title tag_name=&#8221;h6&#8243; color=&#8221;#939190&#8243; size=&#8221;18&#8243; font_weight=&#8221;bold&#8221; txt_transform=&#8221;uppercase&#8221; margin_bottom=&#8221;0&#8243; font_family=&#8221;none&#8221;]<strong><a title=\"COPENHAGUEN TOTALE\" href=\"http:\/\/visitadinamarca.com\/it\/tutti-i-tours\/copenhagen-totale\/\">Copenaghen Totale<\/a><\/strong>[\/mk_fancy_title][\/vc_column_inner][vc_column_inner width=&#8221;1\/3&#8243;][mk_image src=&#8221;http:\/\/visitadinamarca.com\/wp-content\/uploads\/2015\/04\/Copenhague-a-pie300.jpg&#8221; image_width=&#8221;300&#8243; image_height=&#8221;200&#8243; link=&#8221;http:\/\/visitadinamarca.com\/it\/tutti-i-tours\/copenhague-panoramica\/&#8221; crop=&#8221;false&#8221;][mk_fancy_title tag_name=&#8221;h6&#8243; color=&#8221;#939190&#8243; size=&#8221;18&#8243; font_weight=&#8221;bold&#8221; txt_transform=&#8221;uppercase&#8221; margin_bottom=&#8221;0&#8243; font_family=&#8221;none&#8221;]<strong><a title=\"PANORAMICA DI COPENHAGUEN\" href=\"http:\/\/visitadinamarca.com\/it\/tutti-i-tours\/copenhague-panoramica\/\">Panoramica di Copenaghen<\/a><\/strong>[\/mk_fancy_title][mk_fancy_title tag_name=&#8221;h6&#8243; color=&#8221;#939190&#8243; size=&#8221;13&#8243; txt_transform=&#8221;none&#8221; margin_bottom=&#8221;0&#8243; font_family=&#8221;none&#8221;]<strong>Durata:<\/strong> 3 Ore.<br \/>\n<strong>\u200bTrasporto:\u00a0<\/strong>A piedi.<br \/>\n<strong>Estensioni:<\/strong><br \/>\nPalazzo di\u00a0Rosenborg<br \/>\nPalazzo di\u00a0\u00a0Christiansborg[\/mk_fancy_title][\/vc_column_inner][vc_column_inner width=&#8221;1\/3&#8243;][mk_image src=&#8221;http:\/\/visitadinamarca.com\/wp-content\/uploads\/2015\/04\/CastillosTours300.jpg&#8221; image_width=&#8221;300&#8243; image_height=&#8221;200&#8243; link=&#8221;http:\/\/visitadinamarca.com\/it\/tutti-i-tours\/tour-ai-castelli-del-nord\/&#8221; crop=&#8221;false&#8221;][mk_fancy_title tag_name=&#8221;h6&#8243; color=&#8221;#939190&#8243; size=&#8221;18&#8243; font_weight=&#8221;bold&#8221; font_style=&#8221;inhert&#8221; txt_transform=&#8221;uppercase&#8221; margin_bottom=&#8221;0&#8243; font_family=&#8221;none&#8221;]\n<p><a title=\"TOUR AI CASTELLI DEL NORD\" href=\"http:\/\/visitadinamarca.com\/it\/tutti-i-tours\/tour-ai-castelli-del-nord\/\">Tour ai Castelli del Nord<\/a><\/p>\n[\/mk_fancy_title][mk_fancy_title tag_name=&#8221;h6&#8243; color=&#8221;#939190&#8243; size=&#8221;13&#8243; txt_transform=&#8221;none&#8221; margin_bottom=&#8221;0&#8243; font_family=&#8221;none&#8221;]<strong>Durata:<\/strong>\u00a05 Ore.<br \/>\n<strong>\u200bTrasporto:\u00a0<\/strong>Veicolo privato.<br \/>\nPalazzo di Frederiksborg<br \/>\nPalazzo di\u00a0Kronborg[\/mk_fancy_title][\/vc_column_inner][\/vc_row_inner][vc_row_inner][vc_column_inner width=&#8221;1\/3&#8243;][mk_image src=&#8221;http:\/\/visitadinamarca.com\/wp-content\/uploads\/2015\/04\/Roskilde300.jpg&#8221; image_width=&#8221;300&#8243; image_height=&#8221;200&#8243; link=&#8221;http:\/\/visitadinamarca.com\/it\/tutti-i-tours\/roskilde-e-museo-delle-navi-vichinghe\/&#8221; crop=&#8221;false&#8221;][mk_fancy_title tag_name=&#8221;h6&#8243; color=&#8221;#939190&#8243; size=&#8221;18&#8243; font_weight=&#8221;bold&#8221; font_style=&#8221;inhert&#8221; txt_transform=&#8221;uppercase&#8221; margin_bottom=&#8221;0&#8243; font_family=&#8221;none&#8221;]\n<p><a title=\"ROCSKILDE E MUSEO DELLE NAVI VICHINGHI\" href=\"http:\/\/visitadinamarca.com\/it\/tutti-i-tours\/roskilde-e-museo-delle-navi-vichinghe\/\">Roskilde e Museo Delle Navi Vichinghi<\/a><\/p>\n[\/mk_fancy_title][mk_fancy_title tag_name=&#8221;h6&#8243; color=&#8221;#939190&#8243; size=&#8221;13&#8243; txt_transform=&#8221;none&#8221; margin_bottom=&#8221;0&#8243; font_family=&#8221;none&#8221;]<strong>Durata:\u00a0<\/strong>5 Ore.<br \/>\n<strong>\u200bTrasporto:\u00a0<\/strong>Veicolo privato.<br \/>\nCattedrale di Roskilde<br \/>\nMuseo delle navi Vichinghe[\/mk_fancy_title][\/vc_column_inner][vc_column_inner width=&#8221;1\/3&#8243;][mk_image src=&#8221;http:\/\/visitadinamarca.com\/wp-content\/uploads\/2015\/04\/Malmo300.jpg&#8221; image_width=&#8221;300&#8243; image_height=&#8221;200&#8243; link=&#8221;http:\/\/visitadinamarca.com\/it\/tutti-i-tours\/malmo-tour\/&#8221; crop=&#8221;false&#8221;][mk_fancy_title tag_name=&#8221;h6&#8243; color=&#8221;#939190&#8243; size=&#8221;18&#8243; font_weight=&#8221;bold&#8221; font_style=&#8221;inhert&#8221; txt_transform=&#8221;uppercase&#8221; margin_bottom=&#8221;0&#8243; font_family=&#8221;none&#8221;]\n<p><a title=\"MALM\u00d6 TOUR\" href=\"http:\/\/visitadinamarca.com\/it\/tutti-i-tours\/malmo-tour\/\">Malm\u00f6 Tour<\/a><\/p>\n[\/mk_fancy_title][mk_fancy_title tag_name=&#8221;h6&#8243; color=&#8221;#939190&#8243; size=&#8221;13&#8243; txt_transform=&#8221;none&#8221; margin_bottom=&#8221;0&#8243; font_family=&#8221;none&#8221;]<strong>Durata:\u00a0<\/strong>6 Ore.<br \/>\n<strong>\u200bTrasporto:\u00a0<\/strong>Veicolo privato.<br \/>\n\u00d8resund<br \/>\nDrag\u00f8r[\/mk_fancy_title][\/vc_column_inner][vc_column_inner width=&#8221;1\/3&#8243;][mk_image src=&#8221;http:\/\/visitadinamarca.com\/wp-content\/uploads\/2015\/04\/Odense300.jpg&#8221; image_width=&#8221;300&#8243; image_height=&#8221;200&#8243; link=&#8221;http:\/\/visitadinamarca.com\/it\/tutti-i-tours\/tour-a-egeskov-e-odense\/&#8221; crop=&#8221;false&#8221;][mk_fancy_title tag_name=&#8221;h6&#8243; color=&#8221;#939190&#8243; size=&#8221;18&#8243; font_weight=&#8221;bold&#8221; txt_transform=&#8221;uppercase&#8221; margin_bottom=&#8221;0&#8243; font_family=&#8221;none&#8221;]<a title=\"EGESKOV Y ODENSE\" href=\"http:\/\/visitadinamarca.com\/it\/tutti-i-tours\/odense\/\">Odense<\/a>[\/mk_fancy_title][mk_fancy_title tag_name=&#8221;h6&#8243; color=&#8221;#939190&#8243; size=&#8221;13&#8243; txt_transform=&#8221;none&#8221; margin_bottom=&#8221;0&#8243; font_family=&#8221;none&#8221;]<strong>Durata:\u00a0<\/strong>10\u00a0Ore.<br \/>\n<strong>\u200bTrasporto:\u00a0<\/strong>Veicolo privato.<br \/>\nGita al Fiona Open Air Museum e ai posti legati alla vita di H. C. Andersen[\/mk_fancy_title][\/vc_column_inner][\/vc_row_inner][vc_row_inner][vc_column_inner][mk_divider style=&#8221;thin_solid&#8221; margin_top=&#8221;5&#8243;][mk_fancy_title tag_name=&#8221;h6&#8243; color=&#8221;#939190&#8243; size=&#8221;18&#8243; font_weight=&#8221;bold&#8221; font_style=&#8221;inhert&#8221; txt_transform=&#8221;uppercase&#8221; margin_bottom=&#8221;0&#8243; font_family=&#8221;none&#8221;]\n<p><a title=\"Tours personalizados\" href=\"http:\/\/visitadinamarca.com\/tours-personalizados\/\">Dicci cosa volete conoscere e proggeteremo la sua visita in Danimarca.<\/a><\/p>\n[\/mk_fancy_title][mk_padding_divider size=&#8221;25&#8243;][\/vc_column_inner][\/vc_row_inner][\/vc_column][\/mk_page_section]\n<\/div>","protected":false},"excerpt":{"rendered":"<p>[mk_page_section bg_image=&#8221;http:\/\/visitadinamarca.com\/wp-content\/uploads\/2015\/04\/Malmo1500.jpg&#8221; bg_color=&#8221;#444f76&#8243; bg_position=&#8221;center bottom&#8221; bg_repeat=&#8221;no-repeat&#8221; bg_stretch=&#8221;true&#8221; speed_factor=&#8221;5.5&#8243; bg_gradient=&#8221;left_top&#8221; video_color_mask=&#8221;rgba(0,0,0,0.53)&#8221; gr_end=&#8221;rgba(61,24,0,0.34)&#8221; video_opacity=&#8221;0.4&#8243; min_height=&#8221;300&#8243; full_width=&#8221;true&#8221; padding_top=&#8221;0&#8243; padding_bottom=&#8221;20&#8243; sidebar=&#8221;sidebar-1&#8243; first_page=&#8221;false&#8221; last_page=&#8221;false&#8221; predefined_bg=&#8221;26&#8243;][vc_column][mk_padding_divider size=&#8221;120&#8243;][vc_row_inner][vc_column_inner][mk_fancy_title color=&#8221;#ffffff&#8221; size=&#8221;40&#8243; font_weight=&#8221;900&#8243; font_style=&#8221;inhert&#8221; letter_spacing=&#8221;3&#8243; margin_top=&#8221;20&#8243; margin_bottom=&#8221;0&#8243; font_family=&#8221;none&#8221; align=&#8221;center&#8221;] MALM\u00d6 TOUR [\/mk_fancy_title][mk_fancy_title color=&#8221;#ffffff&#8221; size=&#8221;15&#8243; font_weight=&#8221;bolder&#8221; font_style=&#8221;normal&#8221; txt_transform=&#8221;uppercase&#8221; letter_spacing=&#8221;3&#8243; margin_bottom=&#8221;18&#8243; font_family=&#8221;none&#8221; align=&#8221;center&#8221;] Passeggiata in Svezia visitando 2 citt\u00e1 [\/mk_fancy_title][\/vc_column_inner][\/vc_row_inner][\/vc_column][\/mk_page_section][vc_row][vc_column width=&#8221;1\/6&#8243;][vc_column_text] [\/vc_column_text][\/vc_column][vc_column width=&#8221;2\/3&#8243;][mk_padding_divider][vc_column_text css=&#8221;.vc_custom_1518463963441{margin-bottom: 0px !important;}&#8221;]Malm\u00f6 [&hellip;]<\/p>\n","protected":false},"author":9,"featured_media":0,"parent":1337,"menu_order":0,"comment_status":"open","ping_status":"open","template":"","meta":{"footnotes":""},"class_list":["post-1359","page","type-page","status-publish","hentry"],"_links":{"self":[{"href":"https:\/\/visitadinamarca.com\/it\/wp-json\/wp\/v2\/pages\/1359","targetHints":{"allow":["GET"]}}],"collection":[{"href":"https:\/\/visitadinamarca.com\/it\/wp-json\/wp\/v2\/pages"}],"about":[{"href":"https:\/\/visitadinamarca.com\/it\/wp-json\/wp\/v2\/types\/page"}],"author":[{"embeddable":true,"href":"https:\/\/visitadinamarca.com\/it\/wp-json\/wp\/v2\/users\/9"}],"replies":[{"embeddable":true,"href":"https:\/\/visitadinamarca.com\/it\/wp-json\/wp\/v2\/comments?post=1359"}],"version-history":[{"count":5,"href":"https:\/\/visitadinamarca.com\/it\/wp-json\/wp\/v2\/pages\/1359\/revisions"}],"predecessor-version":[{"id":2750,"href":"https:\/\/visitadinamarca.com\/it\/wp-json\/wp\/v2\/pages\/1359\/revisions\/2750"}],"up":[{"embeddable":true,"href":"https:\/\/visitadinamarca.com\/it\/wp-json\/wp\/v2\/pages\/1337"}],"wp:attachment":[{"href":"https:\/\/visitadinamarca.com\/it\/wp-json\/wp\/v2\/media?parent=1359"}],"curies":[{"name":"wp","href":"https:\/\/api.w.org\/{rel}","templated":true}]}}