{"id":1340,"date":"2015-04-14T00:38:18","date_gmt":"2015-04-14T03:38:18","guid":{"rendered":"http:\/\/visitadinamarca.com\/?page_id=1340"},"modified":"2019-02-18T08:36:01","modified_gmt":"2019-02-18T11:36:01","slug":"copenhagen-totale","status":"publish","type":"page","link":"https:\/\/visitadinamarca.com\/it\/tutti-i-tours\/copenhagen-totale\/","title":{"rendered":"COPENAGHEN TOTALE"},"content":{"rendered":"<div class=\"wpb-content-wrapper\">[mk_page_section bg_image=&#8221;http:\/\/visitadinamarca.com\/wp-content\/uploads\/2015\/03\/Copenhague-Total15001.jpg&#8221; bg_position=&#8221;center center&#8221; bg_repeat=&#8221;no-repeat&#8221; bg_stretch=&#8221;true&#8221; speed_factor=&#8221;5.5&#8243; bg_gradient=&#8221;vertical&#8221; video_color_mask=&#8221;rgba(0,0,0,0.52)&#8221; gr_end=&#8221;rgba(0,0,0,0.34)&#8221; video_opacity=&#8221;0.4&#8243; min_height=&#8221;300&#8243; full_width=&#8221;true&#8221; padding_top=&#8221;0&#8243; padding_bottom=&#8221;20&#8243; sidebar=&#8221;sidebar-1&#8243; first_page=&#8221;false&#8221; last_page=&#8221;false&#8221; predefined_bg=&#8221;26&#8243;][vc_column][mk_padding_divider size=&#8221;120&#8243;][vc_row_inner][vc_column_inner][mk_fancy_title color=&#8221;#ffffff&#8221; size=&#8221;40&#8243; font_weight=&#8221;900&#8243; font_style=&#8221;inhert&#8221; letter_spacing=&#8221;3&#8243; margin_top=&#8221;20&#8243; margin_bottom=&#8221;0&#8243; font_family=&#8221;none&#8221; align=&#8221;center&#8221;]\n<p>COPENAGHEN TOTALE<\/p>\n[\/mk_fancy_title][mk_fancy_title color=&#8221;#ffffff&#8221; size=&#8221;15&#8243; font_weight=&#8221;bolder&#8221; font_style=&#8221;normal&#8221; txt_transform=&#8221;uppercase&#8221; letter_spacing=&#8221;3&#8243; margin_bottom=&#8221;18&#8243; font_family=&#8221;none&#8221; align=&#8221;center&#8221;]\n<p>Visita alla capitale del regno pi\u00f9 antico del mondo<\/p>\n[\/mk_fancy_title][\/vc_column_inner][\/vc_row_inner][\/vc_column][\/mk_page_section][vc_row][vc_column width=&#8221;1\/6&#8243;][vc_column_text]\n[\/vc_column_text][\/vc_column][vc_column width=&#8221;2\/3&#8243;][mk_padding_divider][vc_column_text css=&#8221;.vc_custom_1518462877684{margin-bottom: 0px !important;}&#8221;]<strong>Copenhagen Totale:<\/strong> visita panoramica della capitale del regno pi\u00f9 antico del mondo, una citt\u00e0 ricca di storia e vitalit\u00e0. Qui si pu\u00f2 ammirare la famosa statua della Sirenetta, ispirata nella fiaba di Hans Christian Andersen e simbolo della citt\u00e0; conoscere la fontana ornamentale di Geffion ; il Palazzo Reale di Amalienborg, di stile rococ\u00f2 e residenza invernale della famiglia reale; il porto di Nyhavn, un monumento vivente delle tradizioni marinare con le facciate colorate; la cattedrale protestante, sede del matrimonio reale del principe Frederik e Mary Donaldson; la Vecchia Borsa di Commercio costruita durante il regno del re architetto Cristiano IV, del XVII secolo in stile rinascimentale olandese; il Palazzo di Christiansborg, sede del Parlamento danese; Il Diamante Nero (Royal Library) e i giardini interni; il Parco Tivoli; la Piazza del Municipio; l\u00b4Opera di Copenhagen e tanti altri posti.<\/p>\n<p><strong>Durata:<\/strong> 3\u00a0Ore.<\/p>\n<p><strong>\u200bTrasporto:<\/strong> Veicolo privato.[\/vc_column_text][\/vc_column][vc_column width=&#8221;1\/6&#8243;][mk_padding_divider size=&#8221;45&#8243;][vc_column_text css=&#8221;.vc_custom_1518462413137{margin-bottom: 0px !important;}&#8221;]\n<p style=\"text-align: center; font-size: 10; line-height: 0.5;\">DURATA<\/p>\n<p style=\"text-align: center; font-size: 100px; font-weight: 100; color: #8d2919; line-height: 0.8;\">3<\/p>\n<p style=\"text-align: center; font-size: 10; line-height: 0.8;\">ORE<\/p>\n<div class=\"gmail_default\">\u200b<\/div>\n<h6 style=\"text-align: center;\"><strong>Veicolo privato<\/strong><\/h6>\n[\/vc_column_text][\/vc_column][\/vc_row][vc_row][vc_column width=&#8221;1\/6&#8243;][vc_column_text]\n[\/vc_column_text][\/vc_column][vc_column width=&#8221;2\/3&#8243;][mk_padding_divider size=&#8221;10&#8243;][mk_flexslider image_height=&#8221;500&#8243; image_width=&#8221;1000&#8243; pause_on_hover=&#8221;true&#8221; caption_bg_color=&#8221;#8c8c8c&#8221; caption_color=&#8221;#ffffff&#8221; slides=&#8221;752,755,743,758,765&#8243;][\/vc_column][vc_column width=&#8221;1\/6&#8243;][vc_column_text]\n[\/vc_column_text][\/vc_column][\/vc_row][vc_row padding=&#8221;0&#8243;][vc_column width=&#8221;1\/6&#8243;][vc_column_text]\n[\/vc_column_text][\/vc_column][vc_column width=&#8221;2\/3&#8243;][vc_column_text]<strong>Estensioni della gita panoramica di Copenhagen<\/strong><\/p>\n<p><strong>Palazzo di Rosenborg:<\/strong> Costruito nei primi anni del XVII secolo e ancora pieno di atmosfera medievale, \u00e8 il pi\u00f9 antico palazzo reale di Danimarca. Stile rinascimentale olandese, \u00e9 dove si concentra una ricca collezioni di raffinati gioielli reali, corone e troni dei monarchi, sia per epoca assolutista come elettiva. Circondato da splendidi giardini, \u00e8 il magnifico Palazzo delle Rose, come suggerisce il nome.<\/p>\n<p><strong>Palazzo di Christiansborg:<\/strong> \u00e8 la sede del Parlamento danese. Qui ci sono le sale signorili della Rappresentanza reale, dove la regina Margherita saluta dignitari stranieri, si organizzano e sono concessi i pl\u00e1cets agli ambasciatori accreditati nel paese; anche in mostra presso il Gobelins famosi Grande Auditorium (arazzi) che descrive la storia della Danimarca.<\/p>\n<p><strong>Tour per i canali:<\/strong> La capitale danese \u00e8 ancora pi\u00f9 abbagliante dai suoi corsi d&#8217;acqua. Imperdibile complemento del giro panoramico della citt\u00e0. Percorrere Copenhagen attraverso i canali ci permette di scoprire lo spirito intimo della citt\u00e0 e ci d\u00e0 un&#8217;esperienza interessante e dettagliata di questa metropoli cos\u00ed vincolata alla navigazione, la pesca e il mare.[\/vc_column_text][\/vc_column][vc_column width=&#8221;1\/6&#8243;][vc_column_text]\n[\/vc_column_text][\/vc_column][\/vc_row][mk_page_section min_height=&#8221;0&#8243; sidebar=&#8221;sidebar-1&#8243; first_page=&#8221;false&#8221; last_page=&#8221;false&#8221;][vc_column offset=&#8221;vc_hidden-md vc_hidden-sm&#8221;][mk_divider style=&#8221;padding_space&#8221; margin_top=&#8221;0&#8243; margin_bottom=&#8221;10&#8243;][vc_row_inner][vc_column_inner][mk_fancy_title tag_name=&#8221;h6&#8243; color=&#8221;#686262&#8243; size=&#8221;30&#8243; font_weight=&#8221;300&#8243; font_style=&#8221;inhert&#8221; txt_transform=&#8221;uppercase&#8221; margin_bottom=&#8221;0&#8243; font_family=&#8221;none&#8221;]\n<p>tutti i tours<\/p>\n[\/mk_fancy_title][\/vc_column_inner][\/vc_row_inner][vc_row_inner][vc_column_inner width=&#8221;1\/6&#8243;][mk_image src=&#8221;http:\/\/visitadinamarca.com\/wp-content\/uploads\/2015\/04\/Copenhague-Total300.jpg&#8221; image_width=&#8221;300&#8243; image_height=&#8221;200&#8243; link=&#8221;http:\/\/visitadinamarca.com\/it\/tutti-i-tours\/copenhagen-totale\/&#8221; crop=&#8221;false&#8221;][mk_fancy_title tag_name=&#8221;h6&#8243; color=&#8221;#939190&#8243; size=&#8221;18&#8243; font_weight=&#8221;bold&#8221; txt_transform=&#8221;uppercase&#8221; margin_bottom=&#8221;0&#8243; font_family=&#8221;none&#8221;]<strong><a title=\"COPENHAGUEN TOTALE\" href=\"http:\/\/visitadinamarca.com\/it\/tutti-i-tours\/copenhagen-totale\/\">Copenaghen Totale<\/a><\/strong>[\/mk_fancy_title][mk_fancy_title tag_name=&#8221;h6&#8243; color=&#8221;#939190&#8243; size=&#8221;13&#8243; txt_transform=&#8221;none&#8221; margin_bottom=&#8221;0&#8243; font_family=&#8221;none&#8221;]<strong>Durata:<\/strong> 3 Ore.<br \/>\n<strong>\u200bTrasporto:\u00a0<\/strong>Veicolo privato.<br \/>\n<strong>Estensioni:<\/strong><br \/>\nPalazzo\u00a0di Rosenborg<br \/>\nPalazzo\u00a0di Christiansborg<br \/>\nTour per i\u00a0canali[\/mk_fancy_title][\/vc_column_inner][vc_column_inner width=&#8221;1\/6&#8243;][mk_image src=&#8221;http:\/\/visitadinamarca.com\/wp-content\/uploads\/2015\/04\/Copenhague-a-pie300.jpg&#8221; image_width=&#8221;300&#8243; image_height=&#8221;200&#8243; link=&#8221;http:\/\/visitadinamarca.com\/it\/tutti-i-tours\/copenhague-panoramica\/&#8221; crop=&#8221;false&#8221;][mk_fancy_title tag_name=&#8221;h6&#8243; color=&#8221;#939190&#8243; size=&#8221;18&#8243; font_weight=&#8221;bold&#8221; txt_transform=&#8221;uppercase&#8221; margin_bottom=&#8221;0&#8243; font_family=&#8221;none&#8221;]<strong><a title=\"PANORAMICA DI COPENHAGUEN\" href=\"http:\/\/visitadinamarca.com\/it\/tutti-i-tours\/copenhague-panoramica\/\">Panoramica di Copenaghen<\/a><\/strong>[\/mk_fancy_title][mk_fancy_title tag_name=&#8221;h6&#8243; color=&#8221;#939190&#8243; size=&#8221;13&#8243; txt_transform=&#8221;none&#8221; margin_bottom=&#8221;0&#8243; font_family=&#8221;none&#8221;]<strong>Durata:<\/strong> 3 Ore.<br \/>\n<strong>\u200bTrasporto:\u00a0<\/strong>A piedi.<br \/>\n<strong>Estensioni:<\/strong><br \/>\nPalazzo di\u00a0Rosenborg<br \/>\nPalazzo di\u00a0\u00a0Christiansborg[\/mk_fancy_title][\/vc_column_inner][vc_column_inner width=&#8221;1\/6&#8243;][mk_image src=&#8221;http:\/\/visitadinamarca.com\/wp-content\/uploads\/2015\/04\/CastillosTours300.jpg&#8221; image_width=&#8221;300&#8243; image_height=&#8221;200&#8243; link=&#8221;http:\/\/visitadinamarca.com\/it\/tutti-i-tours\/tour-ai-castelli-del-nord\/&#8221; crop=&#8221;false&#8221;][mk_fancy_title tag_name=&#8221;h6&#8243; color=&#8221;#939190&#8243; size=&#8221;18&#8243; font_weight=&#8221;bold&#8221; font_style=&#8221;inhert&#8221; txt_transform=&#8221;uppercase&#8221; margin_bottom=&#8221;0&#8243; font_family=&#8221;none&#8221;]\n<p><a title=\"TOUR AI CASTELLI DEL NORD\" href=\"http:\/\/visitadinamarca.com\/it\/tutti-i-tours\/tour-ai-castelli-del-nord\/\">Tour ai Castelli del Nord<\/a><\/p>\n[\/mk_fancy_title][mk_fancy_title tag_name=&#8221;h6&#8243; color=&#8221;#939190&#8243; size=&#8221;13&#8243; txt_transform=&#8221;none&#8221; margin_bottom=&#8221;0&#8243; font_family=&#8221;none&#8221;]<strong>Durata:<\/strong>\u00a05 Ore.<br \/>\n<strong>\u200bTrasporto:\u00a0<\/strong>Veicolo privato.<br \/>\nPalazzo di Frederiksborg<br \/>\nPalazzo di\u00a0Kronborg[\/mk_fancy_title][\/vc_column_inner][vc_column_inner width=&#8221;1\/6&#8243;][mk_image src=&#8221;http:\/\/visitadinamarca.com\/wp-content\/uploads\/2015\/04\/Roskilde300.jpg&#8221; image_width=&#8221;300&#8243; image_height=&#8221;200&#8243; link=&#8221;http:\/\/visitadinamarca.com\/it\/tutti-i-tours\/roskilde-e-museo-delle-navi-vichinghe\/&#8221; crop=&#8221;false&#8221;][mk_fancy_title tag_name=&#8221;h6&#8243; color=&#8221;#939190&#8243; size=&#8221;18&#8243; font_weight=&#8221;bold&#8221; font_style=&#8221;inhert&#8221; txt_transform=&#8221;uppercase&#8221; margin_bottom=&#8221;0&#8243; font_family=&#8221;none&#8221;]\n<p><a title=\"ROCSKILDE E MUSEO DELLE NAVI VICHINGHI\" href=\"http:\/\/visitadinamarca.com\/it\/tutti-i-tours\/roskilde-e-museo-delle-navi-vichinghe\/\">Roskilde e Museo Delle Navi Vichinghi<\/a><\/p>\n[\/mk_fancy_title][mk_fancy_title tag_name=&#8221;h6&#8243; color=&#8221;#939190&#8243; size=&#8221;13&#8243; txt_transform=&#8221;none&#8221; margin_bottom=&#8221;0&#8243; font_family=&#8221;none&#8221;]<strong>Durata:\u00a0<\/strong>5 Ore.<br \/>\n<strong>\u200bTrasporto:\u00a0<\/strong>Veicolo privato.<br \/>\nCattedrale di Roskilde<br \/>\nMuseo delle navi Vichinghe[\/mk_fancy_title][\/vc_column_inner][vc_column_inner width=&#8221;1\/6&#8243;][mk_image src=&#8221;http:\/\/visitadinamarca.com\/wp-content\/uploads\/2015\/04\/Malmo300.jpg&#8221; image_width=&#8221;300&#8243; image_height=&#8221;200&#8243; link=&#8221;http:\/\/visitadinamarca.com\/it\/tutti-i-tours\/malmo-tour\/&#8221; crop=&#8221;false&#8221;][mk_fancy_title tag_name=&#8221;h6&#8243; color=&#8221;#939190&#8243; size=&#8221;18&#8243; font_weight=&#8221;bold&#8221; font_style=&#8221;inhert&#8221; txt_transform=&#8221;uppercase&#8221; margin_bottom=&#8221;0&#8243; font_family=&#8221;none&#8221;]\n<p><a title=\"MALM\u00d6 TOUR\" href=\"http:\/\/visitadinamarca.com\/it\/tutti-i-tours\/malmo-tour\/\">Malm\u00f6 Tour<\/a><\/p>\n[\/mk_fancy_title][mk_fancy_title tag_name=&#8221;h6&#8243; color=&#8221;#939190&#8243; size=&#8221;13&#8243; txt_transform=&#8221;none&#8221; margin_bottom=&#8221;0&#8243; font_family=&#8221;none&#8221;]<strong>Durata:\u00a0<\/strong>6 Ore.<br \/>\n<strong>\u200bTrasporto:\u00a0<\/strong>Veicolo privato.<br \/>\n\u00d8resund<br \/>\nDrag\u00f8r[\/mk_fancy_title][\/vc_column_inner][vc_column_inner width=&#8221;1\/6&#8243;][mk_image src=&#8221;http:\/\/visitadinamarca.com\/wp-content\/uploads\/2019\/01\/odense300.jpg&#8221; image_width=&#8221;300&#8243; image_height=&#8221;200&#8243; link=&#8221;http:\/\/visitadinamarca.com\/it\/tutti-i-tours\/odense\/&#8221; crop=&#8221;false&#8221;][mk_fancy_title tag_name=&#8221;h6&#8243; color=&#8221;#939190&#8243; size=&#8221;18&#8243; font_weight=&#8221;bold&#8221; txt_transform=&#8221;uppercase&#8221; margin_bottom=&#8221;0&#8243; font_family=&#8221;none&#8221;]<a title=\"EGESKOV Y ODENSE\" href=\"http:\/\/visitadinamarca.com\/it\/tutti-i-tours\/odense\/\">Odense<\/a>[\/mk_fancy_title][mk_fancy_title tag_name=&#8221;h6&#8243; color=&#8221;#939190&#8243; size=&#8221;13&#8243; txt_transform=&#8221;none&#8221; margin_bottom=&#8221;0&#8243; font_family=&#8221;none&#8221;]<strong>Durata:\u00a0<\/strong>10\u00a0Ore.<br \/>\n<strong>\u200bTrasporto:\u00a0<\/strong>Veicolo privato.<br \/>\nGita al Fiona Open Air Museum e ai posti legati alla vita di H. C. Andersen[\/mk_fancy_title][\/vc_column_inner][\/vc_row_inner][vc_row_inner][vc_column_inner][mk_divider style=&#8221;thin_solid&#8221; margin_top=&#8221;5&#8243;][mk_fancy_title tag_name=&#8221;h6&#8243; color=&#8221;#939190&#8243; size=&#8221;18&#8243; font_weight=&#8221;bold&#8221; font_style=&#8221;inhert&#8221; txt_transform=&#8221;uppercase&#8221; margin_bottom=&#8221;0&#8243; font_family=&#8221;none&#8221;]\n<p><a title=\"Tours personalizados\" href=\"http:\/\/visitadinamarca.com\/tours-personalizados\/\">Dicci cosa volete conoscere e proggeteremo la sua visita in Danimarca.<\/a><\/p>\n[\/mk_fancy_title][mk_padding_divider size=&#8221;25&#8243;][\/vc_column_inner][\/vc_row_inner][\/vc_column][\/mk_page_section][mk_page_section min_height=&#8221;0&#8243; sidebar=&#8221;sidebar-1&#8243; first_page=&#8221;false&#8221; last_page=&#8221;false&#8221;][vc_column offset=&#8221;vc_hidden-lg vc_hidden-xs&#8221;][mk_divider style=&#8221;thin_solid&#8221; margin_top=&#8221;0&#8243; margin_bottom=&#8221;10&#8243;][vc_row_inner][vc_column_inner][mk_fancy_title tag_name=&#8221;h6&#8243; color=&#8221;#686262&#8243; size=&#8221;30&#8243; font_weight=&#8221;300&#8243; font_style=&#8221;inhert&#8221; txt_transform=&#8221;uppercase&#8221; margin_bottom=&#8221;0&#8243; font_family=&#8221;none&#8221;]\n<p>tutti i tours<\/p>\n[\/mk_fancy_title][\/vc_column_inner][\/vc_row_inner][vc_row_inner][vc_column_inner width=&#8221;1\/3&#8243;][mk_image src=&#8221;http:\/\/visitadinamarca.com\/wp-content\/uploads\/2015\/04\/Copenhague-Total300.jpg&#8221; image_width=&#8221;300&#8243; image_height=&#8221;200&#8243; link=&#8221;http:\/\/visitadinamarca.com\/it\/tutti-i-tours\/copenhagen-totale\/&#8221; crop=&#8221;false&#8221;][mk_fancy_title tag_name=&#8221;h6&#8243; color=&#8221;#939190&#8243; size=&#8221;13&#8243; txt_transform=&#8221;none&#8221; margin_bottom=&#8221;0&#8243; font_family=&#8221;none&#8221;]<strong>Durata:<\/strong> 3 Ore.<br \/>\n<strong>\u200bTrasporto:\u00a0<\/strong>Veicolo privato.<br \/>\n<strong>Estensioni:<\/strong><br \/>\nPalazzo\u00a0di Rosenborg<br \/>\nPalazzo\u00a0di Christiansborg<br \/>\nTour per i\u00a0canali[\/mk_fancy_title][mk_fancy_title tag_name=&#8221;h6&#8243; color=&#8221;#939190&#8243; size=&#8221;18&#8243; font_weight=&#8221;bold&#8221; txt_transform=&#8221;uppercase&#8221; margin_bottom=&#8221;0&#8243; font_family=&#8221;none&#8221;]<strong><a title=\"COPENHAGUEN TOTALE\" href=\"http:\/\/visitadinamarca.com\/it\/tutti-i-tours\/copenhagen-totale\/\">Copenaghen Totale<\/a><\/strong>[\/mk_fancy_title][\/vc_column_inner][vc_column_inner width=&#8221;1\/3&#8243;][mk_image src=&#8221;http:\/\/visitadinamarca.com\/wp-content\/uploads\/2015\/04\/Copenhague-a-pie300.jpg&#8221; image_width=&#8221;300&#8243; image_height=&#8221;200&#8243; link=&#8221;http:\/\/visitadinamarca.com\/it\/tutti-i-tours\/copenhague-panoramica\/&#8221; crop=&#8221;false&#8221;][mk_fancy_title tag_name=&#8221;h6&#8243; color=&#8221;#939190&#8243; size=&#8221;18&#8243; font_weight=&#8221;bold&#8221; txt_transform=&#8221;uppercase&#8221; margin_bottom=&#8221;0&#8243; font_family=&#8221;none&#8221;]<strong><a title=\"PANORAMICA DI COPENHAGUEN\" href=\"http:\/\/visitadinamarca.com\/it\/tutti-i-tours\/copenhague-panoramica\/\">Panoramica di Copenaghen<\/a><\/strong>[\/mk_fancy_title][mk_fancy_title tag_name=&#8221;h6&#8243; color=&#8221;#939190&#8243; size=&#8221;13&#8243; txt_transform=&#8221;none&#8221; margin_bottom=&#8221;0&#8243; font_family=&#8221;none&#8221;]<strong>Durata:<\/strong> 3 Ore.<br \/>\n<strong>\u200bTrasporto:\u00a0<\/strong>A piedi.<br \/>\n<strong>Estensioni:<\/strong><br \/>\nPalazzo di\u00a0Rosenborg<br \/>\nPalazzo di\u00a0\u00a0Christiansborg[\/mk_fancy_title][\/vc_column_inner][vc_column_inner width=&#8221;1\/3&#8243;][mk_image src=&#8221;http:\/\/visitadinamarca.com\/wp-content\/uploads\/2015\/04\/CastillosTours300.jpg&#8221; image_width=&#8221;300&#8243; image_height=&#8221;200&#8243; link=&#8221;http:\/\/visitadinamarca.com\/it\/tutti-i-tours\/tour-ai-castelli-del-nord\/&#8221; crop=&#8221;false&#8221;][mk_fancy_title tag_name=&#8221;h6&#8243; color=&#8221;#939190&#8243; size=&#8221;18&#8243; font_weight=&#8221;bold&#8221; font_style=&#8221;inhert&#8221; txt_transform=&#8221;uppercase&#8221; margin_bottom=&#8221;0&#8243; font_family=&#8221;none&#8221;]\n<p><a title=\"TOUR AI CASTELLI DEL NORD\" href=\"http:\/\/visitadinamarca.com\/it\/tutti-i-tours\/tour-ai-castelli-del-nord\/\">Tour ai Castelli del Nord<\/a><\/p>\n[\/mk_fancy_title][mk_fancy_title tag_name=&#8221;h6&#8243; color=&#8221;#939190&#8243; size=&#8221;13&#8243; txt_transform=&#8221;none&#8221; margin_bottom=&#8221;0&#8243; font_family=&#8221;none&#8221;]<strong>Durata:<\/strong>\u00a05 Ore.<br \/>\n<strong>\u200bTrasporto:\u00a0<\/strong>Veicolo privato.<br \/>\nPalazzo di Frederiksborg<br \/>\nPalazzo di\u00a0Kronborg[\/mk_fancy_title][\/vc_column_inner][\/vc_row_inner][vc_row_inner][vc_column_inner width=&#8221;1\/3&#8243;][mk_image src=&#8221;http:\/\/visitadinamarca.com\/wp-content\/uploads\/2015\/04\/Roskilde300.jpg&#8221; image_width=&#8221;300&#8243; image_height=&#8221;200&#8243; link=&#8221;http:\/\/visitadinamarca.com\/it\/tutti-i-tours\/roskilde-e-museo-delle-navi-vichinghe\/&#8221; crop=&#8221;false&#8221;][mk_fancy_title tag_name=&#8221;h6&#8243; color=&#8221;#939190&#8243; size=&#8221;18&#8243; font_weight=&#8221;bold&#8221; font_style=&#8221;inhert&#8221; txt_transform=&#8221;uppercase&#8221; margin_bottom=&#8221;0&#8243; font_family=&#8221;none&#8221;]\n<p><a title=\"ROCSKILDE E MUSEO DELLE NAVI VICHINGHI\" href=\"http:\/\/visitadinamarca.com\/it\/tutti-i-tours\/roskilde-e-museo-delle-navi-vichinghe\/\">Roskilde e Museo Delle Navi Vichinghi<\/a><\/p>\n[\/mk_fancy_title][mk_fancy_title tag_name=&#8221;h6&#8243; color=&#8221;#939190&#8243; size=&#8221;13&#8243; txt_transform=&#8221;none&#8221; margin_bottom=&#8221;0&#8243; font_family=&#8221;none&#8221;]<strong>Durata:\u00a0<\/strong>5 Ore.<br \/>\n<strong>\u200bTrasporto:\u00a0<\/strong>Veicolo privato.<br \/>\nCattedrale di Roskilde<br \/>\nMuseo delle navi Vichinghe[\/mk_fancy_title][\/vc_column_inner][vc_column_inner width=&#8221;1\/3&#8243;][mk_image src=&#8221;http:\/\/visitadinamarca.com\/wp-content\/uploads\/2015\/04\/Malmo300.jpg&#8221; image_width=&#8221;300&#8243; image_height=&#8221;200&#8243; link=&#8221;http:\/\/visitadinamarca.com\/it\/tutti-i-tours\/malmo-tour\/&#8221; crop=&#8221;false&#8221;][mk_fancy_title tag_name=&#8221;h6&#8243; color=&#8221;#939190&#8243; size=&#8221;18&#8243; font_weight=&#8221;bold&#8221; font_style=&#8221;inhert&#8221; txt_transform=&#8221;uppercase&#8221; margin_bottom=&#8221;0&#8243; font_family=&#8221;none&#8221;]\n<p><a title=\"MALM\u00d6 TOUR\" href=\"http:\/\/visitadinamarca.com\/it\/tutti-i-tours\/malmo-tour\/\">Malm\u00f6 Tour<\/a><\/p>\n[\/mk_fancy_title][mk_fancy_title tag_name=&#8221;h6&#8243; color=&#8221;#939190&#8243; size=&#8221;13&#8243; txt_transform=&#8221;none&#8221; margin_bottom=&#8221;0&#8243; font_family=&#8221;none&#8221;]<strong>Durata:\u00a0<\/strong>6 Ore.<br \/>\n<strong>\u200bTrasporto:\u00a0<\/strong>Veicolo privato.<br \/>\n\u00d8resund<br \/>\nDrag\u00f8r[\/mk_fancy_title][\/vc_column_inner][vc_column_inner width=&#8221;1\/3&#8243;][mk_image src=&#8221;http:\/\/visitadinamarca.com\/wp-content\/uploads\/2015\/04\/Odense300.jpg&#8221; image_width=&#8221;300&#8243; image_height=&#8221;200&#8243; link=&#8221;http:\/\/visitadinamarca.com\/it\/tutti-i-tours\/tour-a-egeskov-e-odense\/&#8221; crop=&#8221;false&#8221;][mk_fancy_title tag_name=&#8221;h6&#8243; color=&#8221;#939190&#8243; size=&#8221;18&#8243; font_weight=&#8221;bold&#8221; txt_transform=&#8221;uppercase&#8221; margin_bottom=&#8221;0&#8243; font_family=&#8221;none&#8221;]<a title=\"EGESKOV Y ODENSE\" href=\"http:\/\/visitadinamarca.com\/it\/tutti-i-tours\/odense\/\">Odense<\/a>[\/mk_fancy_title][mk_fancy_title tag_name=&#8221;h6&#8243; color=&#8221;#939190&#8243; size=&#8221;13&#8243; txt_transform=&#8221;none&#8221; margin_bottom=&#8221;0&#8243; font_family=&#8221;none&#8221;]<strong>Durata:\u00a0<\/strong>10\u00a0Ore.<br \/>\n<strong>\u200bTrasporto:\u00a0<\/strong>Veicolo privato.<br \/>\nGita al Fiona Open Air Museum e ai posti legati alla vita di H. C. Andersen[\/mk_fancy_title][\/vc_column_inner][\/vc_row_inner][vc_row_inner][vc_column_inner][mk_divider style=&#8221;thin_solid&#8221; margin_top=&#8221;5&#8243;][mk_fancy_title tag_name=&#8221;h6&#8243; color=&#8221;#939190&#8243; size=&#8221;18&#8243; font_weight=&#8221;bold&#8221; font_style=&#8221;inhert&#8221; txt_transform=&#8221;uppercase&#8221; margin_bottom=&#8221;0&#8243; font_family=&#8221;none&#8221;]\n<p><a title=\"Tours personalizados\" href=\"http:\/\/visitadinamarca.com\/tours-personalizados\/\">Dicci cosa volete conoscere e proggeteremo la sua visita in Danimarca.<\/a><\/p>\n[\/mk_fancy_title][mk_padding_divider size=&#8221;25&#8243;][\/vc_column_inner][\/vc_row_inner][\/vc_column][\/mk_page_section]\n<\/div>","protected":false},"excerpt":{"rendered":"<p>[mk_page_section bg_image=&#8221;http:\/\/visitadinamarca.com\/wp-content\/uploads\/2015\/03\/Copenhague-Total15001.jpg&#8221; bg_position=&#8221;center center&#8221; bg_repeat=&#8221;no-repeat&#8221; bg_stretch=&#8221;true&#8221; speed_factor=&#8221;5.5&#8243; bg_gradient=&#8221;vertical&#8221; video_color_mask=&#8221;rgba(0,0,0,0.52)&#8221; gr_end=&#8221;rgba(0,0,0,0.34)&#8221; video_opacity=&#8221;0.4&#8243; min_height=&#8221;300&#8243; full_width=&#8221;true&#8221; padding_top=&#8221;0&#8243; padding_bottom=&#8221;20&#8243; sidebar=&#8221;sidebar-1&#8243; first_page=&#8221;false&#8221; last_page=&#8221;false&#8221; predefined_bg=&#8221;26&#8243;][vc_column][mk_padding_divider size=&#8221;120&#8243;][vc_row_inner][vc_column_inner][mk_fancy_title color=&#8221;#ffffff&#8221; size=&#8221;40&#8243; font_weight=&#8221;900&#8243; font_style=&#8221;inhert&#8221; letter_spacing=&#8221;3&#8243; margin_top=&#8221;20&#8243; margin_bottom=&#8221;0&#8243; font_family=&#8221;none&#8221; align=&#8221;center&#8221;] COPENAGHEN TOTALE [\/mk_fancy_title][mk_fancy_title color=&#8221;#ffffff&#8221; size=&#8221;15&#8243; font_weight=&#8221;bolder&#8221; font_style=&#8221;normal&#8221; txt_transform=&#8221;uppercase&#8221; letter_spacing=&#8221;3&#8243; margin_bottom=&#8221;18&#8243; font_family=&#8221;none&#8221; align=&#8221;center&#8221;] Visita alla capitale del regno pi\u00f9 antico del mondo [\/mk_fancy_title][\/vc_column_inner][\/vc_row_inner][\/vc_column][\/mk_page_section][vc_row][vc_column width=&#8221;1\/6&#8243;][vc_column_text] [\/vc_column_text][\/vc_column][vc_column width=&#8221;2\/3&#8243;][mk_padding_divider][vc_column_text css=&#8221;.vc_custom_1518462877684{margin-bottom: [&hellip;]<\/p>\n","protected":false},"author":9,"featured_media":0,"parent":1337,"menu_order":0,"comment_status":"open","ping_status":"open","template":"","meta":{"footnotes":""},"class_list":["post-1340","page","type-page","status-publish","hentry"],"_links":{"self":[{"href":"https:\/\/visitadinamarca.com\/it\/wp-json\/wp\/v2\/pages\/1340","targetHints":{"allow":["GET"]}}],"collection":[{"href":"https:\/\/visitadinamarca.com\/it\/wp-json\/wp\/v2\/pages"}],"about":[{"href":"https:\/\/visitadinamarca.com\/it\/wp-json\/wp\/v2\/types\/page"}],"author":[{"embeddable":true,"href":"https:\/\/visitadinamarca.com\/it\/wp-json\/wp\/v2\/users\/9"}],"replies":[{"embeddable":true,"href":"https:\/\/visitadinamarca.com\/it\/wp-json\/wp\/v2\/comments?post=1340"}],"version-history":[{"count":5,"href":"https:\/\/visitadinamarca.com\/it\/wp-json\/wp\/v2\/pages\/1340\/revisions"}],"predecessor-version":[{"id":2739,"href":"https:\/\/visitadinamarca.com\/it\/wp-json\/wp\/v2\/pages\/1340\/revisions\/2739"}],"up":[{"embeddable":true,"href":"https:\/\/visitadinamarca.com\/it\/wp-json\/wp\/v2\/pages\/1337"}],"wp:attachment":[{"href":"https:\/\/visitadinamarca.com\/it\/wp-json\/wp\/v2\/media?parent=1340"}],"curies":[{"name":"wp","href":"https:\/\/api.w.org\/{rel}","templated":true}]}}