{"id":1326,"date":"2015-04-14T00:19:20","date_gmt":"2015-04-14T03:19:20","guid":{"rendered":"http:\/\/visitadinamarca.com\/?page_id=1326"},"modified":"2015-04-20T18:40:14","modified_gmt":"2015-04-20T21:40:14","slug":"azienda","status":"publish","type":"page","link":"https:\/\/visitadinamarca.com\/it\/azienda\/","title":{"rendered":"AZIENDA"},"content":{"rendered":"<div class=\"wpb-content-wrapper\">[vc_row css=&#8221;.vc_custom_1411477992738{background-color: #3098ad !important;}&#8221;][vc_column width=&#8221;1\/1&#8243;][vc_empty_space height=&#8221;30px&#8221;][mk_fancy_title tag_name=&#8221;h2&#8243; style=&#8221;false&#8221; color=&#8221;rgba(77,79,93,0.47)&#8221; size=&#8221;40&#8243; font_weight=&#8221;300&#8243; font_style=&#8221;inhert&#8221; letter_spacing=&#8221;0&#8243; margin_top=&#8221;0&#8243; margin_bottom=&#8221;18&#8243; font_family=&#8221;none&#8221; align=&#8221;left&#8221;]AZIENDA[\/mk_fancy_title][vc_row_inner][vc_column_inner width=&#8221;2\/3&#8243;][vc_column_text disable_pattern=&#8221;true&#8221; align=&#8221;left&#8221; margin_bottom=&#8221;0&#8243;]\n<p style=\"text-align: left;\"><strong>Visita Danimarca\u00a0<\/strong>\u00e9 composta di operatori turistici professionali, ed \u00e8 il risultato di molti anni di esperienza nella gestione di servizi turistici al pi\u00f9 alto livello in Danimarca.<\/p>\n<p style=\"text-align: left;\">Il nostro team di personale qualificato ed entusiasta vi aiuter\u00e0 a scoprire e capire tutte le caratteristiche del paese, di consigliare e guidare nella costruzione di una visita che soddisfi i loro interessi. Noi lavoriamo responsabilmente in modo che nessun dettaglio sia trascurato e che tutto fili liscio durante il viaggio.<\/p>\n<p style=\"text-align: left;\">Desideramo creare un&#8217;esperienza unica per i nostri clienti. Ogni programma \u00e8 progettato per essere il pi\u00f9 fresco, memorabile e rappresentante dei loro bisogni e obiettivi.<\/p>\n<p style=\"text-align: left;\">Siamo pronti ad aiutarvi in ogni modo, dal suo arrivo al porto o trasferimenti aeroportuali, escursioni e sviluppi d\u2019itinerari.<\/p>\n<p style=\"text-align: left;\"><strong>Benvenuti in Danimarca!<\/strong><\/p>\n[\/vc_column_text][vc_empty_space height=&#8221;30px&#8221;][mk_fancy_title tag_name=&#8221;h2&#8243; style=&#8221;false&#8221; color=&#8221;rgba(77,79,93,0.47)&#8221; size=&#8221;40&#8243; font_weight=&#8221;300&#8243; font_style=&#8221;inhert&#8221; letter_spacing=&#8221;0&#8243; margin_top=&#8221;0&#8243; margin_bottom=&#8221;18&#8243; font_family=&#8221;none&#8221; align=&#8221;left&#8221;]DANIMARCA[\/mk_fancy_title][vc_column_text disable_pattern=&#8221;true&#8221; align=&#8221;left&#8221; margin_bottom=&#8221;0&#8243;]<strong>Danimarca,<\/strong> Il suo nome ci porta le immagini dei vichinghi, i racconti di Hans Christian Andersen e la sua famosa Sirenetta, le lunghe notte invernali, un elevato tenore di vita, i mobili di buonissimo livello di avanguardia,\u00a0 la famosa birra Carlsberg, i giocattoli Lego, alcuni dei registi pi\u00f9 famosi\u00a0 al mondo come Lars Von Trier che ci permettono di far vedere e spiegare alcune cose non tanto conosciute di questo piccolo ma anche fantastico e meraviglioso paese.<\/p>\n<p>Sapeva Lei, per esempio che Danimarca malgrado la sua ridotta superficie, se escludiamo la Groenlandia la quale \u00e8 una regione autonoma della Danimarca, ha pi\u00f9 di 7.000 chilometri di costa? E possiede anche pi\u00f9 di 400 isole?<\/p>\n<p>Copenaghen, la sua capitale con soli 570.000 abitanti possiede tre grandiosi palazzi reali ognuno diverso, dall\u2019epoca e con funzioni tutte diverse ma tutti e ognuno di essi lo puo essere visitato; a 30 chilometri si trova Malmo, la terza citt\u00e0 svedese unita a Copenaghen per quella meravigliosa opera d\u2019ingegneria che \u00e8 il ponte sullo stretto del Oresund.<\/p>\n<p>Nei dintorni di Copenaghen ci sono due magnifici palazzi reali, Frederiksberg diventato Museo Nazionale, il castello rinascimentale meglio conservato di tutta l\u2019Europa settentrionale e Kronborg a 4 chilometri dalla costa svedese e dove William Shakespeare ha sceneggiato Hamlet, la pi\u00fa famosa delle sue opere di teatro.<\/p>\n<p>Roskilde, la antica citt\u00e0 capoluogo con la sua stupenda Cattedrale di stile gotico e dichiarata Patrimonio dell\u2019Umanit\u00e0 dove si trovano le tombe della maggioranza dei re danesi.<\/p>\n<p>In questa citt\u00e0\u00a0 troviamo anche il Museo delle Navi vichinghe che ci permettono di conoscere di pi\u00f9 e meglio questi formidabili e temibili marinai i quali navigavano nelle acque\u00a0 dell\u2019Europa e pi\u00f9 in l\u00e0 alla ricerca del bottino e dei tesori.<\/p>\n<p>Per\u00f2 c\u2019\u00e8 ancora di pi\u00f9!!!basta solo avere la mente aperta e la voglia di conoscere molto di pi\u00f9 di questo magnifico paese, la sua gente, le loro abitudini, la sua storia e tutto ci\u00f2 che ha da offrire, <strong>VISITA DANIMARCA!<\/strong><\/p>\n[\/vc_column_text][\/vc_column_inner][vc_column_inner width=&#8221;1\/3&#8243; css=&#8221;.vc_custom_1427457532743{padding-right: 30px !important;padding-left: 30px !important;}&#8221;][mk_fancy_title tag_name=&#8221;h2&#8243; style=&#8221;false&#8221; color=&#8221;#393836&#8243; size=&#8221;12&#8243; font_weight=&#8221;inherit&#8221; font_style=&#8221;inhert&#8221; letter_spacing=&#8221;0&#8243; margin_top=&#8221;40&#8243; margin_bottom=&#8221;20&#8243; font_family=&#8221;none&#8221; align=&#8221;center&#8221; txt_transform=&#8221;none&#8221; animation=&#8221;fade-in&#8221;]CONTATTATECI PER MAGGIORI INFORMAZIONI[\/mk_fancy_title][mk_button dimension=&#8221;flat&#8221; corner_style=&#8221;pointed&#8221; size=&#8221;large&#8221; outline_skin=&#8221;dark&#8221; outline_active_color=&#8221;#ffffff&#8221; outline_hover_color=&#8221;#333333&#8243; bg_color=&#8221;#e30513&#8243; btn_hover_bg=&#8221;#626782&#8243; text_color=&#8221;light&#8221; icon_anim=&#8221;none&#8221; target=&#8221;_self&#8221; align=&#8221;center&#8221; fullwidth=&#8221;false&#8221; button_custom_width=&#8221;0&#8243; margin_top=&#8221;10&#8243; margin_bottom=&#8221;20&#8243; url=&#8221;http:\/\/visitadinamarca.com\/it\/contatto\/&#8221;]CONTATTO[\/mk_button][mk_padding_divider size=&#8221;40&#8243;][mk_padding_divider size=&#8221;40&#8243;][\/vc_column_inner][\/vc_row_inner][\/vc_column][\/vc_row]\n<\/div>","protected":false},"excerpt":{"rendered":"<p>[vc_row css=&#8221;.vc_custom_1411477992738{background-color: #3098ad !important;}&#8221;][vc_column width=&#8221;1\/1&#8243;][vc_empty_space height=&#8221;30px&#8221;][mk_fancy_title tag_name=&#8221;h2&#8243; style=&#8221;false&#8221; color=&#8221;rgba(77,79,93,0.47)&#8221; size=&#8221;40&#8243; font_weight=&#8221;300&#8243; font_style=&#8221;inhert&#8221; letter_spacing=&#8221;0&#8243; margin_top=&#8221;0&#8243; margin_bottom=&#8221;18&#8243; font_family=&#8221;none&#8221; align=&#8221;left&#8221;]AZIENDA[\/mk_fancy_title][vc_row_inner][vc_column_inner width=&#8221;2\/3&#8243;][vc_column_text disable_pattern=&#8221;true&#8221; align=&#8221;left&#8221; margin_bottom=&#8221;0&#8243;] Visita Danimarca\u00a0\u00e9 composta di operatori turistici professionali, ed \u00e8 il risultato di molti anni di esperienza nella gestione di servizi turistici al pi\u00f9 alto livello in Danimarca. Il nostro team di personale qualificato ed [&hellip;]<\/p>\n","protected":false},"author":9,"featured_media":0,"parent":0,"menu_order":0,"comment_status":"open","ping_status":"closed","template":"","meta":{"footnotes":""},"class_list":["post-1326","page","type-page","status-publish","hentry"],"_links":{"self":[{"href":"https:\/\/visitadinamarca.com\/it\/wp-json\/wp\/v2\/pages\/1326","targetHints":{"allow":["GET"]}}],"collection":[{"href":"https:\/\/visitadinamarca.com\/it\/wp-json\/wp\/v2\/pages"}],"about":[{"href":"https:\/\/visitadinamarca.com\/it\/wp-json\/wp\/v2\/types\/page"}],"author":[{"embeddable":true,"href":"https:\/\/visitadinamarca.com\/it\/wp-json\/wp\/v2\/users\/9"}],"replies":[{"embeddable":true,"href":"https:\/\/visitadinamarca.com\/it\/wp-json\/wp\/v2\/comments?post=1326"}],"version-history":[{"count":5,"href":"https:\/\/visitadinamarca.com\/it\/wp-json\/wp\/v2\/pages\/1326\/revisions"}],"predecessor-version":[{"id":1717,"href":"https:\/\/visitadinamarca.com\/it\/wp-json\/wp\/v2\/pages\/1326\/revisions\/1717"}],"wp:attachment":[{"href":"https:\/\/visitadinamarca.com\/it\/wp-json\/wp\/v2\/media?parent=1326"}],"curies":[{"name":"wp","href":"https:\/\/api.w.org\/{rel}","templated":true}]}}