{"id":1311,"date":"2015-04-13T23:58:31","date_gmt":"2015-04-14T02:58:31","guid":{"rendered":"http:\/\/visitadinamarca.com\/?page_id=1311"},"modified":"2024-04-29T10:51:59","modified_gmt":"2024-04-29T13:51:59","slug":"home-2","status":"publish","type":"page","link":"https:\/\/visitadinamarca.com\/it\/","title":{"rendered":"Home"},"content":{"rendered":"<div class=\"wpb-content-wrapper\">[vc_row fullwidth=&#8221;true&#8221; padding=&#8221;0&#8243;][vc_column]<div class=\"avt_masterslider_el \" >\n\t\t<!-- MasterSlider -->\n\t\t<div id=\"P_MS69d63ed602380\" class=\"master-slider-parent ms-parent-id-16\" style=\"\" >\n\n\t\t\t\n\t\t\t<!-- MasterSlider Main -->\n\t\t\t<div id=\"MS69d63ed602380\" class=\"master-slider ms-skin-default\" >\n\t\t\t\t \t\t\t\t \n\n\t\t\t<div  class=\"ms-slide\" data-delay=\"4\" data-fill-mode=\"fill\"   >\n\t\t\t\t\t<img decoding=\"async\" src=\"https:\/\/visitadinamarca.com\/wp-content\/plugins\/masterslider\/public\/assets\/css\/blank.gif\" alt=\"\" title=\"\" data-src=\"https:\/\/visitadinamarca.com\/wp-content\/uploads\/2016\/04\/home1920-18.jpg\" \/>\n\n\t\t\t\t\t<div  class=\"ms-layer  msp-cn-4-30\" style=\"\"    data-duration=\"1562\" data-delay=\"1225\" data-ease=\"easeOutQuint\"                data-offset-x=\"889\" data-offset-y=\"337\" data-origin=\"tl\"   >\nINGLESE<\/div>\n\n\t\t\t\t\t<div  class=\"ms-layer  msp-cn-10-34\" style=\"\"    data-duration=\"1562\" data-delay=\"1225\" data-ease=\"easeOutQuint\"                data-offset-x=\"889\" data-offset-y=\"263\" data-origin=\"tl\"   >\nPORTOGHESE<br \/><br \/><\/div>\n\n\t\t\t\t\t<div  class=\"ms-layer  msp-cn-552-12\" style=\"\"    data-duration=\"2012\" data-delay=\"787\" data-ease=\"easeOutQuint\"                data-offset-x=\"889\" data-offset-y=\"190\" data-origin=\"tl\"   >\nITALIANO<\/div>\n\n\t\t\t\t\t<div  class=\"ms-layer  msp-cn-4-28\" style=\"\"    data-duration=\"2200\" data-delay=\"600\" data-ease=\"easeOutQuint\"                data-offset-x=\"889\" data-offset-y=\"117\" data-origin=\"tl\"   >\nSPAGNOLO<\/div>\n\n\t\t\t\t\t<div  class=\"ms-layer  msp-cn-4-32\" style=\"\"    data-duration=\"1800\" data-delay=\"312\" data-ease=\"easeOutQuint\"                data-offset-x=\"108\" data-offset-y=\"330\" data-origin=\"tl\"   >\nnella sua lingua<\/div>\n\n\t\t\t\t\t<div  class=\"ms-layer  msp-cn-4-9\" style=\"\"    data-duration=\"1800\" data-delay=\"312\" data-ease=\"easeOutQuint\"                data-offset-x=\"108\" data-offset-y=\"270\" data-origin=\"tl\"   >\nufficiali<\/div>\n\n\t\t\t\t\t<div  class=\"ms-layer  msp-cn-10-36\" style=\"\"    data-duration=\"1800\" data-delay=\"312\" data-ease=\"easeOutQuint\"                data-offset-x=\"108\" data-offset-y=\"210\" data-origin=\"tl\"   >\nguide turistiche<\/div>\n\n\t\t\t\t\t<div  class=\"ms-layer  msp-cn-10-33\" style=\"\"    data-duration=\"1800\" data-delay=\"312\" data-ease=\"easeOutQuint\"                data-offset-x=\"108\" data-offset-y=\"90\" data-origin=\"tl\"   >\ntours\u00a0privati<br \/>ed esclusivi<\/div>\n\n\n\t\t\t\t<\/div>\n\t\t\t<div  class=\"ms-slide\" data-delay=\"2\" data-fill-mode=\"fill\"   >\n\t\t\t\t\t<img decoding=\"async\" src=\"https:\/\/visitadinamarca.com\/wp-content\/plugins\/masterslider\/public\/assets\/css\/blank.gif\" alt=\"\" title=\"\" data-src=\"https:\/\/visitadinamarca.com\/wp-content\/uploads\/2016\/04\/home1920-6.jpg\" \/>\n\n\t\t\t\t\t<div  class=\"ms-layer  msp-cn-4-31\" style=\"\"    data-duration=\"2262\" data-delay=\"737\" data-ease=\"easeOutQuint\"                data-offset-x=\"110\" data-offset-y=\"252\" data-origin=\"tl\"   >\nPERSONALIZZATI<\/div>\n\n\t\t\t\t\t<div  class=\"ms-layer  msp-cn-10-35\" style=\"\"    data-duration=\"2262\" data-delay=\"737\" data-ease=\"easeOutQuint\"                data-offset-x=\"110\" data-offset-y=\"192\" data-origin=\"tl\"   >\nPRIVATI E<\/div>\n\n\t\t\t\t\t<div  class=\"ms-layer  msp-cn-4-26\" style=\"\"    data-duration=\"1262\" data-delay=\"462\" data-ease=\"easeOutQuint\"                data-offset-x=\"108\" data-offset-y=\"122\" data-origin=\"tl\"   >\nTOURS<\/div>\n\n\n\t\t\t\t<\/div>\n\t\t\t<div  class=\"ms-slide\" data-delay=\"2\" data-fill-mode=\"fill\"   >\n\t\t\t\t\t<img decoding=\"async\" src=\"https:\/\/visitadinamarca.com\/wp-content\/plugins\/masterslider\/public\/assets\/css\/blank.gif\" alt=\"\" title=\"\" data-src=\"https:\/\/visitadinamarca.com\/wp-content\/uploads\/2016\/04\/home1920-1.jpg\" \/>\n\n\t\t\t\t\t<div  class=\"ms-layer  msp-cn-4-22\" style=\"\"      data-ease=\"easeOutQuint\"                data-offset-x=\"108\" data-offset-y=\"379\" data-origin=\"tl\"   >\nIN BUONA COMPAGNIA<\/div>\n\n\n\t\t\t\t<\/div>\n\t\t\t<div  class=\"ms-slide\" data-delay=\"2\" data-fill-mode=\"fill\"   >\n\t\t\t\t\t<img decoding=\"async\" src=\"https:\/\/visitadinamarca.com\/wp-content\/plugins\/masterslider\/public\/assets\/css\/blank.gif\" alt=\"\" title=\"\" data-src=\"https:\/\/visitadinamarca.com\/wp-content\/uploads\/2019\/02\/1400x696-4-1.jpg\" \/>\n\n\t\t\t\t\t<div  class=\"ms-layer  msp-cn-552-7\" style=\"\"    data-duration=\"612\" data-delay=\"550\" data-ease=\"easeOutQuint\"                data-offset-x=\"201\" data-offset-y=\"211\" data-origin=\"tl\"   >\nIN DANIMARCA<\/div>\n\n\t\t\t\t\t<div  class=\"ms-layer  msp-cn-552-4\" style=\"\"    data-duration=\"987\" data-delay=\"212\" data-ease=\"easeOutQuint\"                data-offset-x=\"201\" data-offset-y=\"136\" data-origin=\"tl\"   >\nBENVENUTTI<\/div>\n\n\n\t\t\t\t<\/div>\n\t\t\t<div  class=\"ms-slide\" data-delay=\"2\" data-fill-mode=\"fill\"   >\n\t\t\t\t\t<img decoding=\"async\" src=\"https:\/\/visitadinamarca.com\/wp-content\/plugins\/masterslider\/public\/assets\/css\/blank.gif\" alt=\"\" title=\"\" data-src=\"https:\/\/visitadinamarca.com\/wp-content\/uploads\/2019\/02\/1400x696-2-3.jpg\" \/>\n\n\t\t\t\t\t<div  class=\"ms-layer  msp-cn-16-42\" style=\"\"    data-duration=\"612\" data-delay=\"550\" data-ease=\"easeOutQuint\"                data-offset-x=\"201\" data-offset-y=\"211\" data-origin=\"tl\"   >\nIN DANIMARCA<\/div>\n\n\t\t\t\t\t<div  class=\"ms-layer  msp-cn-16-41\" style=\"\"    data-duration=\"987\" data-delay=\"212\" data-ease=\"easeOutQuint\"                data-offset-x=\"201\" data-offset-y=\"136\" data-origin=\"tl\"   >\nBENVENUTTI<\/div>\n\n\n\t\t\t\t<\/div>\n\t\t\t<div  class=\"ms-slide\" data-delay=\"2\" data-fill-mode=\"fill\"   >\n\t\t\t\t\t<img decoding=\"async\" src=\"https:\/\/visitadinamarca.com\/wp-content\/plugins\/masterslider\/public\/assets\/css\/blank.gif\" alt=\"\" title=\"\" data-src=\"https:\/\/visitadinamarca.com\/wp-content\/uploads\/2016\/04\/home1920-7.jpg\" \/>\n\n\t\t\t\t\t<div  class=\"ms-layer  msp-cn-16-40\" style=\"\"    data-duration=\"612\" data-delay=\"550\" data-ease=\"easeOutQuint\"                data-offset-x=\"201\" data-offset-y=\"211\" data-origin=\"tl\"   >\nIN DANIMARCA<\/div>\n\n\t\t\t\t\t<div  class=\"ms-layer  msp-cn-16-39\" style=\"\"    data-duration=\"987\" data-delay=\"212\" data-ease=\"easeOutQuint\"                data-offset-x=\"201\" data-offset-y=\"136\" data-origin=\"tl\"   >\nBENVENUTTI<\/div>\n\n\n\t\t\t\t<\/div>\n\t\t\t<div  class=\"ms-slide\" data-delay=\"2\" data-fill-mode=\"fill\"   >\n\t\t\t\t\t<img decoding=\"async\" src=\"https:\/\/visitadinamarca.com\/wp-content\/plugins\/masterslider\/public\/assets\/css\/blank.gif\" alt=\"\" title=\"\" data-src=\"https:\/\/visitadinamarca.com\/wp-content\/uploads\/2019\/02\/1400x696-6.jpg\" \/>\n\n\t\t\t\t\t<div  class=\"ms-layer  msp-cn-16-38\" style=\"\"    data-duration=\"612\" data-delay=\"550\" data-ease=\"easeOutQuint\"                data-offset-x=\"201\" data-offset-y=\"211\" data-origin=\"tl\"   >\nIN DANIMARCA<\/div>\n\n\t\t\t\t\t<div  class=\"ms-layer  msp-cn-16-37\" style=\"\"    data-duration=\"987\" data-delay=\"212\" data-ease=\"easeOutQuint\"                data-offset-x=\"201\" data-offset-y=\"136\" data-origin=\"tl\"   >\nBENVENUTTI<\/div>\n\n\n\t\t\t\t<\/div>\n\n\t\t\t<\/div>\n\t\t\t<!-- END MasterSlider Main -->\n\n\t\t\t \n\t\t<\/div>\n\t\t<!-- END MasterSlider -->\n\n\t\t<script>\n\t\t( window.MSReady = window.MSReady || [] ).push( function( $ ) {\n\n\t\t\t\"use strict\";\n\t\t\tvar masterslider_2380 = new MasterSlider();\n\n\t\t\t\/\/ slider controls\n\t\t\tmasterslider_2380.control('arrows'     ,{ autohide:true, overVideo:true  });\n\t\t\tmasterslider_2380.control('bullets'    ,{ autohide:true, overVideo:false, dir:'h', align:'bottom', space:20 , margin:10  });\n\t\t\t\/\/ slider setup\n\t\t\tmasterslider_2380.setup(\"MS69d63ed602380\", {\n\t\t\t\twidth           : 1437,\n\t\t\t\theight          : 500,\n\t\t\t\tminHeight       : 0,\n\t\t\t\tspace           : 0,\n\t\t\t\tstart           : 1,\n\t\t\t\tgrabCursor      : true,\n\t\t\t\tswipe           : true,\n\t\t\t\tmouse           : true,\n\t\t\t\tkeyboard        : false,\n\t\t\t\tlayout          : \"fillwidth\",\n\t\t\t\twheel           : false,\n\t\t\t\tautoplay        : true,\n                instantStartLayers:true,\n\t\t\t\tmobileBGVideo:false,\n\t\t\t\tloop            : true,\n\t\t\t\tshuffle         : false,\n\t\t\t\tpreload         : 3,\n\t\t\t\theightLimit     : true,\n\t\t\t\tautoHeight      : false,\n\t\t\t\tsmoothHeight    : true,\n\t\t\t\tendPause        : false,\n\t\t\t\toverPause       : true,\n\t\t\t\tfillMode        : \"fill\",\n\t\t\t\tcenterControls  : false,\n\t\t\t\tstartOnAppear   : false,\n\t\t\t\tlayersMode      : \"center\",\n\t\t\t\tautofillTarget  : \"\",\n\t\t\t\thideLayers      : false,\n\t\t\t\tfullscreenMargin: 0,\n\t\t\t\tspeed           : 60,\n\t\t\t\tdir             : \"h\",\n\t\t\t\tresponsive      : true,\n\t\t\t\ttabletWidth     : 768,\n\t\t\t\ttabletHeight    : null,\n\t\t\t\tphoneWidth      : 480,\n\t\t\t\tphoneHeight    : null,\n\t\t\t\tsizingReference : window,\n\t\t\t\tview            : \"fade\"\n\t\t\t});\n\n\t\t\t\n\t\t\twindow.masterslider_instances = window.masterslider_instances || [];\n\t\t\twindow.masterslider_instances.push( masterslider_2380 );\n\t\t});\n\t\t<\/script>\n\n<\/div>[\/vc_column][\/vc_row][vc_row][vc_column offset=&#8221;vc_hidden-xs&#8221;][mk_padding_divider size=&#8221;25&#8243;][mk_fancy_title color=&#8221;rgba(8,34,81,0.75)&#8221; size=&#8221;34&#8243; font_weight=&#8221;900&#8243; font_style=&#8221;inhert&#8221; letter_spacing=&#8221;1&#8243; margin_top=&#8221;10&#8243; margin_bottom=&#8221;0&#8243; font_family=&#8221;none&#8221;]\n<p>VISITA DANIMARCA CON NOI<\/p>\n[\/mk_fancy_title][mk_fancy_title color=&#8221;#393836&#8243; size=&#8221;16&#8243; font_weight=&#8221;normal&#8221; font_style=&#8221;inhert&#8221; txt_transform=&#8221;none&#8221; margin_bottom=&#8221;18&#8243; font_family=&#8221;none&#8221;]Il nostro team di guide qualificate vi aiuter\u00e0 a scoprire e capire tutte le possibilit\u00e0 del paese.<\/p>\n<p>Ogni tour \u00e8 progettato su misura per essere fresco, memorabile e rappresentante dei vostri bisogni e obiettivi.[\/mk_fancy_title][\/vc_column][\/vc_row][vc_row][vc_column offset=&#8221;vc_hidden-lg vc_hidden-md vc_hidden-sm&#8221;][mk_padding_divider size=&#8221;25&#8243;][mk_fancy_title color=&#8221;rgba(8,34,81,0.75)&#8221; size=&#8221;20&#8243; font_weight=&#8221;900&#8243; font_style=&#8221;inhert&#8221; letter_spacing=&#8221;1&#8243; margin_top=&#8221;10&#8243; margin_bottom=&#8221;0&#8243; font_family=&#8221;none&#8221;]\n<p>VISITA\u00a0DINAMARCA CON NOI<\/p>\n[\/mk_fancy_title][mk_fancy_title color=&#8221;#393836&#8243; size=&#8221;16&#8243; font_weight=&#8221;normal&#8221; font_style=&#8221;inhert&#8221; txt_transform=&#8221;none&#8221; margin_bottom=&#8221;18&#8243; font_family=&#8221;none&#8221;]Il nostro team di guide qualificate vi aiuter\u00e0 a scoprire e capire tutte le possibilit\u00e0 del paese.<\/p>\n<p>Ogni tour \u00e8 progettato su misura per essere fresco, memorabile e rappresentante dei vostri bisogni e obiettivi.[\/mk_fancy_title][\/vc_column][\/vc_row][vc_row id=&#8221;traslados-privados&#8221;][vc_column width=&#8221;1\/4&#8243;][mk_image src=&#8221;http:\/\/visitadinamarca.com\/wp-content\/uploads\/2015\/04\/tours2.png&#8221; image_width=&#8221;182&#8243; image_height=&#8221;182&#8243; link=&#8221;http:\/\/visitadinamarca.com\/it\/tutti-i-tours\/&#8221; align=&#8221;center&#8221; animation=&#8221;bottom-to-top&#8221; crop=&#8221;false&#8221;][mk_padding_divider][\/vc_column][vc_column width=&#8221;1\/4&#8243;][mk_image src=&#8221;http:\/\/visitadinamarca.com\/wp-content\/uploads\/2015\/04\/luoghi1.png&#8221; image_width=&#8221;182&#8243; image_height=&#8221;182&#8243; link=&#8221;http:\/\/visitadinamarca.com\/it\/galleria\/&#8221; align=&#8221;center&#8221; animation=&#8221;bottom-to-top&#8221; crop=&#8221;false&#8221;][mk_padding_divider][\/vc_column][vc_column width=&#8221;1\/4&#8243;][mk_image src=&#8221;http:\/\/visitadinamarca.com\/wp-content\/uploads\/2015\/04\/tours-su-misura1.png&#8221; image_width=&#8221;182&#8243; image_height=&#8221;182&#8243; link=&#8221;http:\/\/visitadinamarca.com\/it\/tours-personalizzati\/&#8221; align=&#8221;center&#8221; animation=&#8221;bottom-to-top&#8221; crop=&#8221;false&#8221;][mk_padding_divider][\/vc_column][vc_column width=&#8221;1\/4&#8243;][mk_image src=&#8221;http:\/\/visitadinamarca.com\/wp-content\/uploads\/2018\/02\/transfers-privati.png&#8221; image_width=&#8221;182&#8243; image_height=&#8221;182&#8243; link=&#8221;#traslados-privados&#8221; align=&#8221;center&#8221; animation=&#8221;bottom-to-top&#8221; crop=&#8221;false&#8221;][mk_padding_divider][\/vc_column][\/vc_row][vc_row id=&#8221;traslados-privados&#8221;][vc_column][mk_fancy_title color=&#8221;rgba(8,34,81,0.75)&#8221; size=&#8221;34&#8243; force_font_size=&#8221;true&#8221; size_phone=&#8221;24&#8243; font_weight=&#8221;900&#8243; letter_spacing=&#8221;1&#8243; margin_top=&#8221;10&#8243; margin_bottom=&#8221;0&#8243; font_family=&#8221;none&#8221;]\n<div>PRENOTA IL TUO TRASFERIMENTO<\/div>\n[\/mk_fancy_title][mk_fancy_title color=&#8221;#393836&#8243; size=&#8221;16&#8243; txt_transform=&#8221;none&#8221; margin_bottom=&#8221;18&#8243; font_family=&#8221;none&#8221;]\n<p id=\"m_-6819141476579778819fancy-title-21\" class=\"m_-6819141476579778819mk-fancy-title m_-6819141476579778819simple-style m_-6819141476579778819color-single\">Il nostro team effettua i seguenti trasferimenti:<\/p>\n[\/mk_fancy_title][vc_row_inner][vc_column_inner width=&#8221;1\/3&#8243;][mk_fancy_title color=&#8221;#4f4f4f&#8221; size=&#8221;20&#8243; font_weight=&#8221;400&#8243; letter_spacing=&#8221;1&#8243; margin_top=&#8221;10&#8243; margin_bottom=&#8221;0&#8243; font_family=&#8221;none&#8221; align=&#8221;center&#8221;]AEROPORTO &lt;-&gt; HOTEL[\/mk_fancy_title][\/vc_column_inner][vc_column_inner width=&#8221;1\/3&#8243;][mk_fancy_title color=&#8221;#4f4f4f&#8221; size=&#8221;20&#8243; font_weight=&#8221;400&#8243; letter_spacing=&#8221;1&#8243; margin_top=&#8221;10&#8243; margin_bottom=&#8221;0&#8243; font_family=&#8221;none&#8221; align=&#8221;center&#8221;]HOTEL &lt;-&gt; PORTO[\/mk_fancy_title][\/vc_column_inner][vc_column_inner width=&#8221;1\/3&#8243;][mk_fancy_title color=&#8221;#4f4f4f&#8221; size=&#8221;20&#8243; font_weight=&#8221;400&#8243; letter_spacing=&#8221;1&#8243; margin_top=&#8221;10&#8243; margin_bottom=&#8221;0&#8243; font_family=&#8221;none&#8221; align=&#8221;center&#8221;]PORTO &lt;-&gt; AEROPORTO[\/mk_fancy_title][\/vc_column_inner][\/vc_row_inner][mk_padding_divider size=&#8221;25&#8243;][\/vc_column][\/vc_row][vc_row][vc_column width=&#8221;1\/6&#8243;][\/vc_column][vc_column width=&#8221;1\/6&#8243;][\/vc_column][vc_column width=&#8221;1\/6&#8243;][\/vc_column][vc_column width=&#8221;1\/6&#8243;][mk_padding_divider size=&#8221;50&#8243;][\/vc_column][vc_column width=&#8221;1\/6&#8243;][\/vc_column][vc_column width=&#8221;1\/6&#8243;][\/vc_column][\/vc_row]\n<\/div>","protected":false},"excerpt":{"rendered":"<p>[vc_row fullwidth=&#8221;true&#8221; padding=&#8221;0&#8243;][vc_column][\/vc_column][\/vc_row][vc_row][vc_column offset=&#8221;vc_hidden-xs&#8221;][mk_padding_divider size=&#8221;25&#8243;][mk_fancy_title color=&#8221;rgba(8,34,81,0.75)&#8221; size=&#8221;34&#8243; font_weight=&#8221;900&#8243; font_style=&#8221;inhert&#8221; letter_spacing=&#8221;1&#8243; margin_top=&#8221;10&#8243; margin_bottom=&#8221;0&#8243; font_family=&#8221;none&#8221;] VISITA DANIMARCA CON NOI [\/mk_fancy_title][mk_fancy_title color=&#8221;#393836&#8243; size=&#8221;16&#8243; font_weight=&#8221;normal&#8221; font_style=&#8221;inhert&#8221; txt_transform=&#8221;none&#8221; margin_bottom=&#8221;18&#8243; font_family=&#8221;none&#8221;]Il nostro team di guide qualificate vi aiuter\u00e0 a scoprire e capire tutte le possibilit\u00e0 del paese. Ogni tour \u00e8 progettato su misura per essere fresco, memorabile e rappresentante dei vostri [&hellip;]<\/p>\n","protected":false},"author":9,"featured_media":0,"parent":0,"menu_order":0,"comment_status":"open","ping_status":"open","template":"","meta":{"footnotes":""},"class_list":["post-1311","page","type-page","status-publish","hentry"],"_links":{"self":[{"href":"https:\/\/visitadinamarca.com\/it\/wp-json\/wp\/v2\/pages\/1311","targetHints":{"allow":["GET"]}}],"collection":[{"href":"https:\/\/visitadinamarca.com\/it\/wp-json\/wp\/v2\/pages"}],"about":[{"href":"https:\/\/visitadinamarca.com\/it\/wp-json\/wp\/v2\/types\/page"}],"author":[{"embeddable":true,"href":"https:\/\/visitadinamarca.com\/it\/wp-json\/wp\/v2\/users\/9"}],"replies":[{"embeddable":true,"href":"https:\/\/visitadinamarca.com\/it\/wp-json\/wp\/v2\/comments?post=1311"}],"version-history":[{"count":5,"href":"https:\/\/visitadinamarca.com\/it\/wp-json\/wp\/v2\/pages\/1311\/revisions"}],"predecessor-version":[{"id":2796,"href":"https:\/\/visitadinamarca.com\/it\/wp-json\/wp\/v2\/pages\/1311\/revisions\/2796"}],"wp:attachment":[{"href":"https:\/\/visitadinamarca.com\/it\/wp-json\/wp\/v2\/media?parent=1311"}],"curies":[{"name":"wp","href":"https:\/\/api.w.org\/{rel}","templated":true}]}}